{"id":9512,"date":"2020-12-08T00:23:28","date_gmt":"2020-12-07T23:23:28","guid":{"rendered":"https:\/\/www.interpeace.org\/?page_id=9512"},"modified":"2025-02-17T21:06:59","modified_gmt":"2025-02-17T20:06:59","slug":"principles-for-peace","status":"publish","type":"page","link":"https:\/\/www.interpeace.org\/fr\/principles-for-peace\/","title":{"rendered":"Principes pour la paix"},"content":{"rendered":"<h2 style=\"text-align: left;\">Une nouvelle voie vers la paix durable<\/h2>\n<p>Les Principes pour la paix sont une initiative participative mondiale visant \u00e0 repenser la mani\u00e8re actuelle, \u00e9troite, exclusive et imparfaite dont les processus de paix sont compris et mis en \u0153uvre. Principes pour la paix est un effort collectif visant \u00e0 \u00e9laborer un nouvel ensemble de principes qui a pour but de mieux permettre aux acteurs locaux, nationaux et internationaux de concevoir des approches plus inclusives qui auront comme r\u00e9sultat une paix durable \u00e0 long terme.<\/p>\n<p><iframe loading=\"lazy\" title=\"Peace, What Peace, Whose Peace?\" src=\"https:\/\/player.vimeo.com\/video\/490878014?dnt=1&amp;app_id=122963\" width=\"500\" height=\"281\" frameborder=\"0\" allow=\"autoplay; fullscreen; picture-in-picture; clipboard-write; encrypted-media\"><\/iframe><\/p>\n<hr \/>\n<h3 style=\"text-align: left;\">Plateforme des parties prenantes<\/h3>\n<p>La plateforme des parties prenantes (SP) rassemble des repr\u00e9sentants d'organisations locales, r\u00e9gionales et internationales, d'instituts de recherche, de gouvernements, d'entit\u00e9s du secteur priv\u00e9 et d'autres r\u00e9seaux pertinents.<br \/>\nLa plateforme des parties prenantes accompagnera la Commission internationale pour une paix inclusive (ICIP) tout au long de son mandat et de l'\u00e9laboration des principes pour la paix. Elle fournira \u00e0 l'ICIP une caisse de r\u00e9sonance, un v\u00e9hicule pour un travail de sensibilisation et de promotion plus approfondi.<\/p>\n<p><a href=\"https:\/\/interpeace.us11.list-manage.com\/subscribe?u=8db1d3578ca5ca63575cb0d6c&amp;id=cda50a22a3\"><img loading=\"lazy\" decoding=\"async\" class=\"alignnone wp-image-10375\" src=\"https:\/\/www.interpeace.org\/wp-content\/uploads\/2021\/06\/P4P_01_A_1.png\" alt=\"\" width=\"318\" height=\"45\" srcset=\"https:\/\/www.interpeace.org\/wp-content\/uploads\/2021\/06\/P4P_01_A_1.png 1001w, https:\/\/www.interpeace.org\/wp-content\/uploads\/2021\/06\/P4P_01_A_1-768x58.png 768w, https:\/\/www.interpeace.org\/wp-content\/uploads\/2021\/06\/P4P_01_A_1-16x1.png 16w, https:\/\/www.interpeace.org\/wp-content\/uploads\/2021\/06\/P4P_01_A_1-500x38.png 500w\" sizes=\"auto, (max-width: 318px) 100vw, 318px\" \/><\/a><\/p>\n<hr \/>\n<h3>Commission internationale<\/h3>\n<p>La Commission internationale ind\u00e9pendante pour une paix inclusive se compose d'un groupe diversifi\u00e9 d'experts et de dirigeants \u00e9minents qui rassemblent des politiques, des pratiques, des exp\u00e9riences sur le terrain et un leadership politique de haut niveau. Elle dirigera un processus participatif mondial visant \u00e0 \u00e9laborer des principes pour parvenir \u00e0 une paix durable. La Commission s'appuiera sur des recherches de pointe, des consultations participatives et l'engagement du public pour repenser fondamentalement et remodeler les processus de paix dans le monde.<br \/>\n<\/p>\n<hr \/>\n<p><a href=\"https:\/\/www.principlesforpeace.org\/\"><img loading=\"lazy\" decoding=\"async\" class=\"alignnone wp-image-10376\" src=\"https:\/\/www.interpeace.org\/wp-content\/uploads\/2021\/06\/P4P_02_B.png\" alt=\"\" width=\"409\" height=\"44\" srcset=\"https:\/\/www.interpeace.org\/wp-content\/uploads\/2021\/06\/P4P_02_B.png 1001w, https:\/\/www.interpeace.org\/wp-content\/uploads\/2021\/06\/P4P_02_B-768x58.png 768w, https:\/\/www.interpeace.org\/wp-content\/uploads\/2021\/06\/P4P_02_B-16x1.png 16w, https:\/\/www.interpeace.org\/wp-content\/uploads\/2021\/06\/P4P_02_B-500x38.png 500w\" sizes=\"auto, (max-width: 409px) 100vw, 409px\" \/><\/a><\/p>\n<p><a href=\"https:\/\/www.principlesforpeace.org\/\"><img loading=\"lazy\" decoding=\"async\" class=\"alignnone wp-image-10378 size-full\" src=\"https:\/\/www.interpeace.org\/wp-content\/uploads\/2021\/06\/P4P_Header@1.5x.png\" alt=\"\" width=\"1500\" height=\"248\" srcset=\"https:\/\/www.interpeace.org\/wp-content\/uploads\/2021\/06\/P4P_Header@1.5x.png 1500w, https:\/\/www.interpeace.org\/wp-content\/uploads\/2021\/06\/P4P_Header@1.5x-768x127.png 768w, https:\/\/www.interpeace.org\/wp-content\/uploads\/2021\/06\/P4P_Header@1.5x-16x3.png 16w, https:\/\/www.interpeace.org\/wp-content\/uploads\/2021\/06\/P4P_Header@1.5x-500x83.png 500w\" sizes=\"auto, (max-width: 1500px) 100vw, 1500px\" \/><\/a><\/p>\n<p>&nbsp;<\/p>","protected":false},"excerpt":{"rendered":"<p>A new path to lasting peace The Principles for Peace is a global participatory initiative to re-frame the current narrow, exclusionary, and flawed way peace processes are understood and implemented. Principles for Peace is a collective effort to develop a new set of principles to better enable local, national and international actors to craft more [&hellip;]<\/p>\n","protected":false},"author":1,"featured_media":17242,"parent":0,"menu_order":177,"comment_status":"closed","ping_status":"closed","template":"","meta":{"_acf_changed":false,"_editorskit_title_hidden":false,"_editorskit_reading_time":0,"_editorskit_is_block_options_detached":false,"_editorskit_block_options_position":"{}","editor_plus_copied_stylings":"{}","_exactmetrics_skip_tracking":false,"_exactmetrics_sitenote_active":false,"_exactmetrics_sitenote_note":"","_exactmetrics_sitenote_category":0,"footnotes":"","_links_to":"","_links_to_target":""},"categories":[],"tags":[],"class_list":["post-9512","page","type-page","status-publish","has-post-thumbnail","hentry"],"acf":[],"yoast_head":"<!-- This site is optimized with the Yoast SEO Premium plugin v27.2 (Yoast SEO v27.2) - https:\/\/yoast.com\/product\/yoast-seo-premium-wordpress\/ -->\n<title>Principles for Peace - Interpeace<\/title>\n<meta name=\"robots\" content=\"index, follow, max-snippet:-1, max-image-preview:large, max-video-preview:-1\" \/>\n<link rel=\"canonical\" href=\"https:\/\/www.interpeace.org\/fr\/principles-for-peace\/\" \/>\n<meta property=\"og:locale\" content=\"fr_FR\" \/>\n<meta property=\"og:type\" content=\"article\" \/>\n<meta property=\"og:title\" content=\"Principles for Peace\" \/>\n<meta property=\"og:description\" content=\"A new path to lasting peace The Principles for Peace is a global participatory initiative to re-frame the current narrow, exclusionary, and flawed way peace processes are understood and implemented. Principles for Peace is a collective effort to develop a new set of principles to better enable local, national and international actors to craft more [&hellip;]\" \/>\n<meta property=\"og:url\" content=\"https:\/\/www.interpeace.org\/fr\/principles-for-peace\/\" \/>\n<meta property=\"og:site_name\" content=\"Interpeace\" \/>\n<meta property=\"article:publisher\" content=\"https:\/\/www.facebook.com\/Interpeace\" \/>\n<meta property=\"article:modified_time\" content=\"2025-02-17T20:06:59+00:00\" \/>\n<meta property=\"og:image\" content=\"https:\/\/www.interpeace.org\/wp-content\/uploads\/2025\/02\/Screenshot-2025-02-17-at-14.06.31.png\" \/>\n\t<meta property=\"og:image:width\" content=\"1242\" \/>\n\t<meta property=\"og:image:height\" content=\"642\" \/>\n\t<meta property=\"og:image:type\" content=\"image\/png\" \/>\n<meta name=\"twitter:card\" content=\"summary_large_image\" \/>\n<meta name=\"twitter:site\" content=\"@InterpeaceTweet\" \/>\n<meta name=\"twitter:label1\" content=\"Dur\u00e9e de lecture estim\u00e9e\" \/>\n\t<meta name=\"twitter:data1\" content=\"2 minutes\" \/>\n<script type=\"application\/ld+json\" class=\"yoast-schema-graph\">{\"@context\":\"https:\/\/schema.org\",\"@graph\":[{\"@type\":\"WebPage\",\"@id\":\"https:\/\/www.interpeace.org\/principles-for-peace\/\",\"url\":\"https:\/\/www.interpeace.org\/principles-for-peace\/\",\"name\":\"Principles for Peace - Interpeace\",\"isPartOf\":{\"@id\":\"https:\/\/www.interpeace.org\/#website\"},\"primaryImageOfPage\":{\"@id\":\"https:\/\/www.interpeace.org\/principles-for-peace\/#primaryimage\"},\"image\":{\"@id\":\"https:\/\/www.interpeace.org\/principles-for-peace\/#primaryimage\"},\"thumbnailUrl\":\"https:\/\/www.interpeace.org\/wp-content\/uploads\/2025\/02\/Screenshot-2025-02-17-at-14.06.31.png\",\"datePublished\":\"2020-12-07T23:23:28+00:00\",\"dateModified\":\"2025-02-17T20:06:59+00:00\",\"breadcrumb\":{\"@id\":\"https:\/\/www.interpeace.org\/principles-for-peace\/#breadcrumb\"},\"inLanguage\":\"fr-FR\",\"potentialAction\":[{\"@type\":\"ReadAction\",\"target\":[\"https:\/\/www.interpeace.org\/principles-for-peace\/\"]}]},{\"@type\":\"ImageObject\",\"inLanguage\":\"fr-FR\",\"@id\":\"https:\/\/www.interpeace.org\/principles-for-peace\/#primaryimage\",\"url\":\"https:\/\/www.interpeace.org\/wp-content\/uploads\/2025\/02\/Screenshot-2025-02-17-at-14.06.31.png\",\"contentUrl\":\"https:\/\/www.interpeace.org\/wp-content\/uploads\/2025\/02\/Screenshot-2025-02-17-at-14.06.31.png\",\"width\":1242,\"height\":642},{\"@type\":\"BreadcrumbList\",\"@id\":\"https:\/\/www.interpeace.org\/principles-for-peace\/#breadcrumb\",\"itemListElement\":[{\"@type\":\"ListItem\",\"position\":1,\"name\":\"Home\",\"item\":\"https:\/\/www.interpeace.org\/\"},{\"@type\":\"ListItem\",\"position\":2,\"name\":\"Principles for Peace\"}]},{\"@type\":\"WebSite\",\"@id\":\"https:\/\/www.interpeace.org\/#website\",\"url\":\"https:\/\/www.interpeace.org\/\",\"name\":\"Interpeace\",\"description\":\"Enabling people to build lasting peace since 1994\",\"publisher\":{\"@id\":\"https:\/\/www.interpeace.org\/#organization\"},\"potentialAction\":[{\"@type\":\"SearchAction\",\"target\":{\"@type\":\"EntryPoint\",\"urlTemplate\":\"https:\/\/www.interpeace.org\/?s={search_term_string}\"},\"query-input\":{\"@type\":\"PropertyValueSpecification\",\"valueRequired\":true,\"valueName\":\"search_term_string\"}}],\"inLanguage\":\"fr-FR\"},{\"@type\":\"Organization\",\"@id\":\"https:\/\/www.interpeace.org\/#organization\",\"name\":\"INTERPEACE\",\"url\":\"https:\/\/www.interpeace.org\/\",\"logo\":{\"@type\":\"ImageObject\",\"inLanguage\":\"fr-FR\",\"@id\":\"https:\/\/www.interpeace.org\/#\/schema\/logo\/image\/\",\"url\":\"https:\/\/www.interpeace.org\/wp-content\/uploads\/2019\/11\/EN-Interpeace-small.png\",\"contentUrl\":\"https:\/\/www.interpeace.org\/wp-content\/uploads\/2019\/11\/EN-Interpeace-small.png\",\"width\":111,\"height\":85,\"caption\":\"INTERPEACE\"},\"image\":{\"@id\":\"https:\/\/www.interpeace.org\/#\/schema\/logo\/image\/\"},\"sameAs\":[\"https:\/\/www.facebook.com\/Interpeace\",\"https:\/\/x.com\/InterpeaceTweet\",\"https:\/\/www.instagram.com\/interpeace\/\"]}]}<\/script>\n<!-- \/ Yoast SEO Premium plugin. -->","yoast_head_json":{"title":"Principles for Peace - Interpeace","robots":{"index":"index","follow":"follow","max-snippet":"max-snippet:-1","max-image-preview":"max-image-preview:large","max-video-preview":"max-video-preview:-1"},"canonical":"https:\/\/www.interpeace.org\/fr\/principles-for-peace\/","og_locale":"fr_FR","og_type":"article","og_title":"Principles for Peace","og_description":"A new path to lasting peace The Principles for Peace is a global participatory initiative to re-frame the current narrow, exclusionary, and flawed way peace processes are understood and implemented. Principles for Peace is a collective effort to develop a new set of principles to better enable local, national and international actors to craft more [&hellip;]","og_url":"https:\/\/www.interpeace.org\/fr\/principles-for-peace\/","og_site_name":"Interpeace","article_publisher":"https:\/\/www.facebook.com\/Interpeace","article_modified_time":"2025-02-17T20:06:59+00:00","og_image":[{"width":1242,"height":642,"url":"https:\/\/www.interpeace.org\/wp-content\/uploads\/2025\/02\/Screenshot-2025-02-17-at-14.06.31.png","type":"image\/png"}],"twitter_card":"summary_large_image","twitter_site":"@InterpeaceTweet","twitter_misc":{"Dur\u00e9e de lecture estim\u00e9e":"2 minutes"},"schema":{"@context":"https:\/\/schema.org","@graph":[{"@type":"WebPage","@id":"https:\/\/www.interpeace.org\/principles-for-peace\/","url":"https:\/\/www.interpeace.org\/principles-for-peace\/","name":"Principles for Peace - Interpeace","isPartOf":{"@id":"https:\/\/www.interpeace.org\/#website"},"primaryImageOfPage":{"@id":"https:\/\/www.interpeace.org\/principles-for-peace\/#primaryimage"},"image":{"@id":"https:\/\/www.interpeace.org\/principles-for-peace\/#primaryimage"},"thumbnailUrl":"https:\/\/www.interpeace.org\/wp-content\/uploads\/2025\/02\/Screenshot-2025-02-17-at-14.06.31.png","datePublished":"2020-12-07T23:23:28+00:00","dateModified":"2025-02-17T20:06:59+00:00","breadcrumb":{"@id":"https:\/\/www.interpeace.org\/principles-for-peace\/#breadcrumb"},"inLanguage":"fr-FR","potentialAction":[{"@type":"ReadAction","target":["https:\/\/www.interpeace.org\/principles-for-peace\/"]}]},{"@type":"ImageObject","inLanguage":"fr-FR","@id":"https:\/\/www.interpeace.org\/principles-for-peace\/#primaryimage","url":"https:\/\/www.interpeace.org\/wp-content\/uploads\/2025\/02\/Screenshot-2025-02-17-at-14.06.31.png","contentUrl":"https:\/\/www.interpeace.org\/wp-content\/uploads\/2025\/02\/Screenshot-2025-02-17-at-14.06.31.png","width":1242,"height":642},{"@type":"BreadcrumbList","@id":"https:\/\/www.interpeace.org\/principles-for-peace\/#breadcrumb","itemListElement":[{"@type":"ListItem","position":1,"name":"Home","item":"https:\/\/www.interpeace.org\/"},{"@type":"ListItem","position":2,"name":"Principles for Peace"}]},{"@type":"WebSite","@id":"https:\/\/www.interpeace.org\/#website","url":"https:\/\/www.interpeace.org\/","name":"Interpeace","description":"Permettre aux gens de construire une paix durable depuis 1994","publisher":{"@id":"https:\/\/www.interpeace.org\/#organization"},"potentialAction":[{"@type":"SearchAction","target":{"@type":"EntryPoint","urlTemplate":"https:\/\/www.interpeace.org\/?s={search_term_string}"},"query-input":{"@type":"PropertyValueSpecification","valueRequired":true,"valueName":"search_term_string"}}],"inLanguage":"fr-FR"},{"@type":"Organization","@id":"https:\/\/www.interpeace.org\/#organization","name":"INTERPEACE","url":"https:\/\/www.interpeace.org\/","logo":{"@type":"ImageObject","inLanguage":"fr-FR","@id":"https:\/\/www.interpeace.org\/#\/schema\/logo\/image\/","url":"https:\/\/www.interpeace.org\/wp-content\/uploads\/2019\/11\/EN-Interpeace-small.png","contentUrl":"https:\/\/www.interpeace.org\/wp-content\/uploads\/2019\/11\/EN-Interpeace-small.png","width":111,"height":85,"caption":"INTERPEACE"},"image":{"@id":"https:\/\/www.interpeace.org\/#\/schema\/logo\/image\/"},"sameAs":["https:\/\/www.facebook.com\/Interpeace","https:\/\/x.com\/InterpeaceTweet","https:\/\/www.instagram.com\/interpeace\/"]}]}},"_links":{"self":[{"href":"https:\/\/www.interpeace.org\/fr\/wp-json\/wp\/v2\/pages\/9512","targetHints":{"allow":["GET"]}}],"collection":[{"href":"https:\/\/www.interpeace.org\/fr\/wp-json\/wp\/v2\/pages"}],"about":[{"href":"https:\/\/www.interpeace.org\/fr\/wp-json\/wp\/v2\/types\/page"}],"author":[{"embeddable":true,"href":"https:\/\/www.interpeace.org\/fr\/wp-json\/wp\/v2\/users\/1"}],"replies":[{"embeddable":true,"href":"https:\/\/www.interpeace.org\/fr\/wp-json\/wp\/v2\/comments?post=9512"}],"version-history":[{"count":0,"href":"https:\/\/www.interpeace.org\/fr\/wp-json\/wp\/v2\/pages\/9512\/revisions"}],"wp:featuredmedia":[{"embeddable":true,"href":"https:\/\/www.interpeace.org\/fr\/wp-json\/wp\/v2\/media\/17242"}],"wp:attachment":[{"href":"https:\/\/www.interpeace.org\/fr\/wp-json\/wp\/v2\/media?parent=9512"}],"wp:term":[{"taxonomy":"category","embeddable":true,"href":"https:\/\/www.interpeace.org\/fr\/wp-json\/wp\/v2\/categories?post=9512"},{"taxonomy":"post_tag","embeddable":true,"href":"https:\/\/www.interpeace.org\/fr\/wp-json\/wp\/v2\/tags?post=9512"}],"curies":[{"name":"wp","href":"https:\/\/api.w.org\/{rel}","templated":true}]}}