{"id":91,"date":"2011-07-11T16:00:52","date_gmt":"2011-07-11T14:00:52","guid":{"rendered":"http:\/\/www.interpeace.org\/2011\/07\/11\/advisory-council\/"},"modified":"2024-02-06T23:48:41","modified_gmt":"2024-02-06T22:48:41","slug":"advisory-council","status":"publish","type":"page","link":"https:\/\/www.interpeace.org\/fr\/who-we-are\/governance-and-leadership\/advisory-council\/","title":{"rendered":"Conseil consultatif"},"content":{"rendered":"<p class=\"eplus-wrapper\">Le Conseil consultatif est un organe statutaire de haut niveau au sein d'Interpeace. Sa mission consiste \u00e0 aider l'organisation au moyen de conseils et d'orientations strat\u00e9giques sur la politique et les pratiques de consolidation de la paix. Il est compos\u00e9 de repr\u00e9sentants gouvernementaux et intergouvernementaux s\u00e9lectionn\u00e9s, nomm\u00e9s en raison du r\u00f4le unique que ces personnes sont capables de jouer pour relier la politique et la pratique de la paix et de la s\u00e9curit\u00e9.<\/p>\n\n\n\n<p class=\"eplus-wrapper\">Le Conseil incarne l'engagement de longue date d'Interpeace avec les \u00c9tats membres et d'autres partenaires intergouvernementaux cl\u00e9s, qui remonte \u00e0 sa cr\u00e9ation au sein des Nations Unies en 1994 et \u00e0 sa reconnaissance en tant qu'organisation internationale ind\u00e9pendante par le gouvernement suisse en 2018.<\/p>\n\n\n\n<p class=\"eplus-wrapper\">Ces derni\u00e8res ann\u00e9es, le Conseil consultatif a jou\u00e9 un r\u00f4le crucial en aidant Interpeace \u00e0 renforcer son positionnement sur les principaux programmes politiques internationaux ainsi que notre travail de transformation consistant \u00e0 aider les agences humanitaires et de d\u00e9veloppement \u00e0 se sensibiliser davantage aux conflits et \u00e0 la paix. Il fournit \u00e9galement des conseils sur l'orientation future de l'organisation dans le contexte de la prochaine strat\u00e9gie quinquennale (2021-2025).<\/p>","protected":false},"excerpt":{"rendered":"<p>The Advisory Council is a high-level, statutory body within Interpeace whose mandate is to provide the organization with strategic advice and guidance on peacebuilding policy and practice. It is composed of selected governmental and intergovernmental representatives, nominated because of the unique role these individuals are able to play in connecting peace and security policy and [&hellip;]<\/p>\n","protected":false},"author":2,"featured_media":8359,"parent":3302,"menu_order":249,"comment_status":"open","ping_status":"closed","template":"","meta":{"_acf_changed":false,"_editorskit_title_hidden":false,"_editorskit_reading_time":0,"_editorskit_is_block_options_detached":false,"_editorskit_block_options_position":"{}","editor_plus_copied_stylings":"{}","_exactmetrics_skip_tracking":false,"_exactmetrics_sitenote_active":false,"_exactmetrics_sitenote_note":"","_exactmetrics_sitenote_category":0,"footnotes":"","_links_to":"","_links_to_target":""},"categories":[1],"tags":[],"class_list":["post-91","page","type-page","status-publish","has-post-thumbnail","hentry","category-uncategorized"],"acf":[],"yoast_head":"<!-- This site is optimized with the Yoast SEO Premium plugin v27.4 (Yoast SEO v27.4) - https:\/\/yoast.com\/product\/yoast-seo-premium-wordpress\/ -->\n<title>Advisory Council - Interpeace<\/title>\n<meta name=\"robots\" content=\"index, follow, max-snippet:-1, max-image-preview:large, max-video-preview:-1\" \/>\n<link rel=\"canonical\" href=\"https:\/\/www.interpeace.org\/fr\/who-we-are\/governance-and-leadership\/advisory-council\/\" \/>\n<meta property=\"og:locale\" content=\"fr_FR\" \/>\n<meta property=\"og:type\" content=\"article\" \/>\n<meta property=\"og:title\" content=\"Advisory Council\" \/>\n<meta property=\"og:description\" content=\"The Advisory Council is a high-level, statutory body within Interpeace whose mandate is to provide the organization with strategic advice and guidance on peacebuilding policy and practice. It is composed of selected governmental and intergovernmental representatives, nominated because of the unique role these individuals are able to play in connecting peace and security policy and [&hellip;]\" \/>\n<meta property=\"og:url\" content=\"https:\/\/www.interpeace.org\/fr\/who-we-are\/governance-and-leadership\/advisory-council\/\" \/>\n<meta property=\"og:site_name\" content=\"Interpeace\" \/>\n<meta property=\"article:publisher\" content=\"https:\/\/www.facebook.com\/Interpeace\" \/>\n<meta property=\"article:modified_time\" content=\"2024-02-06T22:48:41+00:00\" \/>\n<meta property=\"og:image\" content=\"https:\/\/www.interpeace.org\/wp-content\/uploads\/2019\/10\/20190612_INTERPEACE-LA-MAINAZ-TARDY-HD__43-1000x500.jpg\" \/>\n\t<meta property=\"og:image:width\" content=\"1000\" \/>\n\t<meta property=\"og:image:height\" content=\"666\" \/>\n\t<meta property=\"og:image:type\" content=\"image\/jpeg\" \/>\n<meta name=\"twitter:card\" content=\"summary_large_image\" \/>\n<meta name=\"twitter:site\" content=\"@InterpeaceTweet\" \/>\n<meta name=\"twitter:label1\" content=\"Dur\u00e9e de lecture estim\u00e9e\" \/>\n\t<meta name=\"twitter:data1\" content=\"4 minutes\" \/>\n<script type=\"application\/ld+json\" class=\"yoast-schema-graph\">{\"@context\":\"https:\\\/\\\/schema.org\",\"@graph\":[{\"@type\":\"WebPage\",\"@id\":\"https:\\\/\\\/www.interpeace.org\\\/who-we-are\\\/governance-and-leadership\\\/advisory-council\\\/\",\"url\":\"https:\\\/\\\/www.interpeace.org\\\/who-we-are\\\/governance-and-leadership\\\/advisory-council\\\/\",\"name\":\"Advisory Council - Interpeace\",\"isPartOf\":{\"@id\":\"https:\\\/\\\/www.interpeace.org\\\/#website\"},\"primaryImageOfPage\":{\"@id\":\"https:\\\/\\\/www.interpeace.org\\\/who-we-are\\\/governance-and-leadership\\\/advisory-council\\\/#primaryimage\"},\"image\":{\"@id\":\"https:\\\/\\\/www.interpeace.org\\\/who-we-are\\\/governance-and-leadership\\\/advisory-council\\\/#primaryimage\"},\"thumbnailUrl\":\"https:\\\/\\\/www.interpeace.org\\\/wp-content\\\/uploads\\\/2019\\\/10\\\/20190612_INTERPEACE-LA-MAINAZ-TARDY-HD__43-1000x500.jpg\",\"datePublished\":\"2011-07-11T14:00:52+00:00\",\"dateModified\":\"2024-02-06T22:48:41+00:00\",\"breadcrumb\":{\"@id\":\"https:\\\/\\\/www.interpeace.org\\\/who-we-are\\\/governance-and-leadership\\\/advisory-council\\\/#breadcrumb\"},\"inLanguage\":\"fr-FR\",\"potentialAction\":[{\"@type\":\"ReadAction\",\"target\":[\"https:\\\/\\\/www.interpeace.org\\\/who-we-are\\\/governance-and-leadership\\\/advisory-council\\\/\"]}]},{\"@type\":\"ImageObject\",\"inLanguage\":\"fr-FR\",\"@id\":\"https:\\\/\\\/www.interpeace.org\\\/who-we-are\\\/governance-and-leadership\\\/advisory-council\\\/#primaryimage\",\"url\":\"https:\\\/\\\/www.interpeace.org\\\/wp-content\\\/uploads\\\/2019\\\/10\\\/20190612_INTERPEACE-LA-MAINAZ-TARDY-HD__43-1000x500.jpg\",\"contentUrl\":\"https:\\\/\\\/www.interpeace.org\\\/wp-content\\\/uploads\\\/2019\\\/10\\\/20190612_INTERPEACE-LA-MAINAZ-TARDY-HD__43-1000x500.jpg\",\"width\":1000,\"height\":666,\"caption\":\"Photo: Antoine Tardy for Interpeace.\"},{\"@type\":\"BreadcrumbList\",\"@id\":\"https:\\\/\\\/www.interpeace.org\\\/who-we-are\\\/governance-and-leadership\\\/advisory-council\\\/#breadcrumb\",\"itemListElement\":[{\"@type\":\"ListItem\",\"position\":1,\"name\":\"Home\",\"item\":\"https:\\\/\\\/www.interpeace.org\\\/\"},{\"@type\":\"ListItem\",\"position\":2,\"name\":\"Who We Are\",\"item\":\"https:\\\/\\\/www.interpeace.org\\\/who-we-are\\\/\"},{\"@type\":\"ListItem\",\"position\":3,\"name\":\"Governance\",\"item\":\"https:\\\/\\\/www.interpeace.org\\\/who-we-are\\\/governance-and-leadership\\\/\"},{\"@type\":\"ListItem\",\"position\":4,\"name\":\"Advisory Council\"}]},{\"@type\":\"WebSite\",\"@id\":\"https:\\\/\\\/www.interpeace.org\\\/#website\",\"url\":\"https:\\\/\\\/www.interpeace.org\\\/\",\"name\":\"Interpeace\",\"description\":\"Enabling people to build lasting peace since 1994\",\"publisher\":{\"@id\":\"https:\\\/\\\/www.interpeace.org\\\/#organization\"},\"potentialAction\":[{\"@type\":\"SearchAction\",\"target\":{\"@type\":\"EntryPoint\",\"urlTemplate\":\"https:\\\/\\\/www.interpeace.org\\\/?s={search_term_string}\"},\"query-input\":{\"@type\":\"PropertyValueSpecification\",\"valueRequired\":true,\"valueName\":\"search_term_string\"}}],\"inLanguage\":\"fr-FR\"},{\"@type\":\"Organization\",\"@id\":\"https:\\\/\\\/www.interpeace.org\\\/#organization\",\"name\":\"INTERPEACE\",\"url\":\"https:\\\/\\\/www.interpeace.org\\\/\",\"logo\":{\"@type\":\"ImageObject\",\"inLanguage\":\"fr-FR\",\"@id\":\"https:\\\/\\\/www.interpeace.org\\\/#\\\/schema\\\/logo\\\/image\\\/\",\"url\":\"https:\\\/\\\/www.interpeace.org\\\/wp-content\\\/uploads\\\/2019\\\/11\\\/EN-Interpeace-small.png\",\"contentUrl\":\"https:\\\/\\\/www.interpeace.org\\\/wp-content\\\/uploads\\\/2019\\\/11\\\/EN-Interpeace-small.png\",\"width\":111,\"height\":85,\"caption\":\"INTERPEACE\"},\"image\":{\"@id\":\"https:\\\/\\\/www.interpeace.org\\\/#\\\/schema\\\/logo\\\/image\\\/\"},\"sameAs\":[\"https:\\\/\\\/www.facebook.com\\\/Interpeace\",\"https:\\\/\\\/x.com\\\/InterpeaceTweet\",\"https:\\\/\\\/www.instagram.com\\\/interpeace\\\/\"]}]}<\/script>\n<!-- \/ Yoast SEO Premium plugin. -->","yoast_head_json":{"title":"Advisory Council - Interpeace","robots":{"index":"index","follow":"follow","max-snippet":"max-snippet:-1","max-image-preview":"max-image-preview:large","max-video-preview":"max-video-preview:-1"},"canonical":"https:\/\/www.interpeace.org\/fr\/who-we-are\/governance-and-leadership\/advisory-council\/","og_locale":"fr_FR","og_type":"article","og_title":"Advisory Council","og_description":"The Advisory Council is a high-level, statutory body within Interpeace whose mandate is to provide the organization with strategic advice and guidance on peacebuilding policy and practice. It is composed of selected governmental and intergovernmental representatives, nominated because of the unique role these individuals are able to play in connecting peace and security policy and [&hellip;]","og_url":"https:\/\/www.interpeace.org\/fr\/who-we-are\/governance-and-leadership\/advisory-council\/","og_site_name":"Interpeace","article_publisher":"https:\/\/www.facebook.com\/Interpeace","article_modified_time":"2024-02-06T22:48:41+00:00","og_image":[{"width":1000,"height":666,"url":"https:\/\/www.interpeace.org\/wp-content\/uploads\/2019\/10\/20190612_INTERPEACE-LA-MAINAZ-TARDY-HD__43-1000x500.jpg","type":"image\/jpeg"}],"twitter_card":"summary_large_image","twitter_site":"@InterpeaceTweet","twitter_misc":{"Dur\u00e9e de lecture estim\u00e9e":"4 minutes"},"schema":{"@context":"https:\/\/schema.org","@graph":[{"@type":"WebPage","@id":"https:\/\/www.interpeace.org\/who-we-are\/governance-and-leadership\/advisory-council\/","url":"https:\/\/www.interpeace.org\/who-we-are\/governance-and-leadership\/advisory-council\/","name":"Advisory Council - Interpeace","isPartOf":{"@id":"https:\/\/www.interpeace.org\/#website"},"primaryImageOfPage":{"@id":"https:\/\/www.interpeace.org\/who-we-are\/governance-and-leadership\/advisory-council\/#primaryimage"},"image":{"@id":"https:\/\/www.interpeace.org\/who-we-are\/governance-and-leadership\/advisory-council\/#primaryimage"},"thumbnailUrl":"https:\/\/www.interpeace.org\/wp-content\/uploads\/2019\/10\/20190612_INTERPEACE-LA-MAINAZ-TARDY-HD__43-1000x500.jpg","datePublished":"2011-07-11T14:00:52+00:00","dateModified":"2024-02-06T22:48:41+00:00","breadcrumb":{"@id":"https:\/\/www.interpeace.org\/who-we-are\/governance-and-leadership\/advisory-council\/#breadcrumb"},"inLanguage":"fr-FR","potentialAction":[{"@type":"ReadAction","target":["https:\/\/www.interpeace.org\/who-we-are\/governance-and-leadership\/advisory-council\/"]}]},{"@type":"ImageObject","inLanguage":"fr-FR","@id":"https:\/\/www.interpeace.org\/who-we-are\/governance-and-leadership\/advisory-council\/#primaryimage","url":"https:\/\/www.interpeace.org\/wp-content\/uploads\/2019\/10\/20190612_INTERPEACE-LA-MAINAZ-TARDY-HD__43-1000x500.jpg","contentUrl":"https:\/\/www.interpeace.org\/wp-content\/uploads\/2019\/10\/20190612_INTERPEACE-LA-MAINAZ-TARDY-HD__43-1000x500.jpg","width":1000,"height":666,"caption":"Photo: Antoine Tardy for Interpeace."},{"@type":"BreadcrumbList","@id":"https:\/\/www.interpeace.org\/who-we-are\/governance-and-leadership\/advisory-council\/#breadcrumb","itemListElement":[{"@type":"ListItem","position":1,"name":"Home","item":"https:\/\/www.interpeace.org\/"},{"@type":"ListItem","position":2,"name":"Who We Are","item":"https:\/\/www.interpeace.org\/who-we-are\/"},{"@type":"ListItem","position":3,"name":"Governance","item":"https:\/\/www.interpeace.org\/who-we-are\/governance-and-leadership\/"},{"@type":"ListItem","position":4,"name":"Advisory Council"}]},{"@type":"WebSite","@id":"https:\/\/www.interpeace.org\/#website","url":"https:\/\/www.interpeace.org\/","name":"Interpeace","description":"Permettre aux gens de construire une paix durable depuis 1994","publisher":{"@id":"https:\/\/www.interpeace.org\/#organization"},"potentialAction":[{"@type":"SearchAction","target":{"@type":"EntryPoint","urlTemplate":"https:\/\/www.interpeace.org\/?s={search_term_string}"},"query-input":{"@type":"PropertyValueSpecification","valueRequired":true,"valueName":"search_term_string"}}],"inLanguage":"fr-FR"},{"@type":"Organization","@id":"https:\/\/www.interpeace.org\/#organization","name":"INTERPEACE","url":"https:\/\/www.interpeace.org\/","logo":{"@type":"ImageObject","inLanguage":"fr-FR","@id":"https:\/\/www.interpeace.org\/#\/schema\/logo\/image\/","url":"https:\/\/www.interpeace.org\/wp-content\/uploads\/2019\/11\/EN-Interpeace-small.png","contentUrl":"https:\/\/www.interpeace.org\/wp-content\/uploads\/2019\/11\/EN-Interpeace-small.png","width":111,"height":85,"caption":"INTERPEACE"},"image":{"@id":"https:\/\/www.interpeace.org\/#\/schema\/logo\/image\/"},"sameAs":["https:\/\/www.facebook.com\/Interpeace","https:\/\/x.com\/InterpeaceTweet","https:\/\/www.instagram.com\/interpeace\/"]}]}},"_links":{"self":[{"href":"https:\/\/www.interpeace.org\/fr\/wp-json\/wp\/v2\/pages\/91","targetHints":{"allow":["GET"]}}],"collection":[{"href":"https:\/\/www.interpeace.org\/fr\/wp-json\/wp\/v2\/pages"}],"about":[{"href":"https:\/\/www.interpeace.org\/fr\/wp-json\/wp\/v2\/types\/page"}],"author":[{"embeddable":true,"href":"https:\/\/www.interpeace.org\/fr\/wp-json\/wp\/v2\/users\/2"}],"replies":[{"embeddable":true,"href":"https:\/\/www.interpeace.org\/fr\/wp-json\/wp\/v2\/comments?post=91"}],"version-history":[{"count":0,"href":"https:\/\/www.interpeace.org\/fr\/wp-json\/wp\/v2\/pages\/91\/revisions"}],"up":[{"embeddable":true,"href":"https:\/\/www.interpeace.org\/fr\/wp-json\/wp\/v2\/pages\/3302"}],"wp:featuredmedia":[{"embeddable":true,"href":"https:\/\/www.interpeace.org\/fr\/wp-json\/wp\/v2\/media\/8359"}],"wp:attachment":[{"href":"https:\/\/www.interpeace.org\/fr\/wp-json\/wp\/v2\/media?parent=91"}],"wp:term":[{"taxonomy":"category","embeddable":true,"href":"https:\/\/www.interpeace.org\/fr\/wp-json\/wp\/v2\/categories?post=91"},{"taxonomy":"post_tag","embeddable":true,"href":"https:\/\/www.interpeace.org\/fr\/wp-json\/wp\/v2\/tags?post=91"}],"curies":[{"name":"wp","href":"https:\/\/api.w.org\/{rel}","templated":true}]}}