{"id":778,"date":"2013-07-02T12:16:33","date_gmt":"2013-07-02T10:16:33","guid":{"rendered":"http:\/\/www.interpeace.org\/2013\/07\/02\/geneva-peace-talks\/"},"modified":"2021-06-15T23:38:48","modified_gmt":"2021-06-15T21:38:48","slug":"peace-talks","status":"publish","type":"page","link":"https:\/\/www.interpeace.org\/fr\/our-approach\/peace-talks\/","title":{"rendered":"PeaceTalks"},"content":{"rendered":"<p>L'\u00a0<a href=\"http:\/\/peacetalks.net\/\">PeaceTalks<\/a>\u00a0sont une initiative qui pr\u00e9sente les histoires inspirantes de personnes qui contribuent positivement \u00e0 la paix. La vision des pourparlers de paix consiste \u00e0 \u00e9largir l'espace de dialogue \u00e0 propos de la consolidation de la paix et de la r\u00e9solution des conflits. Des intervenants de diff\u00e9rents secteurs et industries partagent leurs histoires personnelles, leurs id\u00e9es et leurs solutions pratiques \u00e0 travers des pourparlers de paix individuels afin de r\u00e9soudre les conflits.<\/p>\n<p>L'esprit des pourparlers de paix est celui de la collaboration et renforce le fait que chaque personne a un r\u00f4le \u00e0 jouer dans la paix.<\/p>\n<p>Les pourparlers de paix ont \u00e9t\u00e9 cofond\u00e9s par\u00a0<a href=\"http:\/\/www.unog.ch\/\">l'Office des Nations Unies \u00e0 Gen\u00e8ve<\/a>Interpeace et la\u00a0<a href=\"http:\/\/www.gpplatform.ch\/\">Plateforme de consolidation de la paix de Gen\u00e8ve<\/a> avec le soutien du gouvernement suisse.<\/p>\n<p>Ils ont commenc\u00e9 en 2013 en Suisse \u00e0 travers les premiers pourparlers de paix de Gen\u00e8ve et se sont propag\u00e9s jusqu'\u00e0 Stockholm avec le Parlement su\u00e9dois, \u00e0 Nairobi avec la Commission nationale de coh\u00e9sion et d'int\u00e9gration, (INCC), \u00e0 l'Office des Nations Unies \u00e0 Nairobi et \u00e0 Ottawa avec le Centre mondial du pluralisme \u00e0 la d\u00e9l\u00e9gation de l'imamat isma\u00e9lien.<\/p>\n<p>Pour en savoir plus sur les prochains\u00a0<a href=\"http:\/\/peacetalks.net\/\">pourparlers de paix,<\/a>\u00a0les \u00e9v\u00e9nements pass\u00e9s et les informations g\u00e9n\u00e9rales, rendez-vous sur le site internet des pourparlers de paix.<\/p>\n<p><a href=\"https:\/\/peacetalks.net\"><img loading=\"lazy\" decoding=\"async\" class=\"alignnone wp-image-10478 size-full\" src=\"https:\/\/www.interpeace.org\/wp-content\/uploads\/2021\/06\/2021-IP-banner-PT-Animation2e1f20a19be88aa0b2244a10262ae2ca9665840653ab754137aa27e2a88ddd20.gif\" alt=\"\" width=\"1201\" height=\"181\" \/><\/a><\/p>","protected":false},"excerpt":{"rendered":"<p>The\u00a0Peace Talks\u00a0is an initiative that showcases the inspirational stories of people making a positive contribution to peace. The vision of the Peace Talks is to expand the space for dialogue about building peace and resolving conflict. Through individual Peace Talks, speakers from different sectors and industries share their personal stories, ideas and practical solutions to [&hellip;]<\/p>\n","protected":false},"author":1,"featured_media":0,"parent":3350,"menu_order":277,"comment_status":"open","ping_status":"closed","template":"template-right-sidebar.php","meta":{"_acf_changed":false,"_editorskit_title_hidden":false,"_editorskit_reading_time":0,"_editorskit_is_block_options_detached":false,"_editorskit_block_options_position":"{}","editor_plus_copied_stylings":"{}","_exactmetrics_skip_tracking":false,"_exactmetrics_sitenote_active":false,"_exactmetrics_sitenote_note":"","_exactmetrics_sitenote_category":0,"footnotes":"","_links_to":"","_links_to_target":""},"categories":[1],"tags":[],"class_list":["post-778","page","type-page","status-publish","hentry","category-uncategorized"],"acf":[],"yoast_head":"<!-- This site is optimized with the Yoast SEO Premium plugin v27.4 (Yoast SEO v27.4) - https:\/\/yoast.com\/product\/yoast-seo-premium-wordpress\/ -->\n<title>Peace Talks - Interpeace<\/title>\n<meta name=\"robots\" content=\"index, follow, max-snippet:-1, max-image-preview:large, max-video-preview:-1\" \/>\n<link rel=\"canonical\" href=\"https:\/\/www.interpeace.org\/fr\/our-approach\/peace-talks\/\" \/>\n<meta property=\"og:locale\" content=\"fr_FR\" \/>\n<meta property=\"og:type\" content=\"article\" \/>\n<meta property=\"og:title\" content=\"Peace Talks\" \/>\n<meta property=\"og:description\" content=\"The\u00a0Peace Talks\u00a0is an initiative that showcases the inspirational stories of people making a positive contribution to peace. The vision of the Peace Talks is to expand the space for dialogue about building peace and resolving conflict. Through individual Peace Talks, speakers from different sectors and industries share their personal stories, ideas and practical solutions to [&hellip;]\" \/>\n<meta property=\"og:url\" content=\"https:\/\/www.interpeace.org\/fr\/our-approach\/peace-talks\/\" \/>\n<meta property=\"og:site_name\" content=\"Interpeace\" \/>\n<meta property=\"article:publisher\" content=\"https:\/\/www.facebook.com\/Interpeace\" \/>\n<meta property=\"article:modified_time\" content=\"2021-06-15T21:38:48+00:00\" \/>\n<meta property=\"og:image\" content=\"https:\/\/www.interpeace.org\/wp-content\/uploads\/2021\/06\/2021-IP-banner-PT-Animation2e1f20a19be88aa0b2244a10262ae2ca9665840653ab754137aa27e2a88ddd20.gif\" \/>\n<meta name=\"twitter:card\" content=\"summary_large_image\" \/>\n<meta name=\"twitter:site\" content=\"@InterpeaceTweet\" \/>\n<meta name=\"twitter:label1\" content=\"Dur\u00e9e de lecture estim\u00e9e\" \/>\n\t<meta name=\"twitter:data1\" content=\"1 minute\" \/>\n<script type=\"application\/ld+json\" class=\"yoast-schema-graph\">{\"@context\":\"https:\\\/\\\/schema.org\",\"@graph\":[{\"@type\":\"WebPage\",\"@id\":\"https:\\\/\\\/www.interpeace.org\\\/our-approach\\\/peace-talks\\\/\",\"url\":\"https:\\\/\\\/www.interpeace.org\\\/our-approach\\\/peace-talks\\\/\",\"name\":\"Peace Talks - Interpeace\",\"isPartOf\":{\"@id\":\"https:\\\/\\\/www.interpeace.org\\\/#website\"},\"primaryImageOfPage\":{\"@id\":\"https:\\\/\\\/www.interpeace.org\\\/our-approach\\\/peace-talks\\\/#primaryimage\"},\"image\":{\"@id\":\"https:\\\/\\\/www.interpeace.org\\\/our-approach\\\/peace-talks\\\/#primaryimage\"},\"thumbnailUrl\":\"https:\\\/\\\/www.interpeace.org\\\/wp-content\\\/uploads\\\/2021\\\/06\\\/2021-IP-banner-PT-Animation2e1f20a19be88aa0b2244a10262ae2ca9665840653ab754137aa27e2a88ddd20.gif\",\"datePublished\":\"2013-07-02T10:16:33+00:00\",\"dateModified\":\"2021-06-15T21:38:48+00:00\",\"breadcrumb\":{\"@id\":\"https:\\\/\\\/www.interpeace.org\\\/our-approach\\\/peace-talks\\\/#breadcrumb\"},\"inLanguage\":\"fr-FR\",\"potentialAction\":[{\"@type\":\"ReadAction\",\"target\":[\"https:\\\/\\\/www.interpeace.org\\\/our-approach\\\/peace-talks\\\/\"]}]},{\"@type\":\"ImageObject\",\"inLanguage\":\"fr-FR\",\"@id\":\"https:\\\/\\\/www.interpeace.org\\\/our-approach\\\/peace-talks\\\/#primaryimage\",\"url\":\"https:\\\/\\\/www.interpeace.org\\\/wp-content\\\/uploads\\\/2021\\\/06\\\/2021-IP-banner-PT-Animation2e1f20a19be88aa0b2244a10262ae2ca9665840653ab754137aa27e2a88ddd20.gif\",\"contentUrl\":\"https:\\\/\\\/www.interpeace.org\\\/wp-content\\\/uploads\\\/2021\\\/06\\\/2021-IP-banner-PT-Animation2e1f20a19be88aa0b2244a10262ae2ca9665840653ab754137aa27e2a88ddd20.gif\"},{\"@type\":\"BreadcrumbList\",\"@id\":\"https:\\\/\\\/www.interpeace.org\\\/our-approach\\\/peace-talks\\\/#breadcrumb\",\"itemListElement\":[{\"@type\":\"ListItem\",\"position\":1,\"name\":\"Home\",\"item\":\"https:\\\/\\\/www.interpeace.org\\\/\"},{\"@type\":\"ListItem\",\"position\":2,\"name\":\"Our Approach\",\"item\":\"https:\\\/\\\/www.interpeace.org\\\/our-approach\\\/\"},{\"@type\":\"ListItem\",\"position\":3,\"name\":\"Peace Talks\"}]},{\"@type\":\"WebSite\",\"@id\":\"https:\\\/\\\/www.interpeace.org\\\/#website\",\"url\":\"https:\\\/\\\/www.interpeace.org\\\/\",\"name\":\"Interpeace\",\"description\":\"Enabling people to build lasting peace since 1994\",\"publisher\":{\"@id\":\"https:\\\/\\\/www.interpeace.org\\\/#organization\"},\"potentialAction\":[{\"@type\":\"SearchAction\",\"target\":{\"@type\":\"EntryPoint\",\"urlTemplate\":\"https:\\\/\\\/www.interpeace.org\\\/?s={search_term_string}\"},\"query-input\":{\"@type\":\"PropertyValueSpecification\",\"valueRequired\":true,\"valueName\":\"search_term_string\"}}],\"inLanguage\":\"fr-FR\"},{\"@type\":\"Organization\",\"@id\":\"https:\\\/\\\/www.interpeace.org\\\/#organization\",\"name\":\"INTERPEACE\",\"url\":\"https:\\\/\\\/www.interpeace.org\\\/\",\"logo\":{\"@type\":\"ImageObject\",\"inLanguage\":\"fr-FR\",\"@id\":\"https:\\\/\\\/www.interpeace.org\\\/#\\\/schema\\\/logo\\\/image\\\/\",\"url\":\"https:\\\/\\\/www.interpeace.org\\\/wp-content\\\/uploads\\\/2019\\\/11\\\/EN-Interpeace-small.png\",\"contentUrl\":\"https:\\\/\\\/www.interpeace.org\\\/wp-content\\\/uploads\\\/2019\\\/11\\\/EN-Interpeace-small.png\",\"width\":111,\"height\":85,\"caption\":\"INTERPEACE\"},\"image\":{\"@id\":\"https:\\\/\\\/www.interpeace.org\\\/#\\\/schema\\\/logo\\\/image\\\/\"},\"sameAs\":[\"https:\\\/\\\/www.facebook.com\\\/Interpeace\",\"https:\\\/\\\/x.com\\\/InterpeaceTweet\",\"https:\\\/\\\/www.instagram.com\\\/interpeace\\\/\"]}]}<\/script>\n<!-- \/ Yoast SEO Premium plugin. -->","yoast_head_json":{"title":"Peace Talks - Interpeace","robots":{"index":"index","follow":"follow","max-snippet":"max-snippet:-1","max-image-preview":"max-image-preview:large","max-video-preview":"max-video-preview:-1"},"canonical":"https:\/\/www.interpeace.org\/fr\/our-approach\/peace-talks\/","og_locale":"fr_FR","og_type":"article","og_title":"Peace Talks","og_description":"The\u00a0Peace Talks\u00a0is an initiative that showcases the inspirational stories of people making a positive contribution to peace. The vision of the Peace Talks is to expand the space for dialogue about building peace and resolving conflict. Through individual Peace Talks, speakers from different sectors and industries share their personal stories, ideas and practical solutions to [&hellip;]","og_url":"https:\/\/www.interpeace.org\/fr\/our-approach\/peace-talks\/","og_site_name":"Interpeace","article_publisher":"https:\/\/www.facebook.com\/Interpeace","article_modified_time":"2021-06-15T21:38:48+00:00","og_image":[{"url":"https:\/\/www.interpeace.org\/wp-content\/uploads\/2021\/06\/2021-IP-banner-PT-Animation2e1f20a19be88aa0b2244a10262ae2ca9665840653ab754137aa27e2a88ddd20.gif","type":"","width":"","height":""}],"twitter_card":"summary_large_image","twitter_site":"@InterpeaceTweet","twitter_misc":{"Dur\u00e9e de lecture estim\u00e9e":"1 minute"},"schema":{"@context":"https:\/\/schema.org","@graph":[{"@type":"WebPage","@id":"https:\/\/www.interpeace.org\/our-approach\/peace-talks\/","url":"https:\/\/www.interpeace.org\/our-approach\/peace-talks\/","name":"Peace Talks - Interpeace","isPartOf":{"@id":"https:\/\/www.interpeace.org\/#website"},"primaryImageOfPage":{"@id":"https:\/\/www.interpeace.org\/our-approach\/peace-talks\/#primaryimage"},"image":{"@id":"https:\/\/www.interpeace.org\/our-approach\/peace-talks\/#primaryimage"},"thumbnailUrl":"https:\/\/www.interpeace.org\/wp-content\/uploads\/2021\/06\/2021-IP-banner-PT-Animation2e1f20a19be88aa0b2244a10262ae2ca9665840653ab754137aa27e2a88ddd20.gif","datePublished":"2013-07-02T10:16:33+00:00","dateModified":"2021-06-15T21:38:48+00:00","breadcrumb":{"@id":"https:\/\/www.interpeace.org\/our-approach\/peace-talks\/#breadcrumb"},"inLanguage":"fr-FR","potentialAction":[{"@type":"ReadAction","target":["https:\/\/www.interpeace.org\/our-approach\/peace-talks\/"]}]},{"@type":"ImageObject","inLanguage":"fr-FR","@id":"https:\/\/www.interpeace.org\/our-approach\/peace-talks\/#primaryimage","url":"https:\/\/www.interpeace.org\/wp-content\/uploads\/2021\/06\/2021-IP-banner-PT-Animation2e1f20a19be88aa0b2244a10262ae2ca9665840653ab754137aa27e2a88ddd20.gif","contentUrl":"https:\/\/www.interpeace.org\/wp-content\/uploads\/2021\/06\/2021-IP-banner-PT-Animation2e1f20a19be88aa0b2244a10262ae2ca9665840653ab754137aa27e2a88ddd20.gif"},{"@type":"BreadcrumbList","@id":"https:\/\/www.interpeace.org\/our-approach\/peace-talks\/#breadcrumb","itemListElement":[{"@type":"ListItem","position":1,"name":"Home","item":"https:\/\/www.interpeace.org\/"},{"@type":"ListItem","position":2,"name":"Our Approach","item":"https:\/\/www.interpeace.org\/our-approach\/"},{"@type":"ListItem","position":3,"name":"Peace Talks"}]},{"@type":"WebSite","@id":"https:\/\/www.interpeace.org\/#website","url":"https:\/\/www.interpeace.org\/","name":"Interpeace","description":"Permettre aux gens de construire une paix durable depuis 1994","publisher":{"@id":"https:\/\/www.interpeace.org\/#organization"},"potentialAction":[{"@type":"SearchAction","target":{"@type":"EntryPoint","urlTemplate":"https:\/\/www.interpeace.org\/?s={search_term_string}"},"query-input":{"@type":"PropertyValueSpecification","valueRequired":true,"valueName":"search_term_string"}}],"inLanguage":"fr-FR"},{"@type":"Organization","@id":"https:\/\/www.interpeace.org\/#organization","name":"INTERPEACE","url":"https:\/\/www.interpeace.org\/","logo":{"@type":"ImageObject","inLanguage":"fr-FR","@id":"https:\/\/www.interpeace.org\/#\/schema\/logo\/image\/","url":"https:\/\/www.interpeace.org\/wp-content\/uploads\/2019\/11\/EN-Interpeace-small.png","contentUrl":"https:\/\/www.interpeace.org\/wp-content\/uploads\/2019\/11\/EN-Interpeace-small.png","width":111,"height":85,"caption":"INTERPEACE"},"image":{"@id":"https:\/\/www.interpeace.org\/#\/schema\/logo\/image\/"},"sameAs":["https:\/\/www.facebook.com\/Interpeace","https:\/\/x.com\/InterpeaceTweet","https:\/\/www.instagram.com\/interpeace\/"]}]}},"_links":{"self":[{"href":"https:\/\/www.interpeace.org\/fr\/wp-json\/wp\/v2\/pages\/778","targetHints":{"allow":["GET"]}}],"collection":[{"href":"https:\/\/www.interpeace.org\/fr\/wp-json\/wp\/v2\/pages"}],"about":[{"href":"https:\/\/www.interpeace.org\/fr\/wp-json\/wp\/v2\/types\/page"}],"author":[{"embeddable":true,"href":"https:\/\/www.interpeace.org\/fr\/wp-json\/wp\/v2\/users\/1"}],"replies":[{"embeddable":true,"href":"https:\/\/www.interpeace.org\/fr\/wp-json\/wp\/v2\/comments?post=778"}],"version-history":[{"count":0,"href":"https:\/\/www.interpeace.org\/fr\/wp-json\/wp\/v2\/pages\/778\/revisions"}],"up":[{"embeddable":true,"href":"https:\/\/www.interpeace.org\/fr\/wp-json\/wp\/v2\/pages\/3350"}],"wp:attachment":[{"href":"https:\/\/www.interpeace.org\/fr\/wp-json\/wp\/v2\/media?parent=778"}],"wp:term":[{"taxonomy":"category","embeddable":true,"href":"https:\/\/www.interpeace.org\/fr\/wp-json\/wp\/v2\/categories?post=778"},{"taxonomy":"post_tag","embeddable":true,"href":"https:\/\/www.interpeace.org\/fr\/wp-json\/wp\/v2\/tags?post=778"}],"curies":[{"name":"wp","href":"https:\/\/api.w.org\/{rel}","templated":true}]}}