{"id":7395,"date":"2011-07-12T12:23:56","date_gmt":"2011-07-12T10:23:56","guid":{"rendered":"https:\/\/www.interpeace.org\/?page_id=7395"},"modified":"2024-02-06T23:49:13","modified_gmt":"2024-02-06T22:49:13","slug":"former-board-members","status":"publish","type":"page","link":"https:\/\/www.interpeace.org\/fr\/who-we-are\/governance-and-leadership\/former-board-members\/","title":{"rendered":"Anciens membres du bureau"},"content":{"rendered":"<p>Interpeace a eu le privil\u00e8ge de travailler avec des repr\u00e9sentants exceptionnels des secteurs gouvernemental, international et commercial. Nos anciens membres du conseil d'administration ont contribu\u00e9 \u00e0 fa\u00e7onner l'organisation et ont jou\u00e9 un r\u00f4le cl\u00e9 dans la d\u00e9finition de notre strat\u00e9gie.<\/p>","protected":false},"excerpt":{"rendered":"<p>Interpeace a eu le privil\u00e8ge de travailler avec des repr\u00e9sentants exceptionnels des secteurs gouvernemental, international et commercial. Nos anciens membres du conseil d'administration ont contribu\u00e9 \u00e0 fa\u00e7onner l'organisation et ont jou\u00e9 un r\u00f4le cl\u00e9 dans la d\u00e9finition de notre strat\u00e9gie.<\/p>","protected":false},"author":1,"featured_media":0,"parent":3302,"menu_order":251,"comment_status":"closed","ping_status":"closed","template":"","meta":{"_acf_changed":false,"_editorskit_title_hidden":false,"_editorskit_reading_time":0,"_editorskit_is_block_options_detached":false,"_editorskit_block_options_position":"{}","editor_plus_copied_stylings":"{}","_exactmetrics_skip_tracking":false,"_exactmetrics_sitenote_active":false,"_exactmetrics_sitenote_note":"","_exactmetrics_sitenote_category":0,"footnotes":"","_links_to":"","_links_to_target":""},"categories":[],"tags":[],"class_list":["post-7395","page","type-page","status-publish","hentry"],"acf":[],"yoast_head":"<!-- This site is optimized with the Yoast SEO Premium plugin v27.2 (Yoast SEO v27.2) - https:\/\/yoast.com\/product\/yoast-seo-premium-wordpress\/ -->\n<title>Former Board Members - Interpeace<\/title>\n<meta name=\"robots\" content=\"index, follow, max-snippet:-1, max-image-preview:large, max-video-preview:-1\" \/>\n<link rel=\"canonical\" href=\"https:\/\/www.interpeace.org\/fr\/who-we-are\/governance-and-leadership\/former-board-members\/\" \/>\n<meta property=\"og:locale\" content=\"fr_FR\" \/>\n<meta property=\"og:type\" content=\"article\" \/>\n<meta property=\"og:title\" content=\"Former Board Members\" \/>\n<meta property=\"og:description\" content=\"Interpeace has been privileged to work with exceptional representatives from the government, international and business sectors. Our Former Board Members helped shape the organization and played a key role in defining our strategy.\" \/>\n<meta property=\"og:url\" content=\"https:\/\/www.interpeace.org\/fr\/who-we-are\/governance-and-leadership\/former-board-members\/\" \/>\n<meta property=\"og:site_name\" content=\"Interpeace\" \/>\n<meta property=\"article:publisher\" content=\"https:\/\/www.facebook.com\/Interpeace\" \/>\n<meta property=\"article:modified_time\" content=\"2024-02-06T22:49:13+00:00\" \/>\n<meta name=\"twitter:card\" content=\"summary_large_image\" \/>\n<meta name=\"twitter:site\" content=\"@InterpeaceTweet\" \/>\n<meta name=\"twitter:label1\" content=\"Dur\u00e9e de lecture estim\u00e9e\" \/>\n\t<meta name=\"twitter:data1\" content=\"11 minutes\" \/>\n<script type=\"application\/ld+json\" class=\"yoast-schema-graph\">{\"@context\":\"https:\/\/schema.org\",\"@graph\":[{\"@type\":\"WebPage\",\"@id\":\"https:\/\/www.interpeace.org\/who-we-are\/governance-and-leadership\/former-board-members\/\",\"url\":\"https:\/\/www.interpeace.org\/who-we-are\/governance-and-leadership\/former-board-members\/\",\"name\":\"Former Board Members - Interpeace\",\"isPartOf\":{\"@id\":\"https:\/\/www.interpeace.org\/#website\"},\"datePublished\":\"2011-07-12T10:23:56+00:00\",\"dateModified\":\"2024-02-06T22:49:13+00:00\",\"breadcrumb\":{\"@id\":\"https:\/\/www.interpeace.org\/who-we-are\/governance-and-leadership\/former-board-members\/#breadcrumb\"},\"inLanguage\":\"fr-FR\",\"potentialAction\":[{\"@type\":\"ReadAction\",\"target\":[\"https:\/\/www.interpeace.org\/who-we-are\/governance-and-leadership\/former-board-members\/\"]}]},{\"@type\":\"BreadcrumbList\",\"@id\":\"https:\/\/www.interpeace.org\/who-we-are\/governance-and-leadership\/former-board-members\/#breadcrumb\",\"itemListElement\":[{\"@type\":\"ListItem\",\"position\":1,\"name\":\"Home\",\"item\":\"https:\/\/www.interpeace.org\/\"},{\"@type\":\"ListItem\",\"position\":2,\"name\":\"Who We Are\",\"item\":\"https:\/\/www.interpeace.org\/who-we-are\/\"},{\"@type\":\"ListItem\",\"position\":3,\"name\":\"Governance\",\"item\":\"https:\/\/www.interpeace.org\/who-we-are\/governance-and-leadership\/\"},{\"@type\":\"ListItem\",\"position\":4,\"name\":\"Former Board Members\"}]},{\"@type\":\"WebSite\",\"@id\":\"https:\/\/www.interpeace.org\/#website\",\"url\":\"https:\/\/www.interpeace.org\/\",\"name\":\"Interpeace\",\"description\":\"Enabling people to build lasting peace since 1994\",\"publisher\":{\"@id\":\"https:\/\/www.interpeace.org\/#organization\"},\"potentialAction\":[{\"@type\":\"SearchAction\",\"target\":{\"@type\":\"EntryPoint\",\"urlTemplate\":\"https:\/\/www.interpeace.org\/?s={search_term_string}\"},\"query-input\":{\"@type\":\"PropertyValueSpecification\",\"valueRequired\":true,\"valueName\":\"search_term_string\"}}],\"inLanguage\":\"fr-FR\"},{\"@type\":\"Organization\",\"@id\":\"https:\/\/www.interpeace.org\/#organization\",\"name\":\"INTERPEACE\",\"url\":\"https:\/\/www.interpeace.org\/\",\"logo\":{\"@type\":\"ImageObject\",\"inLanguage\":\"fr-FR\",\"@id\":\"https:\/\/www.interpeace.org\/#\/schema\/logo\/image\/\",\"url\":\"https:\/\/www.interpeace.org\/wp-content\/uploads\/2019\/11\/EN-Interpeace-small.png\",\"contentUrl\":\"https:\/\/www.interpeace.org\/wp-content\/uploads\/2019\/11\/EN-Interpeace-small.png\",\"width\":111,\"height\":85,\"caption\":\"INTERPEACE\"},\"image\":{\"@id\":\"https:\/\/www.interpeace.org\/#\/schema\/logo\/image\/\"},\"sameAs\":[\"https:\/\/www.facebook.com\/Interpeace\",\"https:\/\/x.com\/InterpeaceTweet\",\"https:\/\/www.instagram.com\/interpeace\/\"]}]}<\/script>\n<!-- \/ Yoast SEO Premium plugin. -->","yoast_head_json":{"title":"Former Board Members - Interpeace","robots":{"index":"index","follow":"follow","max-snippet":"max-snippet:-1","max-image-preview":"max-image-preview:large","max-video-preview":"max-video-preview:-1"},"canonical":"https:\/\/www.interpeace.org\/fr\/who-we-are\/governance-and-leadership\/former-board-members\/","og_locale":"fr_FR","og_type":"article","og_title":"Former Board Members","og_description":"Interpeace has been privileged to work with exceptional representatives from the government, international and business sectors. Our Former Board Members helped shape the organization and played a key role in defining our strategy.","og_url":"https:\/\/www.interpeace.org\/fr\/who-we-are\/governance-and-leadership\/former-board-members\/","og_site_name":"Interpeace","article_publisher":"https:\/\/www.facebook.com\/Interpeace","article_modified_time":"2024-02-06T22:49:13+00:00","twitter_card":"summary_large_image","twitter_site":"@InterpeaceTweet","twitter_misc":{"Dur\u00e9e de lecture estim\u00e9e":"11 minutes"},"schema":{"@context":"https:\/\/schema.org","@graph":[{"@type":"WebPage","@id":"https:\/\/www.interpeace.org\/who-we-are\/governance-and-leadership\/former-board-members\/","url":"https:\/\/www.interpeace.org\/who-we-are\/governance-and-leadership\/former-board-members\/","name":"Former Board Members - Interpeace","isPartOf":{"@id":"https:\/\/www.interpeace.org\/#website"},"datePublished":"2011-07-12T10:23:56+00:00","dateModified":"2024-02-06T22:49:13+00:00","breadcrumb":{"@id":"https:\/\/www.interpeace.org\/who-we-are\/governance-and-leadership\/former-board-members\/#breadcrumb"},"inLanguage":"fr-FR","potentialAction":[{"@type":"ReadAction","target":["https:\/\/www.interpeace.org\/who-we-are\/governance-and-leadership\/former-board-members\/"]}]},{"@type":"BreadcrumbList","@id":"https:\/\/www.interpeace.org\/who-we-are\/governance-and-leadership\/former-board-members\/#breadcrumb","itemListElement":[{"@type":"ListItem","position":1,"name":"Home","item":"https:\/\/www.interpeace.org\/"},{"@type":"ListItem","position":2,"name":"Who We Are","item":"https:\/\/www.interpeace.org\/who-we-are\/"},{"@type":"ListItem","position":3,"name":"Governance","item":"https:\/\/www.interpeace.org\/who-we-are\/governance-and-leadership\/"},{"@type":"ListItem","position":4,"name":"Former Board Members"}]},{"@type":"WebSite","@id":"https:\/\/www.interpeace.org\/#website","url":"https:\/\/www.interpeace.org\/","name":"Interpeace","description":"Permettre aux gens de construire une paix durable depuis 1994","publisher":{"@id":"https:\/\/www.interpeace.org\/#organization"},"potentialAction":[{"@type":"SearchAction","target":{"@type":"EntryPoint","urlTemplate":"https:\/\/www.interpeace.org\/?s={search_term_string}"},"query-input":{"@type":"PropertyValueSpecification","valueRequired":true,"valueName":"search_term_string"}}],"inLanguage":"fr-FR"},{"@type":"Organization","@id":"https:\/\/www.interpeace.org\/#organization","name":"INTERPEACE","url":"https:\/\/www.interpeace.org\/","logo":{"@type":"ImageObject","inLanguage":"fr-FR","@id":"https:\/\/www.interpeace.org\/#\/schema\/logo\/image\/","url":"https:\/\/www.interpeace.org\/wp-content\/uploads\/2019\/11\/EN-Interpeace-small.png","contentUrl":"https:\/\/www.interpeace.org\/wp-content\/uploads\/2019\/11\/EN-Interpeace-small.png","width":111,"height":85,"caption":"INTERPEACE"},"image":{"@id":"https:\/\/www.interpeace.org\/#\/schema\/logo\/image\/"},"sameAs":["https:\/\/www.facebook.com\/Interpeace","https:\/\/x.com\/InterpeaceTweet","https:\/\/www.instagram.com\/interpeace\/"]}]}},"_links":{"self":[{"href":"https:\/\/www.interpeace.org\/fr\/wp-json\/wp\/v2\/pages\/7395","targetHints":{"allow":["GET"]}}],"collection":[{"href":"https:\/\/www.interpeace.org\/fr\/wp-json\/wp\/v2\/pages"}],"about":[{"href":"https:\/\/www.interpeace.org\/fr\/wp-json\/wp\/v2\/types\/page"}],"author":[{"embeddable":true,"href":"https:\/\/www.interpeace.org\/fr\/wp-json\/wp\/v2\/users\/1"}],"replies":[{"embeddable":true,"href":"https:\/\/www.interpeace.org\/fr\/wp-json\/wp\/v2\/comments?post=7395"}],"version-history":[{"count":0,"href":"https:\/\/www.interpeace.org\/fr\/wp-json\/wp\/v2\/pages\/7395\/revisions"}],"up":[{"embeddable":true,"href":"https:\/\/www.interpeace.org\/fr\/wp-json\/wp\/v2\/pages\/3302"}],"wp:attachment":[{"href":"https:\/\/www.interpeace.org\/fr\/wp-json\/wp\/v2\/media?parent=7395"}],"wp:term":[{"taxonomy":"category","embeddable":true,"href":"https:\/\/www.interpeace.org\/fr\/wp-json\/wp\/v2\/categories?post=7395"},{"taxonomy":"post_tag","embeddable":true,"href":"https:\/\/www.interpeace.org\/fr\/wp-json\/wp\/v2\/tags?post=7395"}],"curies":[{"name":"wp","href":"https:\/\/api.w.org\/{rel}","templated":true}]}}