{"id":3716,"date":"2015-07-20T16:52:25","date_gmt":"2015-07-20T14:52:25","guid":{"rendered":"http:\/\/www.interpeace.org\/?page_id=3716"},"modified":"2024-02-06T22:18:04","modified_gmt":"2024-02-06T21:18:04","slug":"process-matters","status":"publish","type":"page","link":"https:\/\/www.interpeace.org\/fr\/our-approach\/pillars-of-peacebuilding\/process-matters\/","title":{"rendered":"Le processus compte"},"content":{"rendered":"<p><em>Le processus d\u00e9termine le r\u00e9sultat<\/em><\/p>\n\n\n\n<p>Nous d\u00e9ployons autant d\u2019efforts sur ce qui doit \u00eatre fait pour permettre \u00e0 une soci\u00e9t\u00e9 de construire la paix que sur la mani\u00e8re dont ce processus est abord\u00e9. Il est n\u00e9cessaire non seulement de se concentrer sur l\u2019objectif final qu\u2019est la consolidation de la paix, mais aussi de veiller \u00e0 ce que le dispositif qui y m\u00e8ne soit g\u00e9r\u00e9 de mani\u00e8re \u00e0 permettre l\u2019inclusion, le dialogue constructif et la recherche d\u2019un consensus \u2013 plut\u00f4t que la confrontation et les jeux de pouvoir. C\u2019est la seule fa\u00e7on de construire une paix durable.<\/p>\n\n\n\n<p>Renforcer les fondements d'une soci\u00e9t\u00e9 divis\u00e9e ne se fait pas sans changement de m\u00e9thode. La m\u00e9fiance a tendance \u00e0 \u00eatre profond\u00e9ment enracin\u00e9e. Les probl\u00e8mes majeurs ont tendance \u00e0 \u00eatre politiquement sensibles et urgents. En raison de cette urgence, la tendance consiste \u00e0 proposer des solutions techniques plut\u00f4t que de rechercher des solutions globales \u00e0 des probl\u00e8mes complexes. Le succ\u00e8s d'une initiative sera en grande partie d\u00e9termin\u00e9 par la mani\u00e8re dont le processus est g\u00e9r\u00e9 et dont l'engagement de toutes les parties se d\u00e9roule.<\/p>","protected":false},"excerpt":{"rendered":"<p>Le processus d\u00e9termine le r\u00e9sultat<\/p>","protected":false},"author":4,"featured_media":3702,"parent":8,"menu_order":273,"comment_status":"closed","ping_status":"closed","template":"","meta":{"_acf_changed":false,"_editorskit_title_hidden":false,"_editorskit_reading_time":0,"_editorskit_is_block_options_detached":false,"_editorskit_block_options_position":"{}","editor_plus_copied_stylings":"{}","_exactmetrics_skip_tracking":false,"_exactmetrics_sitenote_active":false,"_exactmetrics_sitenote_note":"","_exactmetrics_sitenote_category":0,"footnotes":"","_links_to":"","_links_to_target":""},"categories":[],"tags":[],"class_list":["post-3716","page","type-page","status-publish","has-post-thumbnail","hentry"],"acf":[],"yoast_head":"<!-- This site is optimized with the Yoast SEO Premium plugin v27.4 (Yoast SEO v27.4) - https:\/\/yoast.com\/product\/yoast-seo-premium-wordpress\/ -->\n<title>Process matters - Interpeace<\/title>\n<meta name=\"robots\" content=\"index, follow, max-snippet:-1, max-image-preview:large, max-video-preview:-1\" \/>\n<link rel=\"canonical\" href=\"https:\/\/www.interpeace.org\/fr\/our-approach\/pillars-of-peacebuilding\/process-matters\/\" \/>\n<meta property=\"og:locale\" content=\"fr_FR\" \/>\n<meta property=\"og:type\" content=\"article\" \/>\n<meta property=\"og:title\" content=\"Process matters\" \/>\n<meta property=\"og:description\" content=\"The process determines the result\" \/>\n<meta property=\"og:url\" content=\"https:\/\/www.interpeace.org\/fr\/our-approach\/pillars-of-peacebuilding\/process-matters\/\" \/>\n<meta property=\"og:site_name\" content=\"Interpeace\" \/>\n<meta property=\"article:publisher\" content=\"https:\/\/www.facebook.com\/Interpeace\" \/>\n<meta property=\"article:modified_time\" content=\"2024-02-06T21:18:04+00:00\" \/>\n<meta property=\"og:image\" content=\"https:\/\/www.interpeace.org\/wp-content\/uploads\/2011\/06\/Process_Matters.jpg\" \/>\n\t<meta property=\"og:image:width\" content=\"600\" \/>\n\t<meta property=\"og:image:height\" content=\"450\" \/>\n\t<meta property=\"og:image:type\" content=\"image\/jpeg\" \/>\n<meta name=\"twitter:card\" content=\"summary_large_image\" \/>\n<meta name=\"twitter:site\" content=\"@InterpeaceTweet\" \/>\n<meta name=\"twitter:label1\" content=\"Dur\u00e9e de lecture estim\u00e9e\" \/>\n\t<meta name=\"twitter:data1\" content=\"1 minute\" \/>\n<script type=\"application\/ld+json\" class=\"yoast-schema-graph\">{\"@context\":\"https:\\\/\\\/schema.org\",\"@graph\":[{\"@type\":\"WebPage\",\"@id\":\"https:\\\/\\\/www.interpeace.org\\\/our-approach\\\/pillars-of-peacebuilding\\\/process-matters\\\/\",\"url\":\"https:\\\/\\\/www.interpeace.org\\\/our-approach\\\/pillars-of-peacebuilding\\\/process-matters\\\/\",\"name\":\"Process matters - Interpeace\",\"isPartOf\":{\"@id\":\"https:\\\/\\\/www.interpeace.org\\\/#website\"},\"primaryImageOfPage\":{\"@id\":\"https:\\\/\\\/www.interpeace.org\\\/our-approach\\\/pillars-of-peacebuilding\\\/process-matters\\\/#primaryimage\"},\"image\":{\"@id\":\"https:\\\/\\\/www.interpeace.org\\\/our-approach\\\/pillars-of-peacebuilding\\\/process-matters\\\/#primaryimage\"},\"thumbnailUrl\":\"https:\\\/\\\/www.interpeace.org\\\/wp-content\\\/uploads\\\/2011\\\/06\\\/Process_Matters.jpg\",\"datePublished\":\"2015-07-20T14:52:25+00:00\",\"dateModified\":\"2024-02-06T21:18:04+00:00\",\"breadcrumb\":{\"@id\":\"https:\\\/\\\/www.interpeace.org\\\/our-approach\\\/pillars-of-peacebuilding\\\/process-matters\\\/#breadcrumb\"},\"inLanguage\":\"fr-FR\",\"potentialAction\":[{\"@type\":\"ReadAction\",\"target\":[\"https:\\\/\\\/www.interpeace.org\\\/our-approach\\\/pillars-of-peacebuilding\\\/process-matters\\\/\"]}]},{\"@type\":\"ImageObject\",\"inLanguage\":\"fr-FR\",\"@id\":\"https:\\\/\\\/www.interpeace.org\\\/our-approach\\\/pillars-of-peacebuilding\\\/process-matters\\\/#primaryimage\",\"url\":\"https:\\\/\\\/www.interpeace.org\\\/wp-content\\\/uploads\\\/2011\\\/06\\\/Process_Matters.jpg\",\"contentUrl\":\"https:\\\/\\\/www.interpeace.org\\\/wp-content\\\/uploads\\\/2011\\\/06\\\/Process_Matters.jpg\",\"width\":600,\"height\":450,\"caption\":\"Photo credit: Steve Tickner for Interpeace\"},{\"@type\":\"BreadcrumbList\",\"@id\":\"https:\\\/\\\/www.interpeace.org\\\/our-approach\\\/pillars-of-peacebuilding\\\/process-matters\\\/#breadcrumb\",\"itemListElement\":[{\"@type\":\"ListItem\",\"position\":1,\"name\":\"Home\",\"item\":\"https:\\\/\\\/www.interpeace.org\\\/\"},{\"@type\":\"ListItem\",\"position\":2,\"name\":\"Our Approach\",\"item\":\"https:\\\/\\\/www.interpeace.org\\\/our-approach\\\/\"},{\"@type\":\"ListItem\",\"position\":3,\"name\":\"Peacebuilding Pillars\",\"item\":\"https:\\\/\\\/www.interpeace.org\\\/our-approach\\\/pillars-of-peacebuilding\\\/\"},{\"@type\":\"ListItem\",\"position\":4,\"name\":\"Process matters\"}]},{\"@type\":\"WebSite\",\"@id\":\"https:\\\/\\\/www.interpeace.org\\\/#website\",\"url\":\"https:\\\/\\\/www.interpeace.org\\\/\",\"name\":\"Interpeace\",\"description\":\"Enabling people to build lasting peace since 1994\",\"publisher\":{\"@id\":\"https:\\\/\\\/www.interpeace.org\\\/#organization\"},\"potentialAction\":[{\"@type\":\"SearchAction\",\"target\":{\"@type\":\"EntryPoint\",\"urlTemplate\":\"https:\\\/\\\/www.interpeace.org\\\/?s={search_term_string}\"},\"query-input\":{\"@type\":\"PropertyValueSpecification\",\"valueRequired\":true,\"valueName\":\"search_term_string\"}}],\"inLanguage\":\"fr-FR\"},{\"@type\":\"Organization\",\"@id\":\"https:\\\/\\\/www.interpeace.org\\\/#organization\",\"name\":\"INTERPEACE\",\"url\":\"https:\\\/\\\/www.interpeace.org\\\/\",\"logo\":{\"@type\":\"ImageObject\",\"inLanguage\":\"fr-FR\",\"@id\":\"https:\\\/\\\/www.interpeace.org\\\/#\\\/schema\\\/logo\\\/image\\\/\",\"url\":\"https:\\\/\\\/www.interpeace.org\\\/wp-content\\\/uploads\\\/2019\\\/11\\\/EN-Interpeace-small.png\",\"contentUrl\":\"https:\\\/\\\/www.interpeace.org\\\/wp-content\\\/uploads\\\/2019\\\/11\\\/EN-Interpeace-small.png\",\"width\":111,\"height\":85,\"caption\":\"INTERPEACE\"},\"image\":{\"@id\":\"https:\\\/\\\/www.interpeace.org\\\/#\\\/schema\\\/logo\\\/image\\\/\"},\"sameAs\":[\"https:\\\/\\\/www.facebook.com\\\/Interpeace\",\"https:\\\/\\\/x.com\\\/InterpeaceTweet\",\"https:\\\/\\\/www.instagram.com\\\/interpeace\\\/\"]}]}<\/script>\n<!-- \/ Yoast SEO Premium plugin. -->","yoast_head_json":{"title":"Process matters - Interpeace","robots":{"index":"index","follow":"follow","max-snippet":"max-snippet:-1","max-image-preview":"max-image-preview:large","max-video-preview":"max-video-preview:-1"},"canonical":"https:\/\/www.interpeace.org\/fr\/our-approach\/pillars-of-peacebuilding\/process-matters\/","og_locale":"fr_FR","og_type":"article","og_title":"Process matters","og_description":"The process determines the result","og_url":"https:\/\/www.interpeace.org\/fr\/our-approach\/pillars-of-peacebuilding\/process-matters\/","og_site_name":"Interpeace","article_publisher":"https:\/\/www.facebook.com\/Interpeace","article_modified_time":"2024-02-06T21:18:04+00:00","og_image":[{"width":600,"height":450,"url":"https:\/\/www.interpeace.org\/wp-content\/uploads\/2011\/06\/Process_Matters.jpg","type":"image\/jpeg"}],"twitter_card":"summary_large_image","twitter_site":"@InterpeaceTweet","twitter_misc":{"Dur\u00e9e de lecture estim\u00e9e":"1 minute"},"schema":{"@context":"https:\/\/schema.org","@graph":[{"@type":"WebPage","@id":"https:\/\/www.interpeace.org\/our-approach\/pillars-of-peacebuilding\/process-matters\/","url":"https:\/\/www.interpeace.org\/our-approach\/pillars-of-peacebuilding\/process-matters\/","name":"Process matters - Interpeace","isPartOf":{"@id":"https:\/\/www.interpeace.org\/#website"},"primaryImageOfPage":{"@id":"https:\/\/www.interpeace.org\/our-approach\/pillars-of-peacebuilding\/process-matters\/#primaryimage"},"image":{"@id":"https:\/\/www.interpeace.org\/our-approach\/pillars-of-peacebuilding\/process-matters\/#primaryimage"},"thumbnailUrl":"https:\/\/www.interpeace.org\/wp-content\/uploads\/2011\/06\/Process_Matters.jpg","datePublished":"2015-07-20T14:52:25+00:00","dateModified":"2024-02-06T21:18:04+00:00","breadcrumb":{"@id":"https:\/\/www.interpeace.org\/our-approach\/pillars-of-peacebuilding\/process-matters\/#breadcrumb"},"inLanguage":"fr-FR","potentialAction":[{"@type":"ReadAction","target":["https:\/\/www.interpeace.org\/our-approach\/pillars-of-peacebuilding\/process-matters\/"]}]},{"@type":"ImageObject","inLanguage":"fr-FR","@id":"https:\/\/www.interpeace.org\/our-approach\/pillars-of-peacebuilding\/process-matters\/#primaryimage","url":"https:\/\/www.interpeace.org\/wp-content\/uploads\/2011\/06\/Process_Matters.jpg","contentUrl":"https:\/\/www.interpeace.org\/wp-content\/uploads\/2011\/06\/Process_Matters.jpg","width":600,"height":450,"caption":"Photo credit: Steve Tickner for Interpeace"},{"@type":"BreadcrumbList","@id":"https:\/\/www.interpeace.org\/our-approach\/pillars-of-peacebuilding\/process-matters\/#breadcrumb","itemListElement":[{"@type":"ListItem","position":1,"name":"Home","item":"https:\/\/www.interpeace.org\/"},{"@type":"ListItem","position":2,"name":"Our Approach","item":"https:\/\/www.interpeace.org\/our-approach\/"},{"@type":"ListItem","position":3,"name":"Peacebuilding Pillars","item":"https:\/\/www.interpeace.org\/our-approach\/pillars-of-peacebuilding\/"},{"@type":"ListItem","position":4,"name":"Process matters"}]},{"@type":"WebSite","@id":"https:\/\/www.interpeace.org\/#website","url":"https:\/\/www.interpeace.org\/","name":"Interpeace","description":"Permettre aux gens de construire une paix durable depuis 1994","publisher":{"@id":"https:\/\/www.interpeace.org\/#organization"},"potentialAction":[{"@type":"SearchAction","target":{"@type":"EntryPoint","urlTemplate":"https:\/\/www.interpeace.org\/?s={search_term_string}"},"query-input":{"@type":"PropertyValueSpecification","valueRequired":true,"valueName":"search_term_string"}}],"inLanguage":"fr-FR"},{"@type":"Organization","@id":"https:\/\/www.interpeace.org\/#organization","name":"INTERPEACE","url":"https:\/\/www.interpeace.org\/","logo":{"@type":"ImageObject","inLanguage":"fr-FR","@id":"https:\/\/www.interpeace.org\/#\/schema\/logo\/image\/","url":"https:\/\/www.interpeace.org\/wp-content\/uploads\/2019\/11\/EN-Interpeace-small.png","contentUrl":"https:\/\/www.interpeace.org\/wp-content\/uploads\/2019\/11\/EN-Interpeace-small.png","width":111,"height":85,"caption":"INTERPEACE"},"image":{"@id":"https:\/\/www.interpeace.org\/#\/schema\/logo\/image\/"},"sameAs":["https:\/\/www.facebook.com\/Interpeace","https:\/\/x.com\/InterpeaceTweet","https:\/\/www.instagram.com\/interpeace\/"]}]}},"_links":{"self":[{"href":"https:\/\/www.interpeace.org\/fr\/wp-json\/wp\/v2\/pages\/3716","targetHints":{"allow":["GET"]}}],"collection":[{"href":"https:\/\/www.interpeace.org\/fr\/wp-json\/wp\/v2\/pages"}],"about":[{"href":"https:\/\/www.interpeace.org\/fr\/wp-json\/wp\/v2\/types\/page"}],"author":[{"embeddable":true,"href":"https:\/\/www.interpeace.org\/fr\/wp-json\/wp\/v2\/users\/4"}],"replies":[{"embeddable":true,"href":"https:\/\/www.interpeace.org\/fr\/wp-json\/wp\/v2\/comments?post=3716"}],"version-history":[{"count":0,"href":"https:\/\/www.interpeace.org\/fr\/wp-json\/wp\/v2\/pages\/3716\/revisions"}],"up":[{"embeddable":true,"href":"https:\/\/www.interpeace.org\/fr\/wp-json\/wp\/v2\/pages\/8"}],"wp:featuredmedia":[{"embeddable":true,"href":"https:\/\/www.interpeace.org\/fr\/wp-json\/wp\/v2\/media\/3702"}],"wp:attachment":[{"href":"https:\/\/www.interpeace.org\/fr\/wp-json\/wp\/v2\/media?parent=3716"}],"wp:term":[{"taxonomy":"category","embeddable":true,"href":"https:\/\/www.interpeace.org\/fr\/wp-json\/wp\/v2\/categories?post=3716"},{"taxonomy":"post_tag","embeddable":true,"href":"https:\/\/www.interpeace.org\/fr\/wp-json\/wp\/v2\/tags?post=3716"}],"curies":[{"name":"wp","href":"https:\/\/api.w.org\/{rel}","templated":true}]}}