{"id":3714,"date":"2015-07-20T16:51:57","date_gmt":"2015-07-20T14:51:57","guid":{"rendered":"http:\/\/www.interpeace.org\/?page_id=3714"},"modified":"2024-02-06T22:17:16","modified_gmt":"2024-02-06T21:17:16","slug":"long-term-commitment","status":"publish","type":"page","link":"https:\/\/www.interpeace.org\/fr\/our-approach\/pillars-of-peacebuilding\/long-term-commitment\/","title":{"rendered":"Engagement sur le long terme"},"content":{"rendered":"<p><em>Construire une paix durable prend du temps<\/em><\/p>\n\n\n\n<p>B\u00e2tir une paix durable est un engagement \u00e0 long terme. Transformer la fa\u00e7on dont une soci\u00e9t\u00e9 g\u00e8re les conflits est un processus compliqu\u00e9 qui ne peut \u00eatre r\u00e9alis\u00e9 instantan\u00e9ment. Nos efforts de consolidation de la paix en tiennent compte et sont con\u00e7us comme des initiatives \u00e0 long terme.<\/p>\n\n\n\n<p>Construire une paix durable prend du temps. La route vers la paix est cahoteuse, longue, impr\u00e9visible et tout sauf droite. Le soutien aux efforts locaux demande patience et coh\u00e9rence.<\/p>\n\n\n\n<p>L'engagement ext\u00e9rieur doit \u00eatre pr\u00e9visible et garantir des engagements financiers \u00e0 long terme. Sans quoi, le maintien des processus de consolidation de la paix devient impossible.<\/p>\n\n\n\n<p>L'approche d'Interpeace met l'accent sur l'instauration de la confiance. Cette approche de la reconstruction de la soci\u00e9t\u00e9 et des institutions demande du temps et un engagement \u00e0 long terme.<\/p>","protected":false},"excerpt":{"rendered":"<p>Construire une paix durable prend du temps<\/p>","protected":false},"author":4,"featured_media":3701,"parent":8,"menu_order":271,"comment_status":"closed","ping_status":"closed","template":"","meta":{"_acf_changed":false,"_editorskit_title_hidden":false,"_editorskit_reading_time":0,"_editorskit_is_block_options_detached":false,"_editorskit_block_options_position":"{}","editor_plus_copied_stylings":"{}","_exactmetrics_skip_tracking":false,"_exactmetrics_sitenote_active":false,"_exactmetrics_sitenote_note":"","_exactmetrics_sitenote_category":0,"footnotes":"","_links_to":"","_links_to_target":""},"categories":[],"tags":[],"class_list":["post-3714","page","type-page","status-publish","has-post-thumbnail","hentry"],"acf":[],"yoast_head":"<!-- This site is optimized with the Yoast SEO Premium plugin v27.2 (Yoast SEO v27.2) - https:\/\/yoast.com\/product\/yoast-seo-premium-wordpress\/ -->\n<title>Long-term commitment - Interpeace<\/title>\n<meta name=\"robots\" content=\"index, follow, max-snippet:-1, max-image-preview:large, max-video-preview:-1\" \/>\n<link rel=\"canonical\" href=\"https:\/\/www.interpeace.org\/fr\/our-approach\/pillars-of-peacebuilding\/long-term-commitment\/\" \/>\n<meta property=\"og:locale\" content=\"fr_FR\" \/>\n<meta property=\"og:type\" content=\"article\" \/>\n<meta property=\"og:title\" content=\"Long-term commitment\" \/>\n<meta property=\"og:description\" content=\"Building lasting peace takes time\" \/>\n<meta property=\"og:url\" content=\"https:\/\/www.interpeace.org\/fr\/our-approach\/pillars-of-peacebuilding\/long-term-commitment\/\" \/>\n<meta property=\"og:site_name\" content=\"Interpeace\" \/>\n<meta property=\"article:publisher\" content=\"https:\/\/www.facebook.com\/Interpeace\" \/>\n<meta property=\"article:modified_time\" content=\"2024-02-06T21:17:16+00:00\" \/>\n<meta property=\"og:image\" content=\"https:\/\/www.interpeace.org\/wp-content\/uploads\/2011\/06\/Long_Term.jpg\" \/>\n\t<meta property=\"og:image:width\" content=\"600\" \/>\n\t<meta property=\"og:image:height\" content=\"450\" \/>\n\t<meta property=\"og:image:type\" content=\"image\/jpeg\" \/>\n<meta name=\"twitter:card\" content=\"summary_large_image\" \/>\n<meta name=\"twitter:site\" content=\"@InterpeaceTweet\" \/>\n<meta name=\"twitter:label1\" content=\"Dur\u00e9e de lecture estim\u00e9e\" \/>\n\t<meta name=\"twitter:data1\" content=\"1 minute\" \/>\n<script type=\"application\/ld+json\" class=\"yoast-schema-graph\">{\"@context\":\"https:\/\/schema.org\",\"@graph\":[{\"@type\":\"WebPage\",\"@id\":\"https:\/\/www.interpeace.org\/our-approach\/pillars-of-peacebuilding\/long-term-commitment\/\",\"url\":\"https:\/\/www.interpeace.org\/our-approach\/pillars-of-peacebuilding\/long-term-commitment\/\",\"name\":\"Long-term commitment - Interpeace\",\"isPartOf\":{\"@id\":\"https:\/\/www.interpeace.org\/#website\"},\"primaryImageOfPage\":{\"@id\":\"https:\/\/www.interpeace.org\/our-approach\/pillars-of-peacebuilding\/long-term-commitment\/#primaryimage\"},\"image\":{\"@id\":\"https:\/\/www.interpeace.org\/our-approach\/pillars-of-peacebuilding\/long-term-commitment\/#primaryimage\"},\"thumbnailUrl\":\"https:\/\/www.interpeace.org\/wp-content\/uploads\/2011\/06\/Long_Term.jpg\",\"datePublished\":\"2015-07-20T14:51:57+00:00\",\"dateModified\":\"2024-02-06T21:17:16+00:00\",\"breadcrumb\":{\"@id\":\"https:\/\/www.interpeace.org\/our-approach\/pillars-of-peacebuilding\/long-term-commitment\/#breadcrumb\"},\"inLanguage\":\"fr-FR\",\"potentialAction\":[{\"@type\":\"ReadAction\",\"target\":[\"https:\/\/www.interpeace.org\/our-approach\/pillars-of-peacebuilding\/long-term-commitment\/\"]}]},{\"@type\":\"ImageObject\",\"inLanguage\":\"fr-FR\",\"@id\":\"https:\/\/www.interpeace.org\/our-approach\/pillars-of-peacebuilding\/long-term-commitment\/#primaryimage\",\"url\":\"https:\/\/www.interpeace.org\/wp-content\/uploads\/2011\/06\/Long_Term.jpg\",\"contentUrl\":\"https:\/\/www.interpeace.org\/wp-content\/uploads\/2011\/06\/Long_Term.jpg\",\"width\":600,\"height\":450,\"caption\":\"Photo credit: Ryan Anson for Interpeace\"},{\"@type\":\"BreadcrumbList\",\"@id\":\"https:\/\/www.interpeace.org\/our-approach\/pillars-of-peacebuilding\/long-term-commitment\/#breadcrumb\",\"itemListElement\":[{\"@type\":\"ListItem\",\"position\":1,\"name\":\"Home\",\"item\":\"https:\/\/www.interpeace.org\/\"},{\"@type\":\"ListItem\",\"position\":2,\"name\":\"Our Approach\",\"item\":\"https:\/\/www.interpeace.org\/our-approach\/\"},{\"@type\":\"ListItem\",\"position\":3,\"name\":\"Peacebuilding Pillars\",\"item\":\"https:\/\/www.interpeace.org\/our-approach\/pillars-of-peacebuilding\/\"},{\"@type\":\"ListItem\",\"position\":4,\"name\":\"Long-term commitment\"}]},{\"@type\":\"WebSite\",\"@id\":\"https:\/\/www.interpeace.org\/#website\",\"url\":\"https:\/\/www.interpeace.org\/\",\"name\":\"Interpeace\",\"description\":\"Enabling people to build lasting peace since 1994\",\"publisher\":{\"@id\":\"https:\/\/www.interpeace.org\/#organization\"},\"potentialAction\":[{\"@type\":\"SearchAction\",\"target\":{\"@type\":\"EntryPoint\",\"urlTemplate\":\"https:\/\/www.interpeace.org\/?s={search_term_string}\"},\"query-input\":{\"@type\":\"PropertyValueSpecification\",\"valueRequired\":true,\"valueName\":\"search_term_string\"}}],\"inLanguage\":\"fr-FR\"},{\"@type\":\"Organization\",\"@id\":\"https:\/\/www.interpeace.org\/#organization\",\"name\":\"INTERPEACE\",\"url\":\"https:\/\/www.interpeace.org\/\",\"logo\":{\"@type\":\"ImageObject\",\"inLanguage\":\"fr-FR\",\"@id\":\"https:\/\/www.interpeace.org\/#\/schema\/logo\/image\/\",\"url\":\"https:\/\/www.interpeace.org\/wp-content\/uploads\/2019\/11\/EN-Interpeace-small.png\",\"contentUrl\":\"https:\/\/www.interpeace.org\/wp-content\/uploads\/2019\/11\/EN-Interpeace-small.png\",\"width\":111,\"height\":85,\"caption\":\"INTERPEACE\"},\"image\":{\"@id\":\"https:\/\/www.interpeace.org\/#\/schema\/logo\/image\/\"},\"sameAs\":[\"https:\/\/www.facebook.com\/Interpeace\",\"https:\/\/x.com\/InterpeaceTweet\",\"https:\/\/www.instagram.com\/interpeace\/\"]}]}<\/script>\n<!-- \/ Yoast SEO Premium plugin. -->","yoast_head_json":{"title":"Long-term commitment - Interpeace","robots":{"index":"index","follow":"follow","max-snippet":"max-snippet:-1","max-image-preview":"max-image-preview:large","max-video-preview":"max-video-preview:-1"},"canonical":"https:\/\/www.interpeace.org\/fr\/our-approach\/pillars-of-peacebuilding\/long-term-commitment\/","og_locale":"fr_FR","og_type":"article","og_title":"Long-term commitment","og_description":"Building lasting peace takes time","og_url":"https:\/\/www.interpeace.org\/fr\/our-approach\/pillars-of-peacebuilding\/long-term-commitment\/","og_site_name":"Interpeace","article_publisher":"https:\/\/www.facebook.com\/Interpeace","article_modified_time":"2024-02-06T21:17:16+00:00","og_image":[{"width":600,"height":450,"url":"https:\/\/www.interpeace.org\/wp-content\/uploads\/2011\/06\/Long_Term.jpg","type":"image\/jpeg"}],"twitter_card":"summary_large_image","twitter_site":"@InterpeaceTweet","twitter_misc":{"Dur\u00e9e de lecture estim\u00e9e":"1 minute"},"schema":{"@context":"https:\/\/schema.org","@graph":[{"@type":"WebPage","@id":"https:\/\/www.interpeace.org\/our-approach\/pillars-of-peacebuilding\/long-term-commitment\/","url":"https:\/\/www.interpeace.org\/our-approach\/pillars-of-peacebuilding\/long-term-commitment\/","name":"Long-term commitment - Interpeace","isPartOf":{"@id":"https:\/\/www.interpeace.org\/#website"},"primaryImageOfPage":{"@id":"https:\/\/www.interpeace.org\/our-approach\/pillars-of-peacebuilding\/long-term-commitment\/#primaryimage"},"image":{"@id":"https:\/\/www.interpeace.org\/our-approach\/pillars-of-peacebuilding\/long-term-commitment\/#primaryimage"},"thumbnailUrl":"https:\/\/www.interpeace.org\/wp-content\/uploads\/2011\/06\/Long_Term.jpg","datePublished":"2015-07-20T14:51:57+00:00","dateModified":"2024-02-06T21:17:16+00:00","breadcrumb":{"@id":"https:\/\/www.interpeace.org\/our-approach\/pillars-of-peacebuilding\/long-term-commitment\/#breadcrumb"},"inLanguage":"fr-FR","potentialAction":[{"@type":"ReadAction","target":["https:\/\/www.interpeace.org\/our-approach\/pillars-of-peacebuilding\/long-term-commitment\/"]}]},{"@type":"ImageObject","inLanguage":"fr-FR","@id":"https:\/\/www.interpeace.org\/our-approach\/pillars-of-peacebuilding\/long-term-commitment\/#primaryimage","url":"https:\/\/www.interpeace.org\/wp-content\/uploads\/2011\/06\/Long_Term.jpg","contentUrl":"https:\/\/www.interpeace.org\/wp-content\/uploads\/2011\/06\/Long_Term.jpg","width":600,"height":450,"caption":"Photo credit: Ryan Anson for Interpeace"},{"@type":"BreadcrumbList","@id":"https:\/\/www.interpeace.org\/our-approach\/pillars-of-peacebuilding\/long-term-commitment\/#breadcrumb","itemListElement":[{"@type":"ListItem","position":1,"name":"Home","item":"https:\/\/www.interpeace.org\/"},{"@type":"ListItem","position":2,"name":"Our Approach","item":"https:\/\/www.interpeace.org\/our-approach\/"},{"@type":"ListItem","position":3,"name":"Peacebuilding Pillars","item":"https:\/\/www.interpeace.org\/our-approach\/pillars-of-peacebuilding\/"},{"@type":"ListItem","position":4,"name":"Long-term commitment"}]},{"@type":"WebSite","@id":"https:\/\/www.interpeace.org\/#website","url":"https:\/\/www.interpeace.org\/","name":"Interpeace","description":"Permettre aux gens de construire une paix durable depuis 1994","publisher":{"@id":"https:\/\/www.interpeace.org\/#organization"},"potentialAction":[{"@type":"SearchAction","target":{"@type":"EntryPoint","urlTemplate":"https:\/\/www.interpeace.org\/?s={search_term_string}"},"query-input":{"@type":"PropertyValueSpecification","valueRequired":true,"valueName":"search_term_string"}}],"inLanguage":"fr-FR"},{"@type":"Organization","@id":"https:\/\/www.interpeace.org\/#organization","name":"INTERPEACE","url":"https:\/\/www.interpeace.org\/","logo":{"@type":"ImageObject","inLanguage":"fr-FR","@id":"https:\/\/www.interpeace.org\/#\/schema\/logo\/image\/","url":"https:\/\/www.interpeace.org\/wp-content\/uploads\/2019\/11\/EN-Interpeace-small.png","contentUrl":"https:\/\/www.interpeace.org\/wp-content\/uploads\/2019\/11\/EN-Interpeace-small.png","width":111,"height":85,"caption":"INTERPEACE"},"image":{"@id":"https:\/\/www.interpeace.org\/#\/schema\/logo\/image\/"},"sameAs":["https:\/\/www.facebook.com\/Interpeace","https:\/\/x.com\/InterpeaceTweet","https:\/\/www.instagram.com\/interpeace\/"]}]}},"_links":{"self":[{"href":"https:\/\/www.interpeace.org\/fr\/wp-json\/wp\/v2\/pages\/3714","targetHints":{"allow":["GET"]}}],"collection":[{"href":"https:\/\/www.interpeace.org\/fr\/wp-json\/wp\/v2\/pages"}],"about":[{"href":"https:\/\/www.interpeace.org\/fr\/wp-json\/wp\/v2\/types\/page"}],"author":[{"embeddable":true,"href":"https:\/\/www.interpeace.org\/fr\/wp-json\/wp\/v2\/users\/4"}],"replies":[{"embeddable":true,"href":"https:\/\/www.interpeace.org\/fr\/wp-json\/wp\/v2\/comments?post=3714"}],"version-history":[{"count":0,"href":"https:\/\/www.interpeace.org\/fr\/wp-json\/wp\/v2\/pages\/3714\/revisions"}],"up":[{"embeddable":true,"href":"https:\/\/www.interpeace.org\/fr\/wp-json\/wp\/v2\/pages\/8"}],"wp:featuredmedia":[{"embeddable":true,"href":"https:\/\/www.interpeace.org\/fr\/wp-json\/wp\/v2\/media\/3701"}],"wp:attachment":[{"href":"https:\/\/www.interpeace.org\/fr\/wp-json\/wp\/v2\/media?parent=3714"}],"wp:term":[{"taxonomy":"category","embeddable":true,"href":"https:\/\/www.interpeace.org\/fr\/wp-json\/wp\/v2\/categories?post=3714"},{"taxonomy":"post_tag","embeddable":true,"href":"https:\/\/www.interpeace.org\/fr\/wp-json\/wp\/v2\/tags?post=3714"}],"curies":[{"name":"wp","href":"https:\/\/api.w.org\/{rel}","templated":true}]}}