{"id":3709,"date":"2015-07-20T16:49:28","date_gmt":"2015-07-20T14:49:28","guid":{"rendered":"http:\/\/www.interpeace.org\/?page_id=3709"},"modified":"2024-02-06T22:15:45","modified_gmt":"2024-02-06T21:15:45","slug":"building-trust","status":"publish","type":"page","link":"https:\/\/www.interpeace.org\/fr\/our-approach\/pillars-of-peacebuilding\/building-trust\/","title":{"rendered":"Confiance dans les relations"},"content":{"rendered":"<p><em>La confiance est la cl\u00e9 de vo\u00fbte de la paix<br><\/em><\/p>\n\n\n\n<p>La confiance unit les relations, les soci\u00e9t\u00e9s et les \u00e9conomies. Un conflit violent entra\u00eene la rupture de la confiance. C'est pourquoi nous faisons de sa reconstruction un \u00e9l\u00e9ment central de notre approche. En travaillant avec tous les secteurs et niveaux de la soci\u00e9t\u00e9 pour d\u00e9velopper une vision commune de l'avenir, nous contribuons \u00e0 une meilleure compr\u00e9hension mutuelle et \u00e0 la restauration de la confiance.<\/p>\n\n\n\n<p>Le conflit d\u00e9chire le tissu des soci\u00e9t\u00e9s. La m\u00e9fiance alt\u00e8re toutes les relations, y compris entre les gens et leurs dirigeants. Dans un tel contexte, les plus petits probl\u00e8mes peuvent d\u00e9g\u00e9n\u00e9rer en violence \u00e0 grande \u00e9chelle.<\/p>\n\n\n\n<p>En offrant des espaces de dialogue s\u00fbrs, Interpeace aide les soci\u00e9t\u00e9s \u00e0 r\u00e9tablir la confiance gr\u00e2ce \u00e0 l'identification collaborative des obstacles \u00e0 une paix durable et en \u00e9laborant des solutions aux probl\u00e8mes communs.<\/p>\n\n\n\n<p>Current policies often put a priority&nbsp;on the \u2019hardware\u2019 of rebuilding&nbsp;countries after conflict: infrastructure,&nbsp;government buildings, demobilized&nbsp;soldiers, the timing of elections and&nbsp;police stations built. Very often, these&nbsp;efforts fail to also focus on the crucial&nbsp;\u2018software\u2019: reconciliation between&nbsp;former antagonists, trust in public&nbsp;institutions, and traditional practices&nbsp;of dispute resolution.<\/p>\n\n\n\n<p>La confiance donne aux institutions une l\u00e9gitimit\u00e9 durable et aide les individus et les groupes \u00e0 rester engag\u00e9s dans le processus long et ardu de construction d'une paix durable.<\/p>","protected":false},"excerpt":{"rendered":"<p>La confiance est la cl\u00e9 de vo\u00fbte de la paix<\/p>","protected":false},"author":4,"featured_media":3693,"parent":8,"menu_order":269,"comment_status":"closed","ping_status":"closed","template":"","meta":{"_acf_changed":false,"_editorskit_title_hidden":false,"_editorskit_reading_time":0,"_editorskit_is_block_options_detached":false,"_editorskit_block_options_position":"{}","editor_plus_copied_stylings":"{}","_exactmetrics_skip_tracking":false,"_exactmetrics_sitenote_active":false,"_exactmetrics_sitenote_note":"","_exactmetrics_sitenote_category":0,"footnotes":"","_links_to":"","_links_to_target":""},"categories":[],"tags":[],"class_list":["post-3709","page","type-page","status-publish","has-post-thumbnail","hentry"],"acf":[],"yoast_head":"<!-- This site is optimized with the Yoast SEO Premium plugin v27.2 (Yoast SEO v27.2) - https:\/\/yoast.com\/product\/yoast-seo-premium-wordpress\/ -->\n<title>Building trust - Interpeace<\/title>\n<meta name=\"robots\" content=\"index, follow, max-snippet:-1, max-image-preview:large, max-video-preview:-1\" \/>\n<link rel=\"canonical\" href=\"https:\/\/www.interpeace.org\/fr\/our-approach\/pillars-of-peacebuilding\/building-trust\/\" \/>\n<meta property=\"og:locale\" content=\"fr_FR\" \/>\n<meta property=\"og:type\" content=\"article\" \/>\n<meta property=\"og:title\" content=\"Building trust\" \/>\n<meta property=\"og:description\" content=\"This is the keystone of peace\" \/>\n<meta property=\"og:url\" content=\"https:\/\/www.interpeace.org\/fr\/our-approach\/pillars-of-peacebuilding\/building-trust\/\" \/>\n<meta property=\"og:site_name\" content=\"Interpeace\" \/>\n<meta property=\"article:publisher\" content=\"https:\/\/www.facebook.com\/Interpeace\" \/>\n<meta property=\"article:modified_time\" content=\"2024-02-06T21:15:45+00:00\" \/>\n<meta property=\"og:image\" content=\"https:\/\/www.interpeace.org\/wp-content\/uploads\/2011\/06\/Building_Trust.jpg\" \/>\n\t<meta property=\"og:image:width\" content=\"600\" \/>\n\t<meta property=\"og:image:height\" content=\"449\" \/>\n\t<meta property=\"og:image:type\" content=\"image\/jpeg\" \/>\n<meta name=\"twitter:card\" content=\"summary_large_image\" \/>\n<meta name=\"twitter:site\" content=\"@InterpeaceTweet\" \/>\n<meta name=\"twitter:label1\" content=\"Dur\u00e9e de lecture estim\u00e9e\" \/>\n\t<meta name=\"twitter:data1\" content=\"2 minutes\" \/>\n<script type=\"application\/ld+json\" class=\"yoast-schema-graph\">{\"@context\":\"https:\/\/schema.org\",\"@graph\":[{\"@type\":\"WebPage\",\"@id\":\"https:\/\/www.interpeace.org\/our-approach\/pillars-of-peacebuilding\/building-trust\/\",\"url\":\"https:\/\/www.interpeace.org\/our-approach\/pillars-of-peacebuilding\/building-trust\/\",\"name\":\"Building trust - Interpeace\",\"isPartOf\":{\"@id\":\"https:\/\/www.interpeace.org\/#website\"},\"primaryImageOfPage\":{\"@id\":\"https:\/\/www.interpeace.org\/our-approach\/pillars-of-peacebuilding\/building-trust\/#primaryimage\"},\"image\":{\"@id\":\"https:\/\/www.interpeace.org\/our-approach\/pillars-of-peacebuilding\/building-trust\/#primaryimage\"},\"thumbnailUrl\":\"https:\/\/www.interpeace.org\/wp-content\/uploads\/2011\/06\/Building_Trust.jpg\",\"datePublished\":\"2015-07-20T14:49:28+00:00\",\"dateModified\":\"2024-02-06T21:15:45+00:00\",\"breadcrumb\":{\"@id\":\"https:\/\/www.interpeace.org\/our-approach\/pillars-of-peacebuilding\/building-trust\/#breadcrumb\"},\"inLanguage\":\"fr-FR\",\"potentialAction\":[{\"@type\":\"ReadAction\",\"target\":[\"https:\/\/www.interpeace.org\/our-approach\/pillars-of-peacebuilding\/building-trust\/\"]}]},{\"@type\":\"ImageObject\",\"inLanguage\":\"fr-FR\",\"@id\":\"https:\/\/www.interpeace.org\/our-approach\/pillars-of-peacebuilding\/building-trust\/#primaryimage\",\"url\":\"https:\/\/www.interpeace.org\/wp-content\/uploads\/2011\/06\/Building_Trust.jpg\",\"contentUrl\":\"https:\/\/www.interpeace.org\/wp-content\/uploads\/2011\/06\/Building_Trust.jpg\",\"width\":600,\"height\":449,\"caption\":\"Photo credit: CRD\"},{\"@type\":\"BreadcrumbList\",\"@id\":\"https:\/\/www.interpeace.org\/our-approach\/pillars-of-peacebuilding\/building-trust\/#breadcrumb\",\"itemListElement\":[{\"@type\":\"ListItem\",\"position\":1,\"name\":\"Home\",\"item\":\"https:\/\/www.interpeace.org\/\"},{\"@type\":\"ListItem\",\"position\":2,\"name\":\"Our Approach\",\"item\":\"https:\/\/www.interpeace.org\/our-approach\/\"},{\"@type\":\"ListItem\",\"position\":3,\"name\":\"Peacebuilding Pillars\",\"item\":\"https:\/\/www.interpeace.org\/our-approach\/pillars-of-peacebuilding\/\"},{\"@type\":\"ListItem\",\"position\":4,\"name\":\"Building trust\"}]},{\"@type\":\"WebSite\",\"@id\":\"https:\/\/www.interpeace.org\/#website\",\"url\":\"https:\/\/www.interpeace.org\/\",\"name\":\"Interpeace\",\"description\":\"Enabling people to build lasting peace since 1994\",\"publisher\":{\"@id\":\"https:\/\/www.interpeace.org\/#organization\"},\"potentialAction\":[{\"@type\":\"SearchAction\",\"target\":{\"@type\":\"EntryPoint\",\"urlTemplate\":\"https:\/\/www.interpeace.org\/?s={search_term_string}\"},\"query-input\":{\"@type\":\"PropertyValueSpecification\",\"valueRequired\":true,\"valueName\":\"search_term_string\"}}],\"inLanguage\":\"fr-FR\"},{\"@type\":\"Organization\",\"@id\":\"https:\/\/www.interpeace.org\/#organization\",\"name\":\"INTERPEACE\",\"url\":\"https:\/\/www.interpeace.org\/\",\"logo\":{\"@type\":\"ImageObject\",\"inLanguage\":\"fr-FR\",\"@id\":\"https:\/\/www.interpeace.org\/#\/schema\/logo\/image\/\",\"url\":\"https:\/\/www.interpeace.org\/wp-content\/uploads\/2019\/11\/EN-Interpeace-small.png\",\"contentUrl\":\"https:\/\/www.interpeace.org\/wp-content\/uploads\/2019\/11\/EN-Interpeace-small.png\",\"width\":111,\"height\":85,\"caption\":\"INTERPEACE\"},\"image\":{\"@id\":\"https:\/\/www.interpeace.org\/#\/schema\/logo\/image\/\"},\"sameAs\":[\"https:\/\/www.facebook.com\/Interpeace\",\"https:\/\/x.com\/InterpeaceTweet\",\"https:\/\/www.instagram.com\/interpeace\/\"]}]}<\/script>\n<!-- \/ Yoast SEO Premium plugin. -->","yoast_head_json":{"title":"Building trust - Interpeace","robots":{"index":"index","follow":"follow","max-snippet":"max-snippet:-1","max-image-preview":"max-image-preview:large","max-video-preview":"max-video-preview:-1"},"canonical":"https:\/\/www.interpeace.org\/fr\/our-approach\/pillars-of-peacebuilding\/building-trust\/","og_locale":"fr_FR","og_type":"article","og_title":"Building trust","og_description":"This is the keystone of peace","og_url":"https:\/\/www.interpeace.org\/fr\/our-approach\/pillars-of-peacebuilding\/building-trust\/","og_site_name":"Interpeace","article_publisher":"https:\/\/www.facebook.com\/Interpeace","article_modified_time":"2024-02-06T21:15:45+00:00","og_image":[{"width":600,"height":449,"url":"https:\/\/www.interpeace.org\/wp-content\/uploads\/2011\/06\/Building_Trust.jpg","type":"image\/jpeg"}],"twitter_card":"summary_large_image","twitter_site":"@InterpeaceTweet","twitter_misc":{"Dur\u00e9e de lecture estim\u00e9e":"2 minutes"},"schema":{"@context":"https:\/\/schema.org","@graph":[{"@type":"WebPage","@id":"https:\/\/www.interpeace.org\/our-approach\/pillars-of-peacebuilding\/building-trust\/","url":"https:\/\/www.interpeace.org\/our-approach\/pillars-of-peacebuilding\/building-trust\/","name":"Building trust - Interpeace","isPartOf":{"@id":"https:\/\/www.interpeace.org\/#website"},"primaryImageOfPage":{"@id":"https:\/\/www.interpeace.org\/our-approach\/pillars-of-peacebuilding\/building-trust\/#primaryimage"},"image":{"@id":"https:\/\/www.interpeace.org\/our-approach\/pillars-of-peacebuilding\/building-trust\/#primaryimage"},"thumbnailUrl":"https:\/\/www.interpeace.org\/wp-content\/uploads\/2011\/06\/Building_Trust.jpg","datePublished":"2015-07-20T14:49:28+00:00","dateModified":"2024-02-06T21:15:45+00:00","breadcrumb":{"@id":"https:\/\/www.interpeace.org\/our-approach\/pillars-of-peacebuilding\/building-trust\/#breadcrumb"},"inLanguage":"fr-FR","potentialAction":[{"@type":"ReadAction","target":["https:\/\/www.interpeace.org\/our-approach\/pillars-of-peacebuilding\/building-trust\/"]}]},{"@type":"ImageObject","inLanguage":"fr-FR","@id":"https:\/\/www.interpeace.org\/our-approach\/pillars-of-peacebuilding\/building-trust\/#primaryimage","url":"https:\/\/www.interpeace.org\/wp-content\/uploads\/2011\/06\/Building_Trust.jpg","contentUrl":"https:\/\/www.interpeace.org\/wp-content\/uploads\/2011\/06\/Building_Trust.jpg","width":600,"height":449,"caption":"Photo credit: CRD"},{"@type":"BreadcrumbList","@id":"https:\/\/www.interpeace.org\/our-approach\/pillars-of-peacebuilding\/building-trust\/#breadcrumb","itemListElement":[{"@type":"ListItem","position":1,"name":"Home","item":"https:\/\/www.interpeace.org\/"},{"@type":"ListItem","position":2,"name":"Our Approach","item":"https:\/\/www.interpeace.org\/our-approach\/"},{"@type":"ListItem","position":3,"name":"Peacebuilding Pillars","item":"https:\/\/www.interpeace.org\/our-approach\/pillars-of-peacebuilding\/"},{"@type":"ListItem","position":4,"name":"Building trust"}]},{"@type":"WebSite","@id":"https:\/\/www.interpeace.org\/#website","url":"https:\/\/www.interpeace.org\/","name":"Interpeace","description":"Permettre aux gens de construire une paix durable depuis 1994","publisher":{"@id":"https:\/\/www.interpeace.org\/#organization"},"potentialAction":[{"@type":"SearchAction","target":{"@type":"EntryPoint","urlTemplate":"https:\/\/www.interpeace.org\/?s={search_term_string}"},"query-input":{"@type":"PropertyValueSpecification","valueRequired":true,"valueName":"search_term_string"}}],"inLanguage":"fr-FR"},{"@type":"Organization","@id":"https:\/\/www.interpeace.org\/#organization","name":"INTERPEACE","url":"https:\/\/www.interpeace.org\/","logo":{"@type":"ImageObject","inLanguage":"fr-FR","@id":"https:\/\/www.interpeace.org\/#\/schema\/logo\/image\/","url":"https:\/\/www.interpeace.org\/wp-content\/uploads\/2019\/11\/EN-Interpeace-small.png","contentUrl":"https:\/\/www.interpeace.org\/wp-content\/uploads\/2019\/11\/EN-Interpeace-small.png","width":111,"height":85,"caption":"INTERPEACE"},"image":{"@id":"https:\/\/www.interpeace.org\/#\/schema\/logo\/image\/"},"sameAs":["https:\/\/www.facebook.com\/Interpeace","https:\/\/x.com\/InterpeaceTweet","https:\/\/www.instagram.com\/interpeace\/"]}]}},"_links":{"self":[{"href":"https:\/\/www.interpeace.org\/fr\/wp-json\/wp\/v2\/pages\/3709","targetHints":{"allow":["GET"]}}],"collection":[{"href":"https:\/\/www.interpeace.org\/fr\/wp-json\/wp\/v2\/pages"}],"about":[{"href":"https:\/\/www.interpeace.org\/fr\/wp-json\/wp\/v2\/types\/page"}],"author":[{"embeddable":true,"href":"https:\/\/www.interpeace.org\/fr\/wp-json\/wp\/v2\/users\/4"}],"replies":[{"embeddable":true,"href":"https:\/\/www.interpeace.org\/fr\/wp-json\/wp\/v2\/comments?post=3709"}],"version-history":[{"count":0,"href":"https:\/\/www.interpeace.org\/fr\/wp-json\/wp\/v2\/pages\/3709\/revisions"}],"up":[{"embeddable":true,"href":"https:\/\/www.interpeace.org\/fr\/wp-json\/wp\/v2\/pages\/8"}],"wp:featuredmedia":[{"embeddable":true,"href":"https:\/\/www.interpeace.org\/fr\/wp-json\/wp\/v2\/media\/3693"}],"wp:attachment":[{"href":"https:\/\/www.interpeace.org\/fr\/wp-json\/wp\/v2\/media?parent=3709"}],"wp:term":[{"taxonomy":"category","embeddable":true,"href":"https:\/\/www.interpeace.org\/fr\/wp-json\/wp\/v2\/categories?post=3709"},{"taxonomy":"post_tag","embeddable":true,"href":"https:\/\/www.interpeace.org\/fr\/wp-json\/wp\/v2\/tags?post=3709"}],"curies":[{"name":"wp","href":"https:\/\/api.w.org\/{rel}","templated":true}]}}