{"id":3705,"date":"2015-07-20T16:46:22","date_gmt":"2015-07-20T14:46:22","guid":{"rendered":"http:\/\/www.interpeace.org\/?page_id=3705"},"modified":"2024-02-06T22:14:02","modified_gmt":"2024-02-06T21:14:02","slug":"local-ownership","status":"publish","type":"page","link":"https:\/\/www.interpeace.org\/fr\/our-approach\/pillars-of-peacebuilding\/local-ownership\/","title":{"rendered":"Appropriation locale"},"content":{"rendered":"<p><em>Placer les populations locales au c\u0153ur de la construction de la paix<\/em><\/p>\n\n\n\n<p>La paix ne peut pas venir de l'ext\u00e9rieur. Nous pensons que la paix doit \u00eatre \u00e9difi\u00e9e au sein des soci\u00e9t\u00e9s. Nous cr\u00e9ons, en collaboration avec nos partenaires locaux, des espaces de dialogue qui permettent la participation active des populations locales afin d'identifier les d\u00e9fis de consolidation de la paix et d\u00e9velopper leurs propres solutions. En garantissant l'appropriation locale, nous ouvrons la voie \u00e0 la durabilit\u00e9 des efforts de consolidation de la paix.<\/p>\n\n\n\n<p>Nous veillons \u00e0 ce que les priorit\u00e9s soient d\u00e9termin\u00e9es localement et non impos\u00e9es de l'ext\u00e9rieur. En choisissant l'appropriation locale, nous garantissons que les pr\u00e9occupations locales sont au centre de la consolidation de la paix. En faisant participer les gens \u00e0 la d\u00e9finition du probl\u00e8me, nous leur permettons d'acqu\u00e9rir le sens des responsabilit\u00e9s et de s'approprier les solutions.<\/p>\n\n\n\n<p>L'appropriation locale garantit la durabilit\u00e9 des efforts de consolidation de la paix.<\/p>\n\n\n\n<p><\/p>","protected":false},"excerpt":{"rendered":"<p>Placer les populations locales au c\u0153ur de la construction de la paix<\/p>","protected":false},"author":4,"featured_media":3700,"parent":8,"menu_order":269,"comment_status":"closed","ping_status":"closed","template":"","meta":{"_acf_changed":false,"_editorskit_title_hidden":false,"_editorskit_reading_time":0,"_editorskit_is_block_options_detached":false,"_editorskit_block_options_position":"{}","editor_plus_copied_stylings":"{}","_exactmetrics_skip_tracking":false,"_exactmetrics_sitenote_active":false,"_exactmetrics_sitenote_note":"","_exactmetrics_sitenote_category":0,"footnotes":"","_links_to":"","_links_to_target":""},"categories":[],"tags":[],"class_list":["post-3705","page","type-page","status-publish","has-post-thumbnail","hentry"],"acf":[],"yoast_head":"<!-- This site is optimized with the Yoast SEO Premium plugin v27.4 (Yoast SEO v27.4) - https:\/\/yoast.com\/product\/yoast-seo-premium-wordpress\/ -->\n<title>Local ownership - Interpeace<\/title>\n<meta name=\"robots\" content=\"index, follow, max-snippet:-1, max-image-preview:large, max-video-preview:-1\" \/>\n<link rel=\"canonical\" href=\"https:\/\/www.interpeace.org\/fr\/our-approach\/pillars-of-peacebuilding\/local-ownership\/\" \/>\n<meta property=\"og:locale\" content=\"fr_FR\" \/>\n<meta property=\"og:type\" content=\"article\" \/>\n<meta property=\"og:title\" content=\"Local ownership\" \/>\n<meta property=\"og:description\" content=\"Putting local people at the heart of building peace\" \/>\n<meta property=\"og:url\" content=\"https:\/\/www.interpeace.org\/fr\/our-approach\/pillars-of-peacebuilding\/local-ownership\/\" \/>\n<meta property=\"og:site_name\" content=\"Interpeace\" \/>\n<meta property=\"article:publisher\" content=\"https:\/\/www.facebook.com\/Interpeace\" \/>\n<meta property=\"article:modified_time\" content=\"2024-02-06T21:14:02+00:00\" \/>\n<meta property=\"og:image\" content=\"https:\/\/www.interpeace.org\/wp-content\/uploads\/2011\/06\/Local_Ownership.jpg\" \/>\n\t<meta property=\"og:image:width\" content=\"600\" \/>\n\t<meta property=\"og:image:height\" content=\"450\" \/>\n\t<meta property=\"og:image:type\" content=\"image\/jpeg\" \/>\n<meta name=\"twitter:card\" content=\"summary_large_image\" \/>\n<meta name=\"twitter:site\" content=\"@InterpeaceTweet\" \/>\n<meta name=\"twitter:label1\" content=\"Dur\u00e9e de lecture estim\u00e9e\" \/>\n\t<meta name=\"twitter:data1\" content=\"2 minutes\" \/>\n<script type=\"application\/ld+json\" class=\"yoast-schema-graph\">{\"@context\":\"https:\\\/\\\/schema.org\",\"@graph\":[{\"@type\":\"WebPage\",\"@id\":\"https:\\\/\\\/www.interpeace.org\\\/our-approach\\\/pillars-of-peacebuilding\\\/local-ownership\\\/\",\"url\":\"https:\\\/\\\/www.interpeace.org\\\/our-approach\\\/pillars-of-peacebuilding\\\/local-ownership\\\/\",\"name\":\"Local ownership - Interpeace\",\"isPartOf\":{\"@id\":\"https:\\\/\\\/www.interpeace.org\\\/#website\"},\"primaryImageOfPage\":{\"@id\":\"https:\\\/\\\/www.interpeace.org\\\/our-approach\\\/pillars-of-peacebuilding\\\/local-ownership\\\/#primaryimage\"},\"image\":{\"@id\":\"https:\\\/\\\/www.interpeace.org\\\/our-approach\\\/pillars-of-peacebuilding\\\/local-ownership\\\/#primaryimage\"},\"thumbnailUrl\":\"https:\\\/\\\/www.interpeace.org\\\/wp-content\\\/uploads\\\/2011\\\/06\\\/Local_Ownership.jpg\",\"datePublished\":\"2015-07-20T14:46:22+00:00\",\"dateModified\":\"2024-02-06T21:14:02+00:00\",\"breadcrumb\":{\"@id\":\"https:\\\/\\\/www.interpeace.org\\\/our-approach\\\/pillars-of-peacebuilding\\\/local-ownership\\\/#breadcrumb\"},\"inLanguage\":\"fr-FR\",\"potentialAction\":[{\"@type\":\"ReadAction\",\"target\":[\"https:\\\/\\\/www.interpeace.org\\\/our-approach\\\/pillars-of-peacebuilding\\\/local-ownership\\\/\"]}]},{\"@type\":\"ImageObject\",\"inLanguage\":\"fr-FR\",\"@id\":\"https:\\\/\\\/www.interpeace.org\\\/our-approach\\\/pillars-of-peacebuilding\\\/local-ownership\\\/#primaryimage\",\"url\":\"https:\\\/\\\/www.interpeace.org\\\/wp-content\\\/uploads\\\/2011\\\/06\\\/Local_Ownership.jpg\",\"contentUrl\":\"https:\\\/\\\/www.interpeace.org\\\/wp-content\\\/uploads\\\/2011\\\/06\\\/Local_Ownership.jpg\",\"width\":600,\"height\":450,\"caption\":\"Photo credit: P4DP\"},{\"@type\":\"BreadcrumbList\",\"@id\":\"https:\\\/\\\/www.interpeace.org\\\/our-approach\\\/pillars-of-peacebuilding\\\/local-ownership\\\/#breadcrumb\",\"itemListElement\":[{\"@type\":\"ListItem\",\"position\":1,\"name\":\"Home\",\"item\":\"https:\\\/\\\/www.interpeace.org\\\/\"},{\"@type\":\"ListItem\",\"position\":2,\"name\":\"Our Approach\",\"item\":\"https:\\\/\\\/www.interpeace.org\\\/our-approach\\\/\"},{\"@type\":\"ListItem\",\"position\":3,\"name\":\"Peacebuilding Pillars\",\"item\":\"https:\\\/\\\/www.interpeace.org\\\/our-approach\\\/pillars-of-peacebuilding\\\/\"},{\"@type\":\"ListItem\",\"position\":4,\"name\":\"Local ownership\"}]},{\"@type\":\"WebSite\",\"@id\":\"https:\\\/\\\/www.interpeace.org\\\/#website\",\"url\":\"https:\\\/\\\/www.interpeace.org\\\/\",\"name\":\"Interpeace\",\"description\":\"Enabling people to build lasting peace since 1994\",\"publisher\":{\"@id\":\"https:\\\/\\\/www.interpeace.org\\\/#organization\"},\"potentialAction\":[{\"@type\":\"SearchAction\",\"target\":{\"@type\":\"EntryPoint\",\"urlTemplate\":\"https:\\\/\\\/www.interpeace.org\\\/?s={search_term_string}\"},\"query-input\":{\"@type\":\"PropertyValueSpecification\",\"valueRequired\":true,\"valueName\":\"search_term_string\"}}],\"inLanguage\":\"fr-FR\"},{\"@type\":\"Organization\",\"@id\":\"https:\\\/\\\/www.interpeace.org\\\/#organization\",\"name\":\"INTERPEACE\",\"url\":\"https:\\\/\\\/www.interpeace.org\\\/\",\"logo\":{\"@type\":\"ImageObject\",\"inLanguage\":\"fr-FR\",\"@id\":\"https:\\\/\\\/www.interpeace.org\\\/#\\\/schema\\\/logo\\\/image\\\/\",\"url\":\"https:\\\/\\\/www.interpeace.org\\\/wp-content\\\/uploads\\\/2019\\\/11\\\/EN-Interpeace-small.png\",\"contentUrl\":\"https:\\\/\\\/www.interpeace.org\\\/wp-content\\\/uploads\\\/2019\\\/11\\\/EN-Interpeace-small.png\",\"width\":111,\"height\":85,\"caption\":\"INTERPEACE\"},\"image\":{\"@id\":\"https:\\\/\\\/www.interpeace.org\\\/#\\\/schema\\\/logo\\\/image\\\/\"},\"sameAs\":[\"https:\\\/\\\/www.facebook.com\\\/Interpeace\",\"https:\\\/\\\/x.com\\\/InterpeaceTweet\",\"https:\\\/\\\/www.instagram.com\\\/interpeace\\\/\"]}]}<\/script>\n<!-- \/ Yoast SEO Premium plugin. -->","yoast_head_json":{"title":"Local ownership - Interpeace","robots":{"index":"index","follow":"follow","max-snippet":"max-snippet:-1","max-image-preview":"max-image-preview:large","max-video-preview":"max-video-preview:-1"},"canonical":"https:\/\/www.interpeace.org\/fr\/our-approach\/pillars-of-peacebuilding\/local-ownership\/","og_locale":"fr_FR","og_type":"article","og_title":"Local ownership","og_description":"Putting local people at the heart of building peace","og_url":"https:\/\/www.interpeace.org\/fr\/our-approach\/pillars-of-peacebuilding\/local-ownership\/","og_site_name":"Interpeace","article_publisher":"https:\/\/www.facebook.com\/Interpeace","article_modified_time":"2024-02-06T21:14:02+00:00","og_image":[{"width":600,"height":450,"url":"https:\/\/www.interpeace.org\/wp-content\/uploads\/2011\/06\/Local_Ownership.jpg","type":"image\/jpeg"}],"twitter_card":"summary_large_image","twitter_site":"@InterpeaceTweet","twitter_misc":{"Dur\u00e9e de lecture estim\u00e9e":"2 minutes"},"schema":{"@context":"https:\/\/schema.org","@graph":[{"@type":"WebPage","@id":"https:\/\/www.interpeace.org\/our-approach\/pillars-of-peacebuilding\/local-ownership\/","url":"https:\/\/www.interpeace.org\/our-approach\/pillars-of-peacebuilding\/local-ownership\/","name":"Local ownership - Interpeace","isPartOf":{"@id":"https:\/\/www.interpeace.org\/#website"},"primaryImageOfPage":{"@id":"https:\/\/www.interpeace.org\/our-approach\/pillars-of-peacebuilding\/local-ownership\/#primaryimage"},"image":{"@id":"https:\/\/www.interpeace.org\/our-approach\/pillars-of-peacebuilding\/local-ownership\/#primaryimage"},"thumbnailUrl":"https:\/\/www.interpeace.org\/wp-content\/uploads\/2011\/06\/Local_Ownership.jpg","datePublished":"2015-07-20T14:46:22+00:00","dateModified":"2024-02-06T21:14:02+00:00","breadcrumb":{"@id":"https:\/\/www.interpeace.org\/our-approach\/pillars-of-peacebuilding\/local-ownership\/#breadcrumb"},"inLanguage":"fr-FR","potentialAction":[{"@type":"ReadAction","target":["https:\/\/www.interpeace.org\/our-approach\/pillars-of-peacebuilding\/local-ownership\/"]}]},{"@type":"ImageObject","inLanguage":"fr-FR","@id":"https:\/\/www.interpeace.org\/our-approach\/pillars-of-peacebuilding\/local-ownership\/#primaryimage","url":"https:\/\/www.interpeace.org\/wp-content\/uploads\/2011\/06\/Local_Ownership.jpg","contentUrl":"https:\/\/www.interpeace.org\/wp-content\/uploads\/2011\/06\/Local_Ownership.jpg","width":600,"height":450,"caption":"Photo credit: P4DP"},{"@type":"BreadcrumbList","@id":"https:\/\/www.interpeace.org\/our-approach\/pillars-of-peacebuilding\/local-ownership\/#breadcrumb","itemListElement":[{"@type":"ListItem","position":1,"name":"Home","item":"https:\/\/www.interpeace.org\/"},{"@type":"ListItem","position":2,"name":"Our Approach","item":"https:\/\/www.interpeace.org\/our-approach\/"},{"@type":"ListItem","position":3,"name":"Peacebuilding Pillars","item":"https:\/\/www.interpeace.org\/our-approach\/pillars-of-peacebuilding\/"},{"@type":"ListItem","position":4,"name":"Local ownership"}]},{"@type":"WebSite","@id":"https:\/\/www.interpeace.org\/#website","url":"https:\/\/www.interpeace.org\/","name":"Interpeace","description":"Permettre aux gens de construire une paix durable depuis 1994","publisher":{"@id":"https:\/\/www.interpeace.org\/#organization"},"potentialAction":[{"@type":"SearchAction","target":{"@type":"EntryPoint","urlTemplate":"https:\/\/www.interpeace.org\/?s={search_term_string}"},"query-input":{"@type":"PropertyValueSpecification","valueRequired":true,"valueName":"search_term_string"}}],"inLanguage":"fr-FR"},{"@type":"Organization","@id":"https:\/\/www.interpeace.org\/#organization","name":"INTERPEACE","url":"https:\/\/www.interpeace.org\/","logo":{"@type":"ImageObject","inLanguage":"fr-FR","@id":"https:\/\/www.interpeace.org\/#\/schema\/logo\/image\/","url":"https:\/\/www.interpeace.org\/wp-content\/uploads\/2019\/11\/EN-Interpeace-small.png","contentUrl":"https:\/\/www.interpeace.org\/wp-content\/uploads\/2019\/11\/EN-Interpeace-small.png","width":111,"height":85,"caption":"INTERPEACE"},"image":{"@id":"https:\/\/www.interpeace.org\/#\/schema\/logo\/image\/"},"sameAs":["https:\/\/www.facebook.com\/Interpeace","https:\/\/x.com\/InterpeaceTweet","https:\/\/www.instagram.com\/interpeace\/"]}]}},"_links":{"self":[{"href":"https:\/\/www.interpeace.org\/fr\/wp-json\/wp\/v2\/pages\/3705","targetHints":{"allow":["GET"]}}],"collection":[{"href":"https:\/\/www.interpeace.org\/fr\/wp-json\/wp\/v2\/pages"}],"about":[{"href":"https:\/\/www.interpeace.org\/fr\/wp-json\/wp\/v2\/types\/page"}],"author":[{"embeddable":true,"href":"https:\/\/www.interpeace.org\/fr\/wp-json\/wp\/v2\/users\/4"}],"replies":[{"embeddable":true,"href":"https:\/\/www.interpeace.org\/fr\/wp-json\/wp\/v2\/comments?post=3705"}],"version-history":[{"count":0,"href":"https:\/\/www.interpeace.org\/fr\/wp-json\/wp\/v2\/pages\/3705\/revisions"}],"up":[{"embeddable":true,"href":"https:\/\/www.interpeace.org\/fr\/wp-json\/wp\/v2\/pages\/8"}],"wp:featuredmedia":[{"embeddable":true,"href":"https:\/\/www.interpeace.org\/fr\/wp-json\/wp\/v2\/media\/3700"}],"wp:attachment":[{"href":"https:\/\/www.interpeace.org\/fr\/wp-json\/wp\/v2\/media?parent=3705"}],"wp:term":[{"taxonomy":"category","embeddable":true,"href":"https:\/\/www.interpeace.org\/fr\/wp-json\/wp\/v2\/categories?post=3705"},{"taxonomy":"post_tag","embeddable":true,"href":"https:\/\/www.interpeace.org\/fr\/wp-json\/wp\/v2\/tags?post=3705"}],"curies":[{"name":"wp","href":"https:\/\/api.w.org\/{rel}","templated":true}]}}