{"id":3313,"date":"2015-07-05T18:19:05","date_gmt":"2015-07-05T16:19:05","guid":{"rendered":"http:\/\/www.interpeace.org\/?page_id=3313"},"modified":"2024-07-29T22:16:07","modified_gmt":"2024-07-29T20:16:07","slug":"ipat","status":"publish","type":"page","link":"https:\/\/www.interpeace.org\/fr\/our-approach\/ipat\/","title":{"rendered":"\u00c9quipe consultative d'Interpeace (IPAT)"},"content":{"rendered":"<p>Construire la paix est un processus complexe et \u00e0 long terme, parsem\u00e9 de d\u00e9fis. M\u00eame lorsque nous avons la meilleure analyse, il peut \u00eatre difficile de concr\u00e9tiser les bonnes id\u00e9es.<\/p>\n<p>L'IPAT a \u00e9t\u00e9 cr\u00e9\u00e9e en 2013 par Interpeace pour r\u00e9pondre \u00e0 une demande croissante d'acteurs internationaux et nationaux souhaitant b\u00e9n\u00e9ficier de l'exp\u00e9rience et du savoir-faire de l'organisation pour am\u00e9liorer l'impact de leurs strat\u00e9gies, politiques et processus de consolidation de la paix.<\/p>\n<p>Nous fournissons des services de <a href=\"http:\/\/ipat-interpeace.org\/strategic-advising\/\" target=\"_blank\" rel=\"noopener noreferrer\">conseil strat\u00e9gique<\/a> et de renforcement des capacit\u00e9s, qui combinent les connaissances locales d'Interpeace en mati\u00e8re de consolidation de la paix avec les derni\u00e8res r\u00e9flexions internationales afin d'aider nos clients \u00e0 acqu\u00e9rir de nouvelles connaissances, de nouvelles comp\u00e9tences et un savoir-faire am\u00e9lior\u00e9.<\/p>\n<p>Our Senior Peacebuilding Advisers and Associates work with each individual and\/or team to select the right approaches to learning, analysis and design to help them achieve their goals. We focus on understanding the dynamics between all stakeholder groups, to uncover challenges and opportunities for peace that could otherwise be overlooked, and work with stakeholders to make strategic use of such new insights to create inclusive and effective strategies, policies and processes.<\/p>\n<p>Pour en savoir plus sur l'IPAT et la mani\u00e8re de solliciter ses services, <a href=\"https:\/\/www.ipat-interpeace.org\/contact\/\">cliquez ici<\/a>.<\/p>\n<p><strong>Apprenez et postulez au cours Conseils efficaces - \u00c9dition mondiale ici <a href=\"https:\/\/www.ipat-interpeace.org\/effective-advising-global-edition\/\">ici<\/a><\/strong><\/p>","protected":false},"excerpt":{"rendered":"<p>Building peace is a complex, long-term process filled with challenges. Even when we have the best analysis, translating the right insights into impact can be hard to achieve. IPAT was created in 2013 by Interpeace to respond to an increasing demand from international and national actors wishing to benefit from the organisation\u2019s experience and know-how [&hellip;]<\/p>\n","protected":false},"author":1,"featured_media":13498,"parent":3350,"menu_order":275,"comment_status":"closed","ping_status":"closed","template":"","meta":{"_acf_changed":false,"_editorskit_title_hidden":false,"_editorskit_reading_time":0,"_editorskit_is_block_options_detached":false,"_editorskit_block_options_position":"{}","editor_plus_copied_stylings":"{}","_exactmetrics_skip_tracking":false,"_exactmetrics_sitenote_active":false,"_exactmetrics_sitenote_note":"","_exactmetrics_sitenote_category":0,"footnotes":"","_links_to":"","_links_to_target":""},"categories":[],"tags":[],"class_list":["post-3313","page","type-page","status-publish","has-post-thumbnail","hentry"],"acf":[],"yoast_head":"<!-- This site is optimized with the Yoast SEO Premium plugin v27.2 (Yoast SEO v27.2) - https:\/\/yoast.com\/product\/yoast-seo-premium-wordpress\/ -->\n<title>Interpeace Advisory Team (IPAT) - Interpeace<\/title>\n<meta name=\"robots\" content=\"index, follow, max-snippet:-1, max-image-preview:large, max-video-preview:-1\" \/>\n<link rel=\"canonical\" href=\"https:\/\/www.interpeace.org\/fr\/our-approach\/ipat\/\" \/>\n<meta property=\"og:locale\" content=\"fr_FR\" \/>\n<meta property=\"og:type\" content=\"article\" \/>\n<meta property=\"og:title\" content=\"Interpeace Advisory Team (IPAT)\" \/>\n<meta property=\"og:description\" content=\"Building peace is a complex, long-term process filled with challenges. Even when we have the best analysis, translating the right insights into impact can be hard to achieve. IPAT was created in 2013 by Interpeace to respond to an increasing demand from international and national actors wishing to benefit from the organisation\u2019s experience and know-how [&hellip;]\" \/>\n<meta property=\"og:url\" content=\"https:\/\/www.interpeace.org\/fr\/our-approach\/ipat\/\" \/>\n<meta property=\"og:site_name\" content=\"Interpeace\" \/>\n<meta property=\"article:publisher\" content=\"https:\/\/www.facebook.com\/Interpeace\" \/>\n<meta property=\"article:modified_time\" content=\"2024-07-29T20:16:07+00:00\" \/>\n<meta property=\"og:image\" content=\"https:\/\/www.interpeace.org\/wp-content\/uploads\/2023\/03\/IMG_3076-scaled-1.jpeg\" \/>\n\t<meta property=\"og:image:width\" content=\"2560\" \/>\n\t<meta property=\"og:image:height\" content=\"1920\" \/>\n\t<meta property=\"og:image:type\" content=\"image\/jpeg\" \/>\n<meta name=\"twitter:card\" content=\"summary_large_image\" \/>\n<meta name=\"twitter:site\" content=\"@InterpeaceTweet\" \/>\n<meta name=\"twitter:label1\" content=\"Dur\u00e9e de lecture estim\u00e9e\" \/>\n\t<meta name=\"twitter:data1\" content=\"2 minutes\" \/>\n<script type=\"application\/ld+json\" class=\"yoast-schema-graph\">{\"@context\":\"https:\/\/schema.org\",\"@graph\":[{\"@type\":\"WebPage\",\"@id\":\"https:\/\/www.interpeace.org\/our-approach\/ipat\/\",\"url\":\"https:\/\/www.interpeace.org\/our-approach\/ipat\/\",\"name\":\"Interpeace Advisory Team (IPAT) - Interpeace\",\"isPartOf\":{\"@id\":\"https:\/\/www.interpeace.org\/#website\"},\"primaryImageOfPage\":{\"@id\":\"https:\/\/www.interpeace.org\/our-approach\/ipat\/#primaryimage\"},\"image\":{\"@id\":\"https:\/\/www.interpeace.org\/our-approach\/ipat\/#primaryimage\"},\"thumbnailUrl\":\"https:\/\/www.interpeace.org\/wp-content\/uploads\/2023\/03\/IMG_3076-scaled-1.jpeg\",\"datePublished\":\"2015-07-05T16:19:05+00:00\",\"dateModified\":\"2024-07-29T20:16:07+00:00\",\"breadcrumb\":{\"@id\":\"https:\/\/www.interpeace.org\/our-approach\/ipat\/#breadcrumb\"},\"inLanguage\":\"fr-FR\",\"potentialAction\":[{\"@type\":\"ReadAction\",\"target\":[\"https:\/\/www.interpeace.org\/our-approach\/ipat\/\"]}]},{\"@type\":\"ImageObject\",\"inLanguage\":\"fr-FR\",\"@id\":\"https:\/\/www.interpeace.org\/our-approach\/ipat\/#primaryimage\",\"url\":\"https:\/\/www.interpeace.org\/wp-content\/uploads\/2023\/03\/IMG_3076-scaled-1.jpeg\",\"contentUrl\":\"https:\/\/www.interpeace.org\/wp-content\/uploads\/2023\/03\/IMG_3076-scaled-1.jpeg\",\"width\":2560,\"height\":1920},{\"@type\":\"BreadcrumbList\",\"@id\":\"https:\/\/www.interpeace.org\/our-approach\/ipat\/#breadcrumb\",\"itemListElement\":[{\"@type\":\"ListItem\",\"position\":1,\"name\":\"Home\",\"item\":\"https:\/\/www.interpeace.org\/\"},{\"@type\":\"ListItem\",\"position\":2,\"name\":\"Our Approach\",\"item\":\"https:\/\/www.interpeace.org\/our-approach\/\"},{\"@type\":\"ListItem\",\"position\":3,\"name\":\"Interpeace Advisory Team (IPAT)\"}]},{\"@type\":\"WebSite\",\"@id\":\"https:\/\/www.interpeace.org\/#website\",\"url\":\"https:\/\/www.interpeace.org\/\",\"name\":\"Interpeace\",\"description\":\"Enabling people to build lasting peace since 1994\",\"publisher\":{\"@id\":\"https:\/\/www.interpeace.org\/#organization\"},\"potentialAction\":[{\"@type\":\"SearchAction\",\"target\":{\"@type\":\"EntryPoint\",\"urlTemplate\":\"https:\/\/www.interpeace.org\/?s={search_term_string}\"},\"query-input\":{\"@type\":\"PropertyValueSpecification\",\"valueRequired\":true,\"valueName\":\"search_term_string\"}}],\"inLanguage\":\"fr-FR\"},{\"@type\":\"Organization\",\"@id\":\"https:\/\/www.interpeace.org\/#organization\",\"name\":\"INTERPEACE\",\"url\":\"https:\/\/www.interpeace.org\/\",\"logo\":{\"@type\":\"ImageObject\",\"inLanguage\":\"fr-FR\",\"@id\":\"https:\/\/www.interpeace.org\/#\/schema\/logo\/image\/\",\"url\":\"https:\/\/www.interpeace.org\/wp-content\/uploads\/2019\/11\/EN-Interpeace-small.png\",\"contentUrl\":\"https:\/\/www.interpeace.org\/wp-content\/uploads\/2019\/11\/EN-Interpeace-small.png\",\"width\":111,\"height\":85,\"caption\":\"INTERPEACE\"},\"image\":{\"@id\":\"https:\/\/www.interpeace.org\/#\/schema\/logo\/image\/\"},\"sameAs\":[\"https:\/\/www.facebook.com\/Interpeace\",\"https:\/\/x.com\/InterpeaceTweet\",\"https:\/\/www.instagram.com\/interpeace\/\"]}]}<\/script>\n<!-- \/ Yoast SEO Premium plugin. -->","yoast_head_json":{"title":"Interpeace Advisory Team (IPAT) - Interpeace","robots":{"index":"index","follow":"follow","max-snippet":"max-snippet:-1","max-image-preview":"max-image-preview:large","max-video-preview":"max-video-preview:-1"},"canonical":"https:\/\/www.interpeace.org\/fr\/our-approach\/ipat\/","og_locale":"fr_FR","og_type":"article","og_title":"Interpeace Advisory Team (IPAT)","og_description":"Building peace is a complex, long-term process filled with challenges. Even when we have the best analysis, translating the right insights into impact can be hard to achieve. IPAT was created in 2013 by Interpeace to respond to an increasing demand from international and national actors wishing to benefit from the organisation\u2019s experience and know-how [&hellip;]","og_url":"https:\/\/www.interpeace.org\/fr\/our-approach\/ipat\/","og_site_name":"Interpeace","article_publisher":"https:\/\/www.facebook.com\/Interpeace","article_modified_time":"2024-07-29T20:16:07+00:00","og_image":[{"width":2560,"height":1920,"url":"https:\/\/www.interpeace.org\/wp-content\/uploads\/2023\/03\/IMG_3076-scaled-1.jpeg","type":"image\/jpeg"}],"twitter_card":"summary_large_image","twitter_site":"@InterpeaceTweet","twitter_misc":{"Dur\u00e9e de lecture estim\u00e9e":"2 minutes"},"schema":{"@context":"https:\/\/schema.org","@graph":[{"@type":"WebPage","@id":"https:\/\/www.interpeace.org\/our-approach\/ipat\/","url":"https:\/\/www.interpeace.org\/our-approach\/ipat\/","name":"Interpeace Advisory Team (IPAT) - Interpeace","isPartOf":{"@id":"https:\/\/www.interpeace.org\/#website"},"primaryImageOfPage":{"@id":"https:\/\/www.interpeace.org\/our-approach\/ipat\/#primaryimage"},"image":{"@id":"https:\/\/www.interpeace.org\/our-approach\/ipat\/#primaryimage"},"thumbnailUrl":"https:\/\/www.interpeace.org\/wp-content\/uploads\/2023\/03\/IMG_3076-scaled-1.jpeg","datePublished":"2015-07-05T16:19:05+00:00","dateModified":"2024-07-29T20:16:07+00:00","breadcrumb":{"@id":"https:\/\/www.interpeace.org\/our-approach\/ipat\/#breadcrumb"},"inLanguage":"fr-FR","potentialAction":[{"@type":"ReadAction","target":["https:\/\/www.interpeace.org\/our-approach\/ipat\/"]}]},{"@type":"ImageObject","inLanguage":"fr-FR","@id":"https:\/\/www.interpeace.org\/our-approach\/ipat\/#primaryimage","url":"https:\/\/www.interpeace.org\/wp-content\/uploads\/2023\/03\/IMG_3076-scaled-1.jpeg","contentUrl":"https:\/\/www.interpeace.org\/wp-content\/uploads\/2023\/03\/IMG_3076-scaled-1.jpeg","width":2560,"height":1920},{"@type":"BreadcrumbList","@id":"https:\/\/www.interpeace.org\/our-approach\/ipat\/#breadcrumb","itemListElement":[{"@type":"ListItem","position":1,"name":"Home","item":"https:\/\/www.interpeace.org\/"},{"@type":"ListItem","position":2,"name":"Our Approach","item":"https:\/\/www.interpeace.org\/our-approach\/"},{"@type":"ListItem","position":3,"name":"Interpeace Advisory Team (IPAT)"}]},{"@type":"WebSite","@id":"https:\/\/www.interpeace.org\/#website","url":"https:\/\/www.interpeace.org\/","name":"Interpeace","description":"Permettre aux gens de construire une paix durable depuis 1994","publisher":{"@id":"https:\/\/www.interpeace.org\/#organization"},"potentialAction":[{"@type":"SearchAction","target":{"@type":"EntryPoint","urlTemplate":"https:\/\/www.interpeace.org\/?s={search_term_string}"},"query-input":{"@type":"PropertyValueSpecification","valueRequired":true,"valueName":"search_term_string"}}],"inLanguage":"fr-FR"},{"@type":"Organization","@id":"https:\/\/www.interpeace.org\/#organization","name":"INTERPEACE","url":"https:\/\/www.interpeace.org\/","logo":{"@type":"ImageObject","inLanguage":"fr-FR","@id":"https:\/\/www.interpeace.org\/#\/schema\/logo\/image\/","url":"https:\/\/www.interpeace.org\/wp-content\/uploads\/2019\/11\/EN-Interpeace-small.png","contentUrl":"https:\/\/www.interpeace.org\/wp-content\/uploads\/2019\/11\/EN-Interpeace-small.png","width":111,"height":85,"caption":"INTERPEACE"},"image":{"@id":"https:\/\/www.interpeace.org\/#\/schema\/logo\/image\/"},"sameAs":["https:\/\/www.facebook.com\/Interpeace","https:\/\/x.com\/InterpeaceTweet","https:\/\/www.instagram.com\/interpeace\/"]}]}},"_links":{"self":[{"href":"https:\/\/www.interpeace.org\/fr\/wp-json\/wp\/v2\/pages\/3313","targetHints":{"allow":["GET"]}}],"collection":[{"href":"https:\/\/www.interpeace.org\/fr\/wp-json\/wp\/v2\/pages"}],"about":[{"href":"https:\/\/www.interpeace.org\/fr\/wp-json\/wp\/v2\/types\/page"}],"author":[{"embeddable":true,"href":"https:\/\/www.interpeace.org\/fr\/wp-json\/wp\/v2\/users\/1"}],"replies":[{"embeddable":true,"href":"https:\/\/www.interpeace.org\/fr\/wp-json\/wp\/v2\/comments?post=3313"}],"version-history":[{"count":0,"href":"https:\/\/www.interpeace.org\/fr\/wp-json\/wp\/v2\/pages\/3313\/revisions"}],"up":[{"embeddable":true,"href":"https:\/\/www.interpeace.org\/fr\/wp-json\/wp\/v2\/pages\/3350"}],"wp:featuredmedia":[{"embeddable":true,"href":"https:\/\/www.interpeace.org\/fr\/wp-json\/wp\/v2\/media\/13498"}],"wp:attachment":[{"href":"https:\/\/www.interpeace.org\/fr\/wp-json\/wp\/v2\/media?parent=3313"}],"wp:term":[{"taxonomy":"category","embeddable":true,"href":"https:\/\/www.interpeace.org\/fr\/wp-json\/wp\/v2\/categories?post=3313"},{"taxonomy":"post_tag","embeddable":true,"href":"https:\/\/www.interpeace.org\/fr\/wp-json\/wp\/v2\/tags?post=3313"}],"curies":[{"name":"wp","href":"https:\/\/api.w.org\/{rel}","templated":true}]}}