{"id":152,"date":"2011-07-13T07:16:03","date_gmt":"2011-07-13T05:16:03","guid":{"rendered":"http:\/\/www.interpeace.org\/2011\/07\/13\/fast-facts\/"},"modified":"2025-05-20T19:08:29","modified_gmt":"2025-05-20T17:08:29","slug":"about-us","status":"publish","type":"page","link":"https:\/\/www.interpeace.org\/fr\/who-we-are\/about-us\/","title":{"rendered":"\u00c0 propos de nous"},"content":{"rendered":"<p>Interpeace est une organisation internationale qui pr\u00e9vient la violence et construit une paix durable. Nous avons 30 ans d'exp\u00e9rience en Afrique, au Moyen-Orient, en Asie, en Europe et en Am\u00e9rique latine.<\/p>\n<p>Les conflits violents d\u00e9chirent les soci\u00e9t\u00e9s et alt\u00e8rent les relations. Interpeace instaure la confiance pour agir comme de la colle qui rassemble les soci\u00e9t\u00e9s.<\/p>\n<p>Il arrive trop souvent que les solutions aux conflits ne soient pas durables car elles sont impos\u00e9es ou ne tiennent pas pleinement compte des opinions et des besoins de ceux qui sont les plus touch\u00e9s. Interpeace s'efforce de concevoir et de mener localement des solutions depuis les communaut\u00e9s de base jusqu'aux plus hauts niveaux de d\u00e9cision.<\/p>\n<p>Lorsqu'ils sont au c\u0153ur des conflits, il peut \u00eatre difficile pour les gens de voir ce qui les relie aux autres, plut\u00f4t que ce qui les s\u00e9pare. Notre approche vise \u00e0 aider diff\u00e9rentes parties de la soci\u00e9t\u00e9 \u00e0 se rassembler afin d'identifier et d'exploiter leurs forces communes pour une paix durable.<\/p>\n<p>Chacun peut apporter sa contribution aux questions de paix, en particulier en collaboration avec la communaut\u00e9 internationale. Interpeace soutient donc \u00e9galement les autres en proposant une r\u00e9flexion nouvelle et des conseils d'experts dans le domaine de la consolidation de la paix.<\/p>","protected":false},"excerpt":{"rendered":"<p>Interpeace is an international organization that prevents violence and builds lasting peace. We have 30 years of experience working in Africa, the Middle East, Asia, Europe and Latin America. Violent conflict tears apart societies and colors all relationships. Interpeace builds trust as the glue that bring societies back together. Many solutions to conflict do not [&hellip;]<\/p>\n","protected":false},"author":2,"featured_media":17472,"parent":3413,"menu_order":199,"comment_status":"open","ping_status":"closed","template":"","meta":{"_acf_changed":false,"_editorskit_title_hidden":false,"_editorskit_reading_time":0,"_editorskit_is_block_options_detached":false,"_editorskit_block_options_position":"{}","editor_plus_copied_stylings":"{}","_exactmetrics_skip_tracking":false,"_exactmetrics_sitenote_active":false,"_exactmetrics_sitenote_note":"","_exactmetrics_sitenote_category":0,"footnotes":"","_links_to":"","_links_to_target":""},"categories":[1],"tags":[],"class_list":["post-152","page","type-page","status-publish","has-post-thumbnail","hentry","category-uncategorized"],"acf":[],"yoast_head":"<!-- This site is optimized with the Yoast SEO Premium plugin v27.4 (Yoast SEO v27.4) - https:\/\/yoast.com\/product\/yoast-seo-premium-wordpress\/ -->\n<title>About Us - Interpeace<\/title>\n<meta name=\"robots\" content=\"index, follow, max-snippet:-1, max-image-preview:large, max-video-preview:-1\" \/>\n<link rel=\"canonical\" href=\"https:\/\/www.interpeace.org\/fr\/who-we-are\/about-us\/\" \/>\n<meta property=\"og:locale\" content=\"fr_FR\" \/>\n<meta property=\"og:type\" content=\"article\" \/>\n<meta property=\"og:title\" content=\"About Us\" \/>\n<meta property=\"og:description\" content=\"Interpeace is an international organization that prevents violence and builds lasting peace. We have 30 years of experience working in Africa, the Middle East, Asia, Europe and Latin America. Violent conflict tears apart societies and colors all relationships. Interpeace builds trust as the glue that bring societies back together. Many solutions to conflict do not [&hellip;]\" \/>\n<meta property=\"og:url\" content=\"https:\/\/www.interpeace.org\/fr\/who-we-are\/about-us\/\" \/>\n<meta property=\"og:site_name\" content=\"Interpeace\" \/>\n<meta property=\"article:publisher\" content=\"https:\/\/www.facebook.com\/Interpeace\" \/>\n<meta property=\"article:modified_time\" content=\"2025-05-20T17:08:29+00:00\" \/>\n<meta property=\"og:image\" content=\"https:\/\/www.interpeace.org\/wp-content\/uploads\/2025\/05\/Strategic-Aim-2-Enhance-Peace-GM-scaled.jpg\" \/>\n\t<meta property=\"og:image:width\" content=\"2560\" \/>\n\t<meta property=\"og:image:height\" content=\"1707\" \/>\n\t<meta property=\"og:image:type\" content=\"image\/jpeg\" \/>\n<meta name=\"twitter:card\" content=\"summary_large_image\" \/>\n<meta name=\"twitter:site\" content=\"@InterpeaceTweet\" \/>\n<meta name=\"twitter:label1\" content=\"Dur\u00e9e de lecture estim\u00e9e\" \/>\n\t<meta name=\"twitter:data1\" content=\"2 minutes\" \/>\n<script type=\"application\/ld+json\" class=\"yoast-schema-graph\">{\"@context\":\"https:\\\/\\\/schema.org\",\"@graph\":[{\"@type\":\"WebPage\",\"@id\":\"https:\\\/\\\/www.interpeace.org\\\/who-we-are\\\/about-us\\\/\",\"url\":\"https:\\\/\\\/www.interpeace.org\\\/who-we-are\\\/about-us\\\/\",\"name\":\"About Us - Interpeace\",\"isPartOf\":{\"@id\":\"https:\\\/\\\/www.interpeace.org\\\/#website\"},\"primaryImageOfPage\":{\"@id\":\"https:\\\/\\\/www.interpeace.org\\\/who-we-are\\\/about-us\\\/#primaryimage\"},\"image\":{\"@id\":\"https:\\\/\\\/www.interpeace.org\\\/who-we-are\\\/about-us\\\/#primaryimage\"},\"thumbnailUrl\":\"https:\\\/\\\/www.interpeace.org\\\/wp-content\\\/uploads\\\/2025\\\/05\\\/Strategic-Aim-2-Enhance-Peace-GM-scaled.jpg\",\"datePublished\":\"2011-07-13T05:16:03+00:00\",\"dateModified\":\"2025-05-20T17:08:29+00:00\",\"breadcrumb\":{\"@id\":\"https:\\\/\\\/www.interpeace.org\\\/who-we-are\\\/about-us\\\/#breadcrumb\"},\"inLanguage\":\"fr-FR\",\"potentialAction\":[{\"@type\":\"ReadAction\",\"target\":[\"https:\\\/\\\/www.interpeace.org\\\/who-we-are\\\/about-us\\\/\"]}]},{\"@type\":\"ImageObject\",\"inLanguage\":\"fr-FR\",\"@id\":\"https:\\\/\\\/www.interpeace.org\\\/who-we-are\\\/about-us\\\/#primaryimage\",\"url\":\"https:\\\/\\\/www.interpeace.org\\\/wp-content\\\/uploads\\\/2025\\\/05\\\/Strategic-Aim-2-Enhance-Peace-GM-scaled.jpg\",\"contentUrl\":\"https:\\\/\\\/www.interpeace.org\\\/wp-content\\\/uploads\\\/2025\\\/05\\\/Strategic-Aim-2-Enhance-Peace-GM-scaled.jpg\",\"width\":2560,\"height\":1707},{\"@type\":\"BreadcrumbList\",\"@id\":\"https:\\\/\\\/www.interpeace.org\\\/who-we-are\\\/about-us\\\/#breadcrumb\",\"itemListElement\":[{\"@type\":\"ListItem\",\"position\":1,\"name\":\"Home\",\"item\":\"https:\\\/\\\/www.interpeace.org\\\/\"},{\"@type\":\"ListItem\",\"position\":2,\"name\":\"Who We Are\",\"item\":\"https:\\\/\\\/www.interpeace.org\\\/who-we-are\\\/\"},{\"@type\":\"ListItem\",\"position\":3,\"name\":\"About Us\"}]},{\"@type\":\"WebSite\",\"@id\":\"https:\\\/\\\/www.interpeace.org\\\/#website\",\"url\":\"https:\\\/\\\/www.interpeace.org\\\/\",\"name\":\"Interpeace\",\"description\":\"Enabling people to build lasting peace since 1994\",\"publisher\":{\"@id\":\"https:\\\/\\\/www.interpeace.org\\\/#organization\"},\"potentialAction\":[{\"@type\":\"SearchAction\",\"target\":{\"@type\":\"EntryPoint\",\"urlTemplate\":\"https:\\\/\\\/www.interpeace.org\\\/?s={search_term_string}\"},\"query-input\":{\"@type\":\"PropertyValueSpecification\",\"valueRequired\":true,\"valueName\":\"search_term_string\"}}],\"inLanguage\":\"fr-FR\"},{\"@type\":\"Organization\",\"@id\":\"https:\\\/\\\/www.interpeace.org\\\/#organization\",\"name\":\"INTERPEACE\",\"url\":\"https:\\\/\\\/www.interpeace.org\\\/\",\"logo\":{\"@type\":\"ImageObject\",\"inLanguage\":\"fr-FR\",\"@id\":\"https:\\\/\\\/www.interpeace.org\\\/#\\\/schema\\\/logo\\\/image\\\/\",\"url\":\"https:\\\/\\\/www.interpeace.org\\\/wp-content\\\/uploads\\\/2019\\\/11\\\/EN-Interpeace-small.png\",\"contentUrl\":\"https:\\\/\\\/www.interpeace.org\\\/wp-content\\\/uploads\\\/2019\\\/11\\\/EN-Interpeace-small.png\",\"width\":111,\"height\":85,\"caption\":\"INTERPEACE\"},\"image\":{\"@id\":\"https:\\\/\\\/www.interpeace.org\\\/#\\\/schema\\\/logo\\\/image\\\/\"},\"sameAs\":[\"https:\\\/\\\/www.facebook.com\\\/Interpeace\",\"https:\\\/\\\/x.com\\\/InterpeaceTweet\",\"https:\\\/\\\/www.instagram.com\\\/interpeace\\\/\"]}]}<\/script>\n<!-- \/ Yoast SEO Premium plugin. -->","yoast_head_json":{"title":"About Us - Interpeace","robots":{"index":"index","follow":"follow","max-snippet":"max-snippet:-1","max-image-preview":"max-image-preview:large","max-video-preview":"max-video-preview:-1"},"canonical":"https:\/\/www.interpeace.org\/fr\/who-we-are\/about-us\/","og_locale":"fr_FR","og_type":"article","og_title":"About Us","og_description":"Interpeace is an international organization that prevents violence and builds lasting peace. We have 30 years of experience working in Africa, the Middle East, Asia, Europe and Latin America. Violent conflict tears apart societies and colors all relationships. Interpeace builds trust as the glue that bring societies back together. Many solutions to conflict do not [&hellip;]","og_url":"https:\/\/www.interpeace.org\/fr\/who-we-are\/about-us\/","og_site_name":"Interpeace","article_publisher":"https:\/\/www.facebook.com\/Interpeace","article_modified_time":"2025-05-20T17:08:29+00:00","og_image":[{"width":2560,"height":1707,"url":"https:\/\/www.interpeace.org\/wp-content\/uploads\/2025\/05\/Strategic-Aim-2-Enhance-Peace-GM-scaled.jpg","type":"image\/jpeg"}],"twitter_card":"summary_large_image","twitter_site":"@InterpeaceTweet","twitter_misc":{"Dur\u00e9e de lecture estim\u00e9e":"2 minutes"},"schema":{"@context":"https:\/\/schema.org","@graph":[{"@type":"WebPage","@id":"https:\/\/www.interpeace.org\/who-we-are\/about-us\/","url":"https:\/\/www.interpeace.org\/who-we-are\/about-us\/","name":"About Us - Interpeace","isPartOf":{"@id":"https:\/\/www.interpeace.org\/#website"},"primaryImageOfPage":{"@id":"https:\/\/www.interpeace.org\/who-we-are\/about-us\/#primaryimage"},"image":{"@id":"https:\/\/www.interpeace.org\/who-we-are\/about-us\/#primaryimage"},"thumbnailUrl":"https:\/\/www.interpeace.org\/wp-content\/uploads\/2025\/05\/Strategic-Aim-2-Enhance-Peace-GM-scaled.jpg","datePublished":"2011-07-13T05:16:03+00:00","dateModified":"2025-05-20T17:08:29+00:00","breadcrumb":{"@id":"https:\/\/www.interpeace.org\/who-we-are\/about-us\/#breadcrumb"},"inLanguage":"fr-FR","potentialAction":[{"@type":"ReadAction","target":["https:\/\/www.interpeace.org\/who-we-are\/about-us\/"]}]},{"@type":"ImageObject","inLanguage":"fr-FR","@id":"https:\/\/www.interpeace.org\/who-we-are\/about-us\/#primaryimage","url":"https:\/\/www.interpeace.org\/wp-content\/uploads\/2025\/05\/Strategic-Aim-2-Enhance-Peace-GM-scaled.jpg","contentUrl":"https:\/\/www.interpeace.org\/wp-content\/uploads\/2025\/05\/Strategic-Aim-2-Enhance-Peace-GM-scaled.jpg","width":2560,"height":1707},{"@type":"BreadcrumbList","@id":"https:\/\/www.interpeace.org\/who-we-are\/about-us\/#breadcrumb","itemListElement":[{"@type":"ListItem","position":1,"name":"Home","item":"https:\/\/www.interpeace.org\/"},{"@type":"ListItem","position":2,"name":"Who We Are","item":"https:\/\/www.interpeace.org\/who-we-are\/"},{"@type":"ListItem","position":3,"name":"About Us"}]},{"@type":"WebSite","@id":"https:\/\/www.interpeace.org\/#website","url":"https:\/\/www.interpeace.org\/","name":"Interpeace","description":"Permettre aux gens de construire une paix durable depuis 1994","publisher":{"@id":"https:\/\/www.interpeace.org\/#organization"},"potentialAction":[{"@type":"SearchAction","target":{"@type":"EntryPoint","urlTemplate":"https:\/\/www.interpeace.org\/?s={search_term_string}"},"query-input":{"@type":"PropertyValueSpecification","valueRequired":true,"valueName":"search_term_string"}}],"inLanguage":"fr-FR"},{"@type":"Organization","@id":"https:\/\/www.interpeace.org\/#organization","name":"INTERPEACE","url":"https:\/\/www.interpeace.org\/","logo":{"@type":"ImageObject","inLanguage":"fr-FR","@id":"https:\/\/www.interpeace.org\/#\/schema\/logo\/image\/","url":"https:\/\/www.interpeace.org\/wp-content\/uploads\/2019\/11\/EN-Interpeace-small.png","contentUrl":"https:\/\/www.interpeace.org\/wp-content\/uploads\/2019\/11\/EN-Interpeace-small.png","width":111,"height":85,"caption":"INTERPEACE"},"image":{"@id":"https:\/\/www.interpeace.org\/#\/schema\/logo\/image\/"},"sameAs":["https:\/\/www.facebook.com\/Interpeace","https:\/\/x.com\/InterpeaceTweet","https:\/\/www.instagram.com\/interpeace\/"]}]}},"_links":{"self":[{"href":"https:\/\/www.interpeace.org\/fr\/wp-json\/wp\/v2\/pages\/152","targetHints":{"allow":["GET"]}}],"collection":[{"href":"https:\/\/www.interpeace.org\/fr\/wp-json\/wp\/v2\/pages"}],"about":[{"href":"https:\/\/www.interpeace.org\/fr\/wp-json\/wp\/v2\/types\/page"}],"author":[{"embeddable":true,"href":"https:\/\/www.interpeace.org\/fr\/wp-json\/wp\/v2\/users\/2"}],"replies":[{"embeddable":true,"href":"https:\/\/www.interpeace.org\/fr\/wp-json\/wp\/v2\/comments?post=152"}],"version-history":[{"count":0,"href":"https:\/\/www.interpeace.org\/fr\/wp-json\/wp\/v2\/pages\/152\/revisions"}],"up":[{"embeddable":true,"href":"https:\/\/www.interpeace.org\/fr\/wp-json\/wp\/v2\/pages\/3413"}],"wp:featuredmedia":[{"embeddable":true,"href":"https:\/\/www.interpeace.org\/fr\/wp-json\/wp\/v2\/media\/17472"}],"wp:attachment":[{"href":"https:\/\/www.interpeace.org\/fr\/wp-json\/wp\/v2\/media?parent=152"}],"wp:term":[{"taxonomy":"category","embeddable":true,"href":"https:\/\/www.interpeace.org\/fr\/wp-json\/wp\/v2\/categories?post=152"},{"taxonomy":"post_tag","embeddable":true,"href":"https:\/\/www.interpeace.org\/fr\/wp-json\/wp\/v2\/tags?post=152"}],"curies":[{"name":"wp","href":"https:\/\/api.w.org\/{rel}","templated":true}]}}