{"id":13435,"date":"2023-03-06T23:53:25","date_gmt":"2023-03-06T22:53:25","guid":{"rendered":"https:\/\/www.interpeace.org\/?page_id=13435"},"modified":"2025-02-17T10:32:57","modified_gmt":"2025-02-17T09:32:57","slug":"frameworks-for-assessing-resilience-far","status":"publish","type":"page","link":"https:\/\/www.interpeace.org\/fr\/frameworks-for-assessing-resilience-far\/","title":{"rendered":"Frameworks for Assessing Resilience (FAR)"},"content":{"rendered":"<p>Qu'est-ce qui rend les gens, les communaut\u00e9s et les soci\u00e9t\u00e9s r\u00e9silients et capables de r\u00e9agir de mani\u00e8re cr\u00e9ative et non violente aux conflits et aux crises ? Qu'est-ce qui constitue un progr\u00e8s sur la voie d'une plus grande r\u00e9silience pour les \u00c9tats et les soci\u00e9t\u00e9s, de mani\u00e8re \u00e0 construire une paix durable ? De quelle mani\u00e8re les gens eux-m\u00eames, dans ces soci\u00e9t\u00e9s touch\u00e9es par les conflits, comprennent-ils, d\u00e9finissent-ils et renforcent-ils la r\u00e9silience ? En 2014, Interpeace a lanc\u00e9 Frameworks for Assessing Resilience (FAR) un programme visant \u00e0 trouver des r\u00e9ponses \u00e0 ces questions.<\/p>\n<p>Frameworks for Assessing Resilience (FAR) \u00e9tait un programme de deux ans con\u00e7u pour mieux comprendre, traiter et \u00e9valuer les principales sources de fragilit\u00e9 et de r\u00e9silience dans les pays sujets aux conflits ou \u00e0 la violence. Interpeace estime que pour transformer le conflit, il est n\u00e9cessaire non seulement d'identifier ses causes, mais aussi de mieux comprendre les sources de r\u00e9silience existantes pour la consolidation de la paix dans les soci\u00e9t\u00e9s afin qu'elles puissent \u00eatre renforc\u00e9es.<\/p>\n<p>Based on Interpeace's belief that the local context and ownership must be the starting point for analysis and intervention, the FAR programme aimed to complement ongoing international efforts to measure progress in peacebuilding and statebuilding such as <a href=\"http:\/\/www.pbsbdialogue.org\/\" target=\"_blank\" rel=\"noopener noreferrer\">le Dialogue international sur la consolidation de la paix et le renforcement de l'\u00c9tat<\/a>Dans un environnement politique ax\u00e9 sur la fragilit\u00e9, le programme FAR s'est d\u00e9lib\u00e9r\u00e9ment concentr\u00e9 sur la r\u00e9silience. Il a explor\u00e9 les ressources qui existent d\u00e9j\u00e0 dans la soci\u00e9t\u00e9 et comment elles peuvent \u00eatre mises \u00e0 profit afin d'aborder et de pr\u00e9venir les conflits violents.<\/p>\n<p>Le programme FAR a combin\u00e9 une recherche participative multipartite dans les trois pays pilotes - Timor oriental, Guatemala et Liberia - avec un dialogue entre experts et praticiens au niveau mondial. Le programme visait \u00e0 favoriser les \u00e9changes dans lesquels l'exp\u00e9rience des praticiens sur le terrain \u00e9tait \u00e9clair\u00e9e par des bourses d'\u00e9tudes de pointeet o\u00f9 la pratique et l'exp\u00e9rience locales fa\u00e7onnent \u00e0 leur tour la r\u00e9flexion et les points d'entr\u00e9e dans les d\u00e9bats politiques mondiaux sur la r\u00e9silience et sur sa pertinence dans l'\u00e9valuation des progr\u00e8s en mati\u00e8re de consolidation de la paix. Le programme FAR a compar\u00e9 les facteurs de r\u00e9silience identifi\u00e9s dans les trois pays pilotes afin d'explorer les domaines dans lesquels ils sont uniques \u00e0 des contextes nationaux particuliers et ceux o\u00f9 ils peuvent \u00e9galement offrir des exp\u00e9riences et des analyses plus g\u00e9n\u00e9riques.<\/p>\n<p>Le programme FAR a \u00e9t\u00e9 lanc\u00e9 en 2014 au Timor oriental, au Guatemala et au Liberia. Il a analys\u00e9 et compar\u00e9 la mani\u00e8re dont les acteurs locaux comprennent la r\u00e9silience et \u00e9valuent sa pertinence afin de mesurer les progr\u00e8s vers une plus grande paix. Le programme a encourag\u00e9 le dialogue entre les praticiens nationaux et les universitaires internationaux, les praticiens experts et les sp\u00e9cialistes en politique.<\/p>\n<p>The FAR programme used a research approach that combines Interpeace's qualitative research process with national surveys (based on random sampling). Interpeace partnered with the <a href=\"http:\/\/hhi.harvard.edu\/\" target=\"_blank\" rel=\"noopener noreferrer\">Harvard Humanitarian Initiative<\/a> (HHI), implant\u00e9e \u00e0 l'Universit\u00e9 de Harvard aux \u00c9tats-Unis, pour concevoir et mettre en \u0153uvre ces enqu\u00eates nationales.<\/p>\n<p>The FAR programme intentionally selected three countries with different post-conflict contexts and sources of fragility. Each one of the three countries is located on a different continent and the time that has passed since violent conflict has ended varies. Liberia and Timor-Leste are both struggling with the relationship between statebuilding and peacebuilding. Guatemala has one of the highest homicide rates in the world and offers a completely distinct set of challenges. The programme was implemented by Interpeace's Regional Office for Latin America in Guatemala, and by Interpeace's partner organizations the Platform for Dialogue and Peace (P4DP) in Liberia, and the Centre of Studies for Peace and Development (CEPAD) in Timor-Leste.<\/p>\n<p>L'exp\u00e9rience de l'\u00e9valuation de la r\u00e9silience pour la paix dans trois pays pilotes, combin\u00e9e \u00e0 un dialogue expert-praticien sur la r\u00e9silience, ainsi qu'\u00e0 une vaste revue de la litt\u00e9rature et des pratiques a aliment\u00e9 l'\u00e9laboration d'un cadre et d'une note d'orientation sur l'\u00e9valuation de la r\u00e9silience pour la paix. Cette note d'orientation permet aux praticiens et aux d\u00e9cideurs politiques travaillant \u00e0 la consolidation de la paix et dans des domaines connexes d'int\u00e9grer une approche de la r\u00e9silience et, de fait, des \u00e9valuations de la r\u00e9silience dans leur travail.<\/p>\n<p>Lire le\u00a0<a href=\"http:\/\/interpeace.org\/wp-content\/uploads\/2016\/06\/2016-FAR-Guidace-note-Assesing-Resilience-for-Peace-v7.pdf\">note d'orientation afin d'\u00e9valuer la r\u00e9silience pour la paix<\/a><\/p>\n<p>Lire une\u00a0<a href=\"http:\/\/interpeace.org\/wp-content\/uploads\/2016\/06\/Practice_Brief-Resilience_and_Peacebuilding-A4-v3.pdf\">bref expos\u00e9<\/a>\u00a0qui refl\u00e8te ce que l'exp\u00e9rience du FAR nous a appris sur les sp\u00e9cificit\u00e9s de la r\u00e9silience en relation avec les conflits et la valeur ajout\u00e9e de l'utilisation d'une approche de r\u00e9silience pour la consolidation de la paix<\/p>\n<p>Lire une\u00a0<a href=\"http:\/\/interpeace.org\/wp-content\/uploads\/2016\/06\/2016-FAR-Brief-2-Resilience-and-the-SDGs.pdf\">note d'information<\/a>\u00a0sur la pertinence de la r\u00e9silience pour la paix dans la poursuite des Objectifs de d\u00e9veloppement durable de l'Agenda 2030.<\/p>\n<p><strong>En savoir plus sur les \u00e9tudes de cas sp\u00e9cifiques :<\/strong><\/p>\n<p>Lire le\u00a0<a href=\"http:\/\/interpeace.org\/wp-content\/uploads\/2015\/11\/2015_11_17_Liberia-Country-Note-2015.pdf\">rapport sur le Liberia<\/a><\/p>\n<p>Lire le\u00a0<a href=\"http:\/\/interpeace.org\/wp-content\/uploads\/2016\/05\/2016-FAR-Timor-Understanding-and-Strengthening-Resilience-for-Peace-v3....pdf\">rapport sur le Timor oriental<\/a><\/p>\n<p>Lire le\u00a0<a href=\"http:\/\/interpeace.org\/wp-content\/uploads\/2016\/05\/Timor_20160530.pdf\">rapport d'enqu\u00eate sur le Timor oriental<\/a><\/p>\n<p>Lire le\u00a0<a href=\"http:\/\/interpeace.org\/wp-content\/uploads\/2016\/05\/web_Frameworks-for-Assessing-Resilience-English-v4.pdf\">rapport sur le Guatemala<\/a><\/p>\n<p>Lire le\u00a0<a href=\"http:\/\/interpeace.org\/wp-content\/uploads\/2016\/06\/Guatemala_20160530.pdf\">rapport d'enqu\u00eate sur le Guatemala<\/a><\/p>\n<p>&nbsp;<\/p>","protected":false},"excerpt":{"rendered":"<p>What makes people, communities and societies resilient and able to respond creatively and non-violently to conflict and crisis? What constitutes progress on the path to greater resilience for both states and societies, in ways that build lasting peace? And how do people themselves in these conflict-affected societies, understand, define and build resilience? In 2014, Interpeace [&hellip;]<\/p>\n","protected":false},"author":1,"featured_media":13496,"parent":0,"menu_order":103,"comment_status":"closed","ping_status":"closed","template":"","meta":{"_acf_changed":false,"_editorskit_title_hidden":false,"_editorskit_reading_time":0,"_editorskit_is_block_options_detached":false,"_editorskit_block_options_position":"{}","editor_plus_copied_stylings":"{}","_exactmetrics_skip_tracking":false,"_exactmetrics_sitenote_active":false,"_exactmetrics_sitenote_note":"","_exactmetrics_sitenote_category":0,"footnotes":"","_links_to":"","_links_to_target":""},"categories":[],"tags":[],"class_list":["post-13435","page","type-page","status-publish","has-post-thumbnail","hentry"],"acf":[],"yoast_head":"<!-- This site is optimized with the Yoast SEO Premium plugin v27.2 (Yoast SEO v27.2) - https:\/\/yoast.com\/product\/yoast-seo-premium-wordpress\/ -->\n<title>Frameworks for Assessing Resilience (FAR) - Interpeace<\/title>\n<meta name=\"robots\" content=\"index, follow, max-snippet:-1, max-image-preview:large, max-video-preview:-1\" \/>\n<link rel=\"canonical\" href=\"https:\/\/www.interpeace.org\/fr\/frameworks-for-assessing-resilience-far\/\" \/>\n<meta property=\"og:locale\" content=\"fr_FR\" \/>\n<meta property=\"og:type\" content=\"article\" \/>\n<meta property=\"og:title\" content=\"Frameworks for Assessing Resilience (FAR)\" \/>\n<meta property=\"og:description\" content=\"What makes people, communities and societies resilient and able to respond creatively and non-violently to conflict and crisis? What constitutes progress on the path to greater resilience for both states and societies, in ways that build lasting peace? And how do people themselves in these conflict-affected societies, understand, define and build resilience? In 2014, Interpeace [&hellip;]\" \/>\n<meta property=\"og:url\" content=\"https:\/\/www.interpeace.org\/fr\/frameworks-for-assessing-resilience-far\/\" \/>\n<meta property=\"og:site_name\" content=\"Interpeace\" \/>\n<meta property=\"article:publisher\" content=\"https:\/\/www.facebook.com\/Interpeace\" \/>\n<meta property=\"article:modified_time\" content=\"2025-02-17T09:32:57+00:00\" \/>\n<meta property=\"og:image\" content=\"https:\/\/www.interpeace.org\/wp-content\/uploads\/2023\/03\/MicrosoftTeams-image-13.png\" \/>\n\t<meta property=\"og:image:width\" content=\"742\" \/>\n\t<meta property=\"og:image:height\" content=\"493\" \/>\n\t<meta property=\"og:image:type\" content=\"image\/png\" \/>\n<meta name=\"twitter:card\" content=\"summary_large_image\" \/>\n<meta name=\"twitter:site\" content=\"@InterpeaceTweet\" \/>\n<meta name=\"twitter:label1\" content=\"Dur\u00e9e de lecture estim\u00e9e\" \/>\n\t<meta name=\"twitter:data1\" content=\"4 minutes\" \/>\n<script type=\"application\/ld+json\" class=\"yoast-schema-graph\">{\"@context\":\"https:\/\/schema.org\",\"@graph\":[{\"@type\":\"WebPage\",\"@id\":\"https:\/\/www.interpeace.org\/frameworks-for-assessing-resilience-far\/\",\"url\":\"https:\/\/www.interpeace.org\/frameworks-for-assessing-resilience-far\/\",\"name\":\"Frameworks for Assessing Resilience (FAR) - Interpeace\",\"isPartOf\":{\"@id\":\"https:\/\/www.interpeace.org\/#website\"},\"primaryImageOfPage\":{\"@id\":\"https:\/\/www.interpeace.org\/frameworks-for-assessing-resilience-far\/#primaryimage\"},\"image\":{\"@id\":\"https:\/\/www.interpeace.org\/frameworks-for-assessing-resilience-far\/#primaryimage\"},\"thumbnailUrl\":\"https:\/\/www.interpeace.org\/wp-content\/uploads\/2023\/03\/MicrosoftTeams-image-13.png\",\"datePublished\":\"2023-03-06T22:53:25+00:00\",\"dateModified\":\"2025-02-17T09:32:57+00:00\",\"breadcrumb\":{\"@id\":\"https:\/\/www.interpeace.org\/frameworks-for-assessing-resilience-far\/#breadcrumb\"},\"inLanguage\":\"fr-FR\",\"potentialAction\":[{\"@type\":\"ReadAction\",\"target\":[\"https:\/\/www.interpeace.org\/frameworks-for-assessing-resilience-far\/\"]}]},{\"@type\":\"ImageObject\",\"inLanguage\":\"fr-FR\",\"@id\":\"https:\/\/www.interpeace.org\/frameworks-for-assessing-resilience-far\/#primaryimage\",\"url\":\"https:\/\/www.interpeace.org\/wp-content\/uploads\/2023\/03\/MicrosoftTeams-image-13.png\",\"contentUrl\":\"https:\/\/www.interpeace.org\/wp-content\/uploads\/2023\/03\/MicrosoftTeams-image-13.png\",\"width\":742,\"height\":493},{\"@type\":\"BreadcrumbList\",\"@id\":\"https:\/\/www.interpeace.org\/frameworks-for-assessing-resilience-far\/#breadcrumb\",\"itemListElement\":[{\"@type\":\"ListItem\",\"position\":1,\"name\":\"Home\",\"item\":\"https:\/\/www.interpeace.org\/\"},{\"@type\":\"ListItem\",\"position\":2,\"name\":\"Frameworks for Assessing Resilience (FAR)\"}]},{\"@type\":\"WebSite\",\"@id\":\"https:\/\/www.interpeace.org\/#website\",\"url\":\"https:\/\/www.interpeace.org\/\",\"name\":\"Interpeace\",\"description\":\"Enabling people to build lasting peace since 1994\",\"publisher\":{\"@id\":\"https:\/\/www.interpeace.org\/#organization\"},\"potentialAction\":[{\"@type\":\"SearchAction\",\"target\":{\"@type\":\"EntryPoint\",\"urlTemplate\":\"https:\/\/www.interpeace.org\/?s={search_term_string}\"},\"query-input\":{\"@type\":\"PropertyValueSpecification\",\"valueRequired\":true,\"valueName\":\"search_term_string\"}}],\"inLanguage\":\"fr-FR\"},{\"@type\":\"Organization\",\"@id\":\"https:\/\/www.interpeace.org\/#organization\",\"name\":\"INTERPEACE\",\"url\":\"https:\/\/www.interpeace.org\/\",\"logo\":{\"@type\":\"ImageObject\",\"inLanguage\":\"fr-FR\",\"@id\":\"https:\/\/www.interpeace.org\/#\/schema\/logo\/image\/\",\"url\":\"https:\/\/www.interpeace.org\/wp-content\/uploads\/2019\/11\/EN-Interpeace-small.png\",\"contentUrl\":\"https:\/\/www.interpeace.org\/wp-content\/uploads\/2019\/11\/EN-Interpeace-small.png\",\"width\":111,\"height\":85,\"caption\":\"INTERPEACE\"},\"image\":{\"@id\":\"https:\/\/www.interpeace.org\/#\/schema\/logo\/image\/\"},\"sameAs\":[\"https:\/\/www.facebook.com\/Interpeace\",\"https:\/\/x.com\/InterpeaceTweet\",\"https:\/\/www.instagram.com\/interpeace\/\"]}]}<\/script>\n<!-- \/ Yoast SEO Premium plugin. -->","yoast_head_json":{"title":"Frameworks for Assessing Resilience (FAR) - Interpeace","robots":{"index":"index","follow":"follow","max-snippet":"max-snippet:-1","max-image-preview":"max-image-preview:large","max-video-preview":"max-video-preview:-1"},"canonical":"https:\/\/www.interpeace.org\/fr\/frameworks-for-assessing-resilience-far\/","og_locale":"fr_FR","og_type":"article","og_title":"Frameworks for Assessing Resilience (FAR)","og_description":"What makes people, communities and societies resilient and able to respond creatively and non-violently to conflict and crisis? What constitutes progress on the path to greater resilience for both states and societies, in ways that build lasting peace? And how do people themselves in these conflict-affected societies, understand, define and build resilience? In 2014, Interpeace [&hellip;]","og_url":"https:\/\/www.interpeace.org\/fr\/frameworks-for-assessing-resilience-far\/","og_site_name":"Interpeace","article_publisher":"https:\/\/www.facebook.com\/Interpeace","article_modified_time":"2025-02-17T09:32:57+00:00","og_image":[{"width":742,"height":493,"url":"https:\/\/www.interpeace.org\/wp-content\/uploads\/2023\/03\/MicrosoftTeams-image-13.png","type":"image\/png"}],"twitter_card":"summary_large_image","twitter_site":"@InterpeaceTweet","twitter_misc":{"Dur\u00e9e de lecture estim\u00e9e":"4 minutes"},"schema":{"@context":"https:\/\/schema.org","@graph":[{"@type":"WebPage","@id":"https:\/\/www.interpeace.org\/frameworks-for-assessing-resilience-far\/","url":"https:\/\/www.interpeace.org\/frameworks-for-assessing-resilience-far\/","name":"Frameworks for Assessing Resilience (FAR) - Interpeace","isPartOf":{"@id":"https:\/\/www.interpeace.org\/#website"},"primaryImageOfPage":{"@id":"https:\/\/www.interpeace.org\/frameworks-for-assessing-resilience-far\/#primaryimage"},"image":{"@id":"https:\/\/www.interpeace.org\/frameworks-for-assessing-resilience-far\/#primaryimage"},"thumbnailUrl":"https:\/\/www.interpeace.org\/wp-content\/uploads\/2023\/03\/MicrosoftTeams-image-13.png","datePublished":"2023-03-06T22:53:25+00:00","dateModified":"2025-02-17T09:32:57+00:00","breadcrumb":{"@id":"https:\/\/www.interpeace.org\/frameworks-for-assessing-resilience-far\/#breadcrumb"},"inLanguage":"fr-FR","potentialAction":[{"@type":"ReadAction","target":["https:\/\/www.interpeace.org\/frameworks-for-assessing-resilience-far\/"]}]},{"@type":"ImageObject","inLanguage":"fr-FR","@id":"https:\/\/www.interpeace.org\/frameworks-for-assessing-resilience-far\/#primaryimage","url":"https:\/\/www.interpeace.org\/wp-content\/uploads\/2023\/03\/MicrosoftTeams-image-13.png","contentUrl":"https:\/\/www.interpeace.org\/wp-content\/uploads\/2023\/03\/MicrosoftTeams-image-13.png","width":742,"height":493},{"@type":"BreadcrumbList","@id":"https:\/\/www.interpeace.org\/frameworks-for-assessing-resilience-far\/#breadcrumb","itemListElement":[{"@type":"ListItem","position":1,"name":"Home","item":"https:\/\/www.interpeace.org\/"},{"@type":"ListItem","position":2,"name":"Frameworks for Assessing Resilience (FAR)"}]},{"@type":"WebSite","@id":"https:\/\/www.interpeace.org\/#website","url":"https:\/\/www.interpeace.org\/","name":"Interpeace","description":"Permettre aux gens de construire une paix durable depuis 1994","publisher":{"@id":"https:\/\/www.interpeace.org\/#organization"},"potentialAction":[{"@type":"SearchAction","target":{"@type":"EntryPoint","urlTemplate":"https:\/\/www.interpeace.org\/?s={search_term_string}"},"query-input":{"@type":"PropertyValueSpecification","valueRequired":true,"valueName":"search_term_string"}}],"inLanguage":"fr-FR"},{"@type":"Organization","@id":"https:\/\/www.interpeace.org\/#organization","name":"INTERPEACE","url":"https:\/\/www.interpeace.org\/","logo":{"@type":"ImageObject","inLanguage":"fr-FR","@id":"https:\/\/www.interpeace.org\/#\/schema\/logo\/image\/","url":"https:\/\/www.interpeace.org\/wp-content\/uploads\/2019\/11\/EN-Interpeace-small.png","contentUrl":"https:\/\/www.interpeace.org\/wp-content\/uploads\/2019\/11\/EN-Interpeace-small.png","width":111,"height":85,"caption":"INTERPEACE"},"image":{"@id":"https:\/\/www.interpeace.org\/#\/schema\/logo\/image\/"},"sameAs":["https:\/\/www.facebook.com\/Interpeace","https:\/\/x.com\/InterpeaceTweet","https:\/\/www.instagram.com\/interpeace\/"]}]}},"_links":{"self":[{"href":"https:\/\/www.interpeace.org\/fr\/wp-json\/wp\/v2\/pages\/13435","targetHints":{"allow":["GET"]}}],"collection":[{"href":"https:\/\/www.interpeace.org\/fr\/wp-json\/wp\/v2\/pages"}],"about":[{"href":"https:\/\/www.interpeace.org\/fr\/wp-json\/wp\/v2\/types\/page"}],"author":[{"embeddable":true,"href":"https:\/\/www.interpeace.org\/fr\/wp-json\/wp\/v2\/users\/1"}],"replies":[{"embeddable":true,"href":"https:\/\/www.interpeace.org\/fr\/wp-json\/wp\/v2\/comments?post=13435"}],"version-history":[{"count":0,"href":"https:\/\/www.interpeace.org\/fr\/wp-json\/wp\/v2\/pages\/13435\/revisions"}],"wp:featuredmedia":[{"embeddable":true,"href":"https:\/\/www.interpeace.org\/fr\/wp-json\/wp\/v2\/media\/13496"}],"wp:attachment":[{"href":"https:\/\/www.interpeace.org\/fr\/wp-json\/wp\/v2\/media?parent=13435"}],"wp:term":[{"taxonomy":"category","embeddable":true,"href":"https:\/\/www.interpeace.org\/fr\/wp-json\/wp\/v2\/categories?post=13435"},{"taxonomy":"post_tag","embeddable":true,"href":"https:\/\/www.interpeace.org\/fr\/wp-json\/wp\/v2\/tags?post=13435"}],"curies":[{"name":"wp","href":"https:\/\/api.w.org\/{rel}","templated":true}]}}