{"id":13,"date":"2011-06-30T12:51:46","date_gmt":"2011-06-30T10:51:46","guid":{"rendered":"http:\/\/www.interpeace.org\/2011\/06\/30\/governing-council\/"},"modified":"2024-02-06T23:48:11","modified_gmt":"2024-02-06T22:48:11","slug":"governing-board","status":"publish","type":"page","link":"https:\/\/www.interpeace.org\/fr\/who-we-are\/governance-and-leadership\/governing-board\/","title":{"rendered":"Conseil d'administration"},"content":{"rendered":"<p>Le Conseil d'administration d'Interpeace est l'organe d\u00e9cisionnel supr\u00eame de l'organisation et joue un r\u00f4le cl\u00e9 dans la d\u00e9finition de la strat\u00e9gie globale d'Interpeace. C'est l'autorit\u00e9 l\u00e9gale qui est responsable de l'organisation.<\/p>\n<p>Le Conseil d'administration est compos\u00e9 de personnalit\u00e9s \u00e9minentes des secteurs gouvernemental, international et des affaires. Deux si\u00e8ges sont r\u00e9serv\u00e9s au gouvernement h\u00f4te, la Suisse, et \u00e0 un repr\u00e9sentant d\u00e9sign\u00e9 par le secr\u00e9taire g\u00e9n\u00e9ral des Nations Unies.<\/p>","protected":false},"excerpt":{"rendered":"<p>The Interpeace Governing Board is the highest decision-making body of the organization and plays a key role in defining Interpeace\u2019s overall strategy. It is the legal authority that is responsible for the organization. The Governing Board is made up of prominent individuals from the government, international, and business sectors. There is also a seat for [&hellip;]<\/p>\n","protected":false},"author":1,"featured_media":0,"parent":3302,"menu_order":247,"comment_status":"open","ping_status":"closed","template":"","meta":{"_acf_changed":false,"_editorskit_title_hidden":false,"_editorskit_reading_time":0,"_editorskit_is_block_options_detached":false,"_editorskit_block_options_position":"{}","editor_plus_copied_stylings":"{}","_exactmetrics_skip_tracking":false,"_exactmetrics_sitenote_active":false,"_exactmetrics_sitenote_note":"","_exactmetrics_sitenote_category":0,"footnotes":"","_links_to":"","_links_to_target":""},"categories":[1],"tags":[],"class_list":["post-13","page","type-page","status-publish","hentry","category-uncategorized"],"acf":[],"yoast_head":"<!-- This site is optimized with the Yoast SEO Premium plugin v27.2 (Yoast SEO v27.2) - https:\/\/yoast.com\/product\/yoast-seo-premium-wordpress\/ -->\n<title>Governing Board - Interpeace<\/title>\n<meta name=\"robots\" content=\"index, follow, max-snippet:-1, max-image-preview:large, max-video-preview:-1\" \/>\n<link rel=\"canonical\" href=\"https:\/\/www.interpeace.org\/fr\/who-we-are\/governance-and-leadership\/governing-board\/\" \/>\n<meta property=\"og:locale\" content=\"fr_FR\" \/>\n<meta property=\"og:type\" content=\"article\" \/>\n<meta property=\"og:title\" content=\"Governing Board\" \/>\n<meta property=\"og:description\" content=\"The Interpeace Governing Board is the highest decision-making body of the organization and plays a key role in defining Interpeace\u2019s overall strategy. It is the legal authority that is responsible for the organization. The Governing Board is made up of prominent individuals from the government, international, and business sectors. There is also a seat for [&hellip;]\" \/>\n<meta property=\"og:url\" content=\"https:\/\/www.interpeace.org\/fr\/who-we-are\/governance-and-leadership\/governing-board\/\" \/>\n<meta property=\"og:site_name\" content=\"Interpeace\" \/>\n<meta property=\"article:publisher\" content=\"https:\/\/www.facebook.com\/Interpeace\" \/>\n<meta property=\"article:modified_time\" content=\"2024-02-06T22:48:11+00:00\" \/>\n<meta property=\"og:image\" content=\"https:\/\/www.interpeace.org\/wp-content\/uploads\/2021\/11\/LogoIPIvoox.png\" \/>\n\t<meta property=\"og:image:width\" content=\"568\" \/>\n\t<meta property=\"og:image:height\" content=\"464\" \/>\n\t<meta property=\"og:image:type\" content=\"image\/png\" \/>\n<meta name=\"twitter:card\" content=\"summary_large_image\" \/>\n<meta name=\"twitter:image\" content=\"https:\/\/www.interpeace.org\/wp-content\/uploads\/2021\/11\/LogoIPIvoox.png\" \/>\n<meta name=\"twitter:site\" content=\"@InterpeaceTweet\" \/>\n<meta name=\"twitter:label1\" content=\"Dur\u00e9e de lecture estim\u00e9e\" \/>\n\t<meta name=\"twitter:data1\" content=\"7 minutes\" \/>\n<script type=\"application\/ld+json\" class=\"yoast-schema-graph\">{\"@context\":\"https:\/\/schema.org\",\"@graph\":[{\"@type\":\"WebPage\",\"@id\":\"https:\/\/www.interpeace.org\/who-we-are\/governance-and-leadership\/governing-board\/\",\"url\":\"https:\/\/www.interpeace.org\/who-we-are\/governance-and-leadership\/governing-board\/\",\"name\":\"Governing Board - Interpeace\",\"isPartOf\":{\"@id\":\"https:\/\/www.interpeace.org\/#website\"},\"datePublished\":\"2011-06-30T10:51:46+00:00\",\"dateModified\":\"2024-02-06T22:48:11+00:00\",\"breadcrumb\":{\"@id\":\"https:\/\/www.interpeace.org\/who-we-are\/governance-and-leadership\/governing-board\/#breadcrumb\"},\"inLanguage\":\"fr-FR\",\"potentialAction\":[{\"@type\":\"ReadAction\",\"target\":[\"https:\/\/www.interpeace.org\/who-we-are\/governance-and-leadership\/governing-board\/\"]}]},{\"@type\":\"BreadcrumbList\",\"@id\":\"https:\/\/www.interpeace.org\/who-we-are\/governance-and-leadership\/governing-board\/#breadcrumb\",\"itemListElement\":[{\"@type\":\"ListItem\",\"position\":1,\"name\":\"Home\",\"item\":\"https:\/\/www.interpeace.org\/\"},{\"@type\":\"ListItem\",\"position\":2,\"name\":\"Who We Are\",\"item\":\"https:\/\/www.interpeace.org\/who-we-are\/\"},{\"@type\":\"ListItem\",\"position\":3,\"name\":\"Governance\",\"item\":\"https:\/\/www.interpeace.org\/who-we-are\/governance-and-leadership\/\"},{\"@type\":\"ListItem\",\"position\":4,\"name\":\"Governing Board\"}]},{\"@type\":\"WebSite\",\"@id\":\"https:\/\/www.interpeace.org\/#website\",\"url\":\"https:\/\/www.interpeace.org\/\",\"name\":\"Interpeace\",\"description\":\"Enabling people to build lasting peace since 1994\",\"publisher\":{\"@id\":\"https:\/\/www.interpeace.org\/#organization\"},\"potentialAction\":[{\"@type\":\"SearchAction\",\"target\":{\"@type\":\"EntryPoint\",\"urlTemplate\":\"https:\/\/www.interpeace.org\/?s={search_term_string}\"},\"query-input\":{\"@type\":\"PropertyValueSpecification\",\"valueRequired\":true,\"valueName\":\"search_term_string\"}}],\"inLanguage\":\"fr-FR\"},{\"@type\":\"Organization\",\"@id\":\"https:\/\/www.interpeace.org\/#organization\",\"name\":\"INTERPEACE\",\"url\":\"https:\/\/www.interpeace.org\/\",\"logo\":{\"@type\":\"ImageObject\",\"inLanguage\":\"fr-FR\",\"@id\":\"https:\/\/www.interpeace.org\/#\/schema\/logo\/image\/\",\"url\":\"https:\/\/www.interpeace.org\/wp-content\/uploads\/2019\/11\/EN-Interpeace-small.png\",\"contentUrl\":\"https:\/\/www.interpeace.org\/wp-content\/uploads\/2019\/11\/EN-Interpeace-small.png\",\"width\":111,\"height\":85,\"caption\":\"INTERPEACE\"},\"image\":{\"@id\":\"https:\/\/www.interpeace.org\/#\/schema\/logo\/image\/\"},\"sameAs\":[\"https:\/\/www.facebook.com\/Interpeace\",\"https:\/\/x.com\/InterpeaceTweet\",\"https:\/\/www.instagram.com\/interpeace\/\"]}]}<\/script>\n<!-- \/ Yoast SEO Premium plugin. -->","yoast_head_json":{"title":"Governing Board - Interpeace","robots":{"index":"index","follow":"follow","max-snippet":"max-snippet:-1","max-image-preview":"max-image-preview:large","max-video-preview":"max-video-preview:-1"},"canonical":"https:\/\/www.interpeace.org\/fr\/who-we-are\/governance-and-leadership\/governing-board\/","og_locale":"fr_FR","og_type":"article","og_title":"Governing Board","og_description":"The Interpeace Governing Board is the highest decision-making body of the organization and plays a key role in defining Interpeace\u2019s overall strategy. It is the legal authority that is responsible for the organization. The Governing Board is made up of prominent individuals from the government, international, and business sectors. There is also a seat for [&hellip;]","og_url":"https:\/\/www.interpeace.org\/fr\/who-we-are\/governance-and-leadership\/governing-board\/","og_site_name":"Interpeace","article_publisher":"https:\/\/www.facebook.com\/Interpeace","article_modified_time":"2024-02-06T22:48:11+00:00","og_image":[{"width":568,"height":464,"url":"https:\/\/www.interpeace.org\/wp-content\/uploads\/2021\/11\/LogoIPIvoox.png","type":"image\/png"}],"twitter_card":"summary_large_image","twitter_image":"https:\/\/www.interpeace.org\/wp-content\/uploads\/2021\/11\/LogoIPIvoox.png","twitter_site":"@InterpeaceTweet","twitter_misc":{"Dur\u00e9e de lecture estim\u00e9e":"7 minutes"},"schema":{"@context":"https:\/\/schema.org","@graph":[{"@type":"WebPage","@id":"https:\/\/www.interpeace.org\/who-we-are\/governance-and-leadership\/governing-board\/","url":"https:\/\/www.interpeace.org\/who-we-are\/governance-and-leadership\/governing-board\/","name":"Governing Board - Interpeace","isPartOf":{"@id":"https:\/\/www.interpeace.org\/#website"},"datePublished":"2011-06-30T10:51:46+00:00","dateModified":"2024-02-06T22:48:11+00:00","breadcrumb":{"@id":"https:\/\/www.interpeace.org\/who-we-are\/governance-and-leadership\/governing-board\/#breadcrumb"},"inLanguage":"fr-FR","potentialAction":[{"@type":"ReadAction","target":["https:\/\/www.interpeace.org\/who-we-are\/governance-and-leadership\/governing-board\/"]}]},{"@type":"BreadcrumbList","@id":"https:\/\/www.interpeace.org\/who-we-are\/governance-and-leadership\/governing-board\/#breadcrumb","itemListElement":[{"@type":"ListItem","position":1,"name":"Home","item":"https:\/\/www.interpeace.org\/"},{"@type":"ListItem","position":2,"name":"Who We Are","item":"https:\/\/www.interpeace.org\/who-we-are\/"},{"@type":"ListItem","position":3,"name":"Governance","item":"https:\/\/www.interpeace.org\/who-we-are\/governance-and-leadership\/"},{"@type":"ListItem","position":4,"name":"Governing Board"}]},{"@type":"WebSite","@id":"https:\/\/www.interpeace.org\/#website","url":"https:\/\/www.interpeace.org\/","name":"Interpeace","description":"Permettre aux gens de construire une paix durable depuis 1994","publisher":{"@id":"https:\/\/www.interpeace.org\/#organization"},"potentialAction":[{"@type":"SearchAction","target":{"@type":"EntryPoint","urlTemplate":"https:\/\/www.interpeace.org\/?s={search_term_string}"},"query-input":{"@type":"PropertyValueSpecification","valueRequired":true,"valueName":"search_term_string"}}],"inLanguage":"fr-FR"},{"@type":"Organization","@id":"https:\/\/www.interpeace.org\/#organization","name":"INTERPEACE","url":"https:\/\/www.interpeace.org\/","logo":{"@type":"ImageObject","inLanguage":"fr-FR","@id":"https:\/\/www.interpeace.org\/#\/schema\/logo\/image\/","url":"https:\/\/www.interpeace.org\/wp-content\/uploads\/2019\/11\/EN-Interpeace-small.png","contentUrl":"https:\/\/www.interpeace.org\/wp-content\/uploads\/2019\/11\/EN-Interpeace-small.png","width":111,"height":85,"caption":"INTERPEACE"},"image":{"@id":"https:\/\/www.interpeace.org\/#\/schema\/logo\/image\/"},"sameAs":["https:\/\/www.facebook.com\/Interpeace","https:\/\/x.com\/InterpeaceTweet","https:\/\/www.instagram.com\/interpeace\/"]}]}},"_links":{"self":[{"href":"https:\/\/www.interpeace.org\/fr\/wp-json\/wp\/v2\/pages\/13","targetHints":{"allow":["GET"]}}],"collection":[{"href":"https:\/\/www.interpeace.org\/fr\/wp-json\/wp\/v2\/pages"}],"about":[{"href":"https:\/\/www.interpeace.org\/fr\/wp-json\/wp\/v2\/types\/page"}],"author":[{"embeddable":true,"href":"https:\/\/www.interpeace.org\/fr\/wp-json\/wp\/v2\/users\/1"}],"replies":[{"embeddable":true,"href":"https:\/\/www.interpeace.org\/fr\/wp-json\/wp\/v2\/comments?post=13"}],"version-history":[{"count":0,"href":"https:\/\/www.interpeace.org\/fr\/wp-json\/wp\/v2\/pages\/13\/revisions"}],"up":[{"embeddable":true,"href":"https:\/\/www.interpeace.org\/fr\/wp-json\/wp\/v2\/pages\/3302"}],"wp:attachment":[{"href":"https:\/\/www.interpeace.org\/fr\/wp-json\/wp\/v2\/media?parent=13"}],"wp:term":[{"taxonomy":"category","embeddable":true,"href":"https:\/\/www.interpeace.org\/fr\/wp-json\/wp\/v2\/categories?post=13"},{"taxonomy":"post_tag","embeddable":true,"href":"https:\/\/www.interpeace.org\/fr\/wp-json\/wp\/v2\/tags?post=13"}],"curies":[{"name":"wp","href":"https:\/\/api.w.org\/{rel}","templated":true}]}}